{"id":4585,"date":"2026-02-19T11:20:19","date_gmt":"2026-02-19T11:20:19","guid":{"rendered":"https:\/\/www.artemrede.pt\/?page_id=4585"},"modified":"2026-02-19T11:21:10","modified_gmt":"2026-02-19T11:21:10","slug":"boba-corte-convocatoria","status":"publish","type":"page","link":"https:\/\/www.artemrede.pt\/pt_pt\/boba-corte-convocatoria\/","title":{"rendered":"BOBA DA CORTE | CONVOCAT\u00d3RIA"},"content":{"rendered":"\n\n\t<div class=\"caldera-grid\" id=\"caldera_form_1\" data-cf-ver=\"1.9.4\" data-cf-form-id=\"CF6995f53bd969e\"><div id=\"caldera_notices_1\" data-spinner=\"https:\/\/www.artemrede.pt\/wp-admin\/images\/spinner.gif\"><\/div><form data-instance=\"1\" class=\"CF6995f53bd969e caldera_forms_form cfajax-trigger\" method=\"POST\" enctype=\"multipart\/form-data\" id=\"CF6995f53bd969e_1\" data-form-id=\"CF6995f53bd969e\" aria-label=\"BOBA DA CORTE | CONVOCAT&Oacute;RIA\" data-target=\"#caldera_notices_1\" data-template=\"#cfajax_CF6995f53bd969e-tmpl\" data-cfajax=\"CF6995f53bd969e\" data-load-element=\"_parent\" data-load-class=\"cf_processing\" data-post-disable=\"0\" data-action=\"cf_process_ajax_submit\" data-request=\"https:\/\/www.artemrede.pt\/pt_pt\/cf-api\/CF6995f53bd969e\" data-hiderows=\"true\">\r\n<input type=\"hidden\" id=\"_cf_verify_CF6995f53bd969e\" name=\"_cf_verify\" value=\"0d1f58e65c\"  data-nonce-time=\"1776414784\" \/><input type=\"hidden\" name=\"_wp_http_referer\" value=\"\/pt_pt\/wp-json\/wp\/v2\/pages\/4585\" \/><div id=\"cf2-CF6995f53bd969e_1\"><\/div><input type=\"hidden\" name=\"_cf_frm_id\" value=\"CF6995f53bd969e\">\r\n<input type=\"hidden\" name=\"_cf_frm_ct\" value=\"1\">\r\n<input type=\"hidden\" name=\"cfajax\" value=\"CF6995f53bd969e\">\r\n<input type=\"hidden\" name=\"_cf_cr_pst\" value=\"4585\">\r\n<div class=\"hide\" style=\"display:none; overflow:hidden;height:0;width:0;\">\r\n<label>Web Site<\/label><input type=\"text\" name=\"web_site\" value=\"\" autocomplete=\"off\">\r\n<\/div><div id=\"CF6995f53bd969e_1-row-1\"  class=\"row  first_row\"><div  class=\"col-sm-12  single\"><div class=\"\"><h2>Sim, quero participar no programa de mentoria de cria\u00e7\u00e3o com a Gaya de Medeiros!<\/h2>\n<\/p>\n<hr>\n<\/div><div data-field-wrapper=\"fld_3601947\" class=\"form-group\" id=\"fld_3601947_1-wrap\">\r\n<label id=\"fld_3601947Label\" for=\"fld_3601947_1\" class=\"control-label\">Territorio para o qual se inscreve, onde decorrer\u00e1 a atividade <span aria-hidden=\"true\" role=\"presentation\" class=\"field_required\" style=\"color:#ee0000;\">*<\/span><\/label>\r\n<div class=\"\">\r\n\t\t\t\t\t<div class=\"radio\">\n\t\t\t\t<label data-label=\"Alcanena\" for=\"fld_3601947_1_opt1781609\"><input type=\"radio\" id=\"fld_3601947_1_opt1781609\" data-field=\"fld_3601947\" class=\"fld_3601947_1 option-required\" name=\"fld_3601947\" value=\"Alcanena\"   required=\"required\" data-radio-field=\"fld_3601947_1\" data-type=\"radio\" data-calc-value=\"Alcanena\" \/>\n\t\t\tAlcanena\t\t<\/label>\n\t\t\t\t\t<\/div>\n\t\t\t\t\t\t\t\t\t<div class=\"radio\">\n\t\t\t\t<label data-label=\"Almada\" for=\"fld_3601947_1_opt1769560\"><input type=\"radio\" id=\"fld_3601947_1_opt1769560\" data-field=\"fld_3601947\" class=\"fld_3601947_1 option-required\" name=\"fld_3601947\" value=\"Almada\"   required=\"required\" data-radio-field=\"fld_3601947_1\" data-type=\"radio\" data-calc-value=\"Almada\" \/>\n\t\t\tAlmada\t\t<\/label>\n\t\t\t\t\t<\/div>\n\t\t\t\t\t\t\t\t\t<div class=\"radio\">\n\t\t\t\t<label data-label=\"Barreiro\" for=\"fld_3601947_1_opt1677622\"><input type=\"radio\" id=\"fld_3601947_1_opt1677622\" data-field=\"fld_3601947\" class=\"fld_3601947_1 option-required\" name=\"fld_3601947\" value=\"Barreiro\"   required=\"required\" data-radio-field=\"fld_3601947_1\" data-type=\"radio\" data-calc-value=\"Barreiro\" \/>\n\t\t\tBarreiro\t\t<\/label>\n\t\t\t\t\t<\/div>\n\t\t\t\t\t\t\t\t\t<div class=\"radio\">\n\t\t\t\t<label data-label=\"Palmela\" for=\"fld_3601947_1_opt1789409\"><input type=\"radio\" id=\"fld_3601947_1_opt1789409\" data-field=\"fld_3601947\" class=\"fld_3601947_1 option-required\" name=\"fld_3601947\" value=\"Palmela\"   required=\"required\" data-radio-field=\"fld_3601947_1\" data-type=\"radio\" data-calc-value=\"Palmela\" \/>\n\t\t\tPalmela\t\t<\/label>\n\t\t\t\t\t<\/div>\n\t\t\t\t\t\t\t\t\t<div class=\"radio\">\n\t\t\t\t<label data-label=\"Santar\u00e9m\" for=\"fld_3601947_1_opt1914917\"><input type=\"radio\" id=\"fld_3601947_1_opt1914917\" data-field=\"fld_3601947\" class=\"fld_3601947_1 option-required\" name=\"fld_3601947\" value=\"Santar\u00e9m\"   required=\"required\" data-radio-field=\"fld_3601947_1\" data-type=\"radio\" data-calc-value=\"Santar\u00e9m\" \/>\n\t\t\tSantar\u00e9m\t\t<\/label>\n\t\t\t\t\t<\/div>\n\t\t\t\t<\/div>\r\n<\/div>\r\n<div data-field-wrapper=\"fld_4765156\" class=\"form-group\" id=\"fld_4765156_1-wrap\">\r\n\t<label id=\"fld_4765156Label\" for=\"fld_4765156_1\" class=\"control-label\">Qual a sua rela\u00e7\u00e3o com o territ\u00f3rio para o qual se inscreve? <span aria-hidden=\"true\" role=\"presentation\" class=\"field_required\" style=\"color:#ee0000;\">*<\/span><\/label>\r\n\t<div class=\"\">\r\n\t\t<textarea name=\"fld_4765156\" value=\"\" data-field=\"fld_4765156\" class=\"form-control\" id=\"fld_4765156_1\" rows=\"4\"  required=\"required\"  aria-labelledby=\"fld_4765156Label\" aria-describedby=\"fld_4765156Caption\" ><\/textarea>\n\t\t<span id=\"fld_4765156Caption\" class=\"help-block\">(e.g., \u00e9 natural do concelho, residente no concelho, desenvolve atividade art\u00edstica\/profissional no concelho, outros) <\/span>\r\n\t<\/div>\r\n<\/div>\r\n<\/div><\/div><div id=\"CF6995f53bd969e_1-row-2\"  class=\"row \"><div  class=\"col-sm-8  first_col\"><div data-field-wrapper=\"fld_8768091\" class=\"form-group\" id=\"fld_8768091_1-wrap\">\r\n\t<label id=\"fld_8768091Label\" for=\"fld_8768091_1\" class=\"control-label\">Nome Completo <span aria-hidden=\"true\" role=\"presentation\" class=\"field_required\" style=\"color:#ee0000;\">*<\/span><\/label>\r\n\t<div class=\"\">\r\n\t\t<input   required type=\"text\" data-field=\"fld_8768091\" class=\" form-control\" id=\"fld_8768091_1\" name=\"fld_8768091\" value=\"\" data-type=\"text\" aria-required=\"true\"   aria-labelledby=\"fld_8768091Label\" >\t\t\t<\/div>\r\n<\/div>\r\n<div data-field-wrapper=\"fld_3983941\" class=\"form-group\" id=\"fld_3983941_1-wrap\">\r\n\t<label id=\"fld_3983941Label\" for=\"fld_3983941_1\" class=\"control-label\">Morada <span aria-hidden=\"true\" role=\"presentation\" class=\"field_required\" style=\"color:#ee0000;\">*<\/span><\/label>\r\n\t<div class=\"\">\r\n\t\t<input   required type=\"text\" data-field=\"fld_3983941\" class=\" form-control\" id=\"fld_3983941_1\" name=\"fld_3983941\" value=\"\" data-type=\"text\" aria-required=\"true\"   aria-labelledby=\"fld_3983941Label\" >\t\t\t<\/div>\r\n<\/div>\r\n<div data-field-wrapper=\"fld_9493212\" class=\"form-group\" id=\"fld_9493212_1-wrap\">\r\n\t<label id=\"fld_9493212Label\" for=\"fld_9493212_1\" class=\"control-label\">C\u00f3digo Postal <span aria-hidden=\"true\" role=\"presentation\" class=\"field_required\" style=\"color:#ee0000;\">*<\/span><\/label>\r\n\t<div class=\"\">\r\n\t\t<input   required type=\"text\" data-field=\"fld_9493212\" class=\" form-control\" id=\"fld_9493212_1\" name=\"fld_9493212\" value=\"\" data-type=\"text\" aria-required=\"true\"   aria-labelledby=\"fld_9493212Label\" >\t\t\t<\/div>\r\n<\/div>\r\n<div data-field-wrapper=\"fld_4757422\" class=\"form-group\" id=\"fld_4757422_1-wrap\">\r\n\t<label id=\"fld_4757422Label\" for=\"fld_4757422_1\" class=\"control-label\">Localidade <span aria-hidden=\"true\" role=\"presentation\" class=\"field_required\" style=\"color:#ee0000;\">*<\/span><\/label>\r\n\t<div class=\"\">\r\n\t\t<input   required type=\"text\" data-field=\"fld_4757422\" class=\" form-control\" id=\"fld_4757422_1\" name=\"fld_4757422\" value=\"\" data-type=\"text\" aria-required=\"true\"   aria-labelledby=\"fld_4757422Label\" >\t\t\t<\/div>\r\n<\/div>\r\n<\/div><div  class=\"col-sm-4  last_col\"><div data-field-wrapper=\"fld_1011248\" class=\"form-group\" id=\"fld_1011248_1-wrap\">\r\n\t<label id=\"fld_1011248Label\" for=\"fld_1011248_1\" class=\"control-label\">Idade <span aria-hidden=\"true\" role=\"presentation\" class=\"field_required\" style=\"color:#ee0000;\">*<\/span><\/label>\r\n\t<div class=\"\">\r\n\t\t<input   required type=\"number\" data-field=\"fld_1011248\" class=\" form-control\" id=\"fld_1011248_1\" name=\"fld_1011248\" value=\"\" data-type=\"number\" data-parsley-type=\"number\" aria-required=\"true\"   aria-labelledby=\"fld_1011248Label\" aria-describedby=\"fld_1011248Caption\" >\t\t<span id=\"fld_1011248Caption\" class=\"help-block\">Convocat\u00f3ria destinada a maiores de 18 anos<\/span>\r\n\t<\/div>\r\n<\/div>\r\n<div data-field-wrapper=\"fld_3861498\" class=\"form-group\" id=\"fld_3861498_1-wrap\">\r\n\t<label id=\"fld_3861498Label\" for=\"fld_3861498_1\" class=\"control-label\">Contacto telef\u00f3nico <span aria-hidden=\"true\" role=\"presentation\" class=\"field_required\" style=\"color:#ee0000;\">*<\/span><\/label>\r\n\t<div class=\"\">\r\n\t\t<input  data-inputmask=\"'mask': '999 999 999'\"  required type=\"phone\" data-field=\"fld_3861498\" class=\" form-control\" id=\"fld_3861498_1\" name=\"fld_3861498\" value=\"\" data-type=\"phone\" aria-required=\"true\"   aria-labelledby=\"fld_3861498Label\" >\t\t\t<\/div>\r\n<\/div>\r\n<div data-field-wrapper=\"fld_6009157\" class=\"form-group\" id=\"fld_6009157_1-wrap\">\r\n\t<label id=\"fld_6009157Label\" for=\"fld_6009157_1\" class=\"control-label\">Endere\u00e7o de e-mail <span aria-hidden=\"true\" role=\"presentation\" class=\"field_required\" style=\"color:#ee0000;\">*<\/span><\/label>\r\n\t<div class=\"\">\r\n\t\t<input   required type=\"email\" data-field=\"fld_6009157\" class=\" form-control\" id=\"fld_6009157_1\" name=\"fld_6009157\" value=\"\" data-type=\"email\" aria-required=\"true\"   aria-labelledby=\"fld_6009157Label\" >\t\t\t<\/div>\r\n<\/div>\r\n<hr id=\"fld_7128970_1\" class=\"\" style=\"width: 100%\" \/><\/div><\/div><div id=\"CF6995f53bd969e_1-row-3\"  class=\"row \"><div  class=\"col-sm-12  single\"><div data-field-wrapper=\"fld_7238527\" class=\"form-group\" id=\"fld_7238527_1-wrap\">\r\n\t<label id=\"fld_7238527Label\" for=\"fld_7238527_1\" class=\"control-label\">O que motiva a candidatar-se? <span aria-hidden=\"true\" role=\"presentation\" class=\"field_required\" style=\"color:#ee0000;\">*<\/span><\/label>\r\n\t<div class=\"\">\r\n\t\t<input   required type=\"text\" data-field=\"fld_7238527\" class=\" form-control\" id=\"fld_7238527_1\" name=\"fld_7238527\" value=\"\" data-type=\"text\" aria-required=\"true\"   aria-labelledby=\"fld_7238527Label\" >\t\t\t<\/div>\r\n<\/div>\r\n<div id=\"cf2-fld_3659735_1\" class=\"cf2-field-wrapper\" data-field-id=\"fld_3659735_1\"><\/div><hr id=\"fld_8222088_1\" class=\"\" style=\"width: 100%\" \/><\/div><\/div><div id=\"CF6995f53bd969e_1-row-4\"  class=\"row \"><div  class=\"col-sm-12  single\"><div class=\"\"><h2>Muito obrigada! <\/h2>\n<p>Contactaremos para confirmar a tua inscri\u00e7\u00e3o!<\/p>\n<p>\nA equipa do projeto reserva-se a possibilidade de abordar quest\u00f5es adicionais em entrevista, complementar ao formul\u00e1rio entregue.<\/p>\n<p>\nPara qualquer quest\u00e3o no contexto da iniciativa estamos dispon\u00edveis atrav\u00e9s do e-mail claudia.hortencio@artemrede.pt<\/p>\n<p>\u2042 Pol\u00edtica de Privacidade: saiba como ser\u00e3o utilizados e armazenados os seus dados em https:\/\/www.artemrede.pt\/pt_pt\/politica-de-privacidade\/<\/p>\n<hr>\n<\/div><\/div><\/div><div id=\"CF6995f53bd969e_1-row-5\"  class=\"row  last_row\"><div  class=\"col-sm-12  single\"><div data-field-wrapper=\"fld_4382124\" class=\"form-group\" id=\"fld_4382124_1-wrap\">\r\n<div class=\"\">\r\n\t<input  class=\"btn btn-default\" type=\"submit\" name=\"fld_4382124\" id=\"fld_4382124_1\" value=\"SUBMETER\" data-field=\"fld_4382124\"  >\n<\/div>\r\n<\/div>\r\n\t<input class=\"button_trigger_1\" type=\"hidden\" name=\"fld_4382124\" id=\"fld_4382124_1_btn\" value=\"\" data-field=\"fld_4382124\"  \/>\n<\/div><\/div><\/form>\r\n<\/div>\r\n\n\n","protected":false},"excerpt":{"rendered":"<div class=\"entry-summary\">\n<div class=\"entry-summary\">\nOportunidade de mentoria de cria\u00e7\u00e3o com a Gaya de Medeiros &#8211; inscreva-se!\n<\/div>\n<div class=\"link-more\"><a href=\"https:\/\/www.artemrede.pt\/pt_pt\/boba-corte-convocatoria\/\" class=\"more-link\">Continuar a ler<span class=\"screen-reader-text\"> &ldquo;BOBA DA CORTE | CONVOCAT\u00d3RIA&rdquo;<\/span>&hellip;<\/a><\/div>\n<\/div>\n<div class=\"link-more\"><a href=\"https:\/\/www.artemrede.pt\/pt_pt\/boba-corte-convocatoria\/\" class=\"more-link\">Continuar a ler<span class=\"screen-reader-text\"> &ldquo;BOBA DA CORTE | CONVOCAT\u00d3RIA&rdquo;<\/span>&hellip;<\/a><\/div>\n","protected":false},"author":3,"featured_media":4586,"parent":0,"menu_order":0,"comment_status":"closed","ping_status":"closed","template":"","meta":{"om_disable_all_campaigns":false,"_monsterinsights_skip_tracking":false,"_monsterinsights_sitenote_active":false,"_monsterinsights_sitenote_note":"","_monsterinsights_sitenote_category":0,"footnotes":""},"class_list":["post-4585","page","type-page","status-publish","has-post-thumbnail","hentry","entry"],"aioseo_notices":[],"uagb_featured_image_src":{"full":["https:\/\/www.artemrede.pt\/wp-content\/uploads\/2026\/02\/20210425_1710062-scaled.jpg",2560,1593,false],"thumbnail":["https:\/\/www.artemrede.pt\/wp-content\/uploads\/2026\/02\/20210425_1710062-480x270.jpg",480,270,true],"medium":["https:\/\/www.artemrede.pt\/wp-content\/uploads\/2026\/02\/20210425_1710062-744x463.jpg",744,463,true],"medium_large":["https:\/\/www.artemrede.pt\/wp-content\/uploads\/2026\/02\/20210425_1710062-1200x747.jpg",1200,747,true],"large":["https:\/\/www.artemrede.pt\/wp-content\/uploads\/2026\/02\/20210425_1710062-1200x747.jpg",1200,747,true],"1536x1536":["https:\/\/www.artemrede.pt\/wp-content\/uploads\/2026\/02\/20210425_1710062-1536x956.jpg",1536,956,true],"2048x2048":["https:\/\/www.artemrede.pt\/wp-content\/uploads\/2026\/02\/20210425_1710062-2048x1274.jpg",2048,1274,true],"trp-custom-language-flag":["https:\/\/www.artemrede.pt\/wp-content\/uploads\/2026\/02\/20210425_1710062-18x12.jpg",18,12,true],"icelander-thumbnail":["https:\/\/www.artemrede.pt\/wp-content\/uploads\/2026\/02\/20210425_1710062-744x372.jpg",744,372,true],"icelander-square":["https:\/\/www.artemrede.pt\/wp-content\/uploads\/2026\/02\/20210425_1710062-448x448.jpg",448,448,true],"icelander-intro":["https:\/\/www.artemrede.pt\/wp-content\/uploads\/2026\/02\/20210425_1710062-1920x1080.jpg",1920,1080,true]},"uagb_author_info":{"display_name":"In\u00eas Arromba","author_link":"https:\/\/www.artemrede.pt\/pt_pt\/author\/artred_arromba\/"},"uagb_comment_info":0,"uagb_excerpt":"Oportunidade de mentoria de cria\u00e7\u00e3o com a Gaya de Medeiros - inscreva-se! Continuar a ler &ldquo;BOBA DA CORTE | CONVOCAT\u00d3RIA&rdquo;&hellip;","_links":{"self":[{"href":"https:\/\/www.artemrede.pt\/pt_pt\/wp-json\/wp\/v2\/pages\/4585","targetHints":{"allow":["GET"]}}],"collection":[{"href":"https:\/\/www.artemrede.pt\/pt_pt\/wp-json\/wp\/v2\/pages"}],"about":[{"href":"https:\/\/www.artemrede.pt\/pt_pt\/wp-json\/wp\/v2\/types\/page"}],"author":[{"embeddable":true,"href":"https:\/\/www.artemrede.pt\/pt_pt\/wp-json\/wp\/v2\/users\/3"}],"replies":[{"embeddable":true,"href":"https:\/\/www.artemrede.pt\/pt_pt\/wp-json\/wp\/v2\/comments?post=4585"}],"version-history":[{"count":2,"href":"https:\/\/www.artemrede.pt\/pt_pt\/wp-json\/wp\/v2\/pages\/4585\/revisions"}],"predecessor-version":[{"id":4589,"href":"https:\/\/www.artemrede.pt\/pt_pt\/wp-json\/wp\/v2\/pages\/4585\/revisions\/4589"}],"wp:featuredmedia":[{"embeddable":true,"href":"https:\/\/www.artemrede.pt\/pt_pt\/wp-json\/wp\/v2\/media\/4586"}],"wp:attachment":[{"href":"https:\/\/www.artemrede.pt\/pt_pt\/wp-json\/wp\/v2\/media?parent=4585"}],"curies":[{"name":"wp","href":"https:\/\/api.w.org\/{rel}","templated":true}]}}