{"id":4442,"date":"2025-09-18T16:25:11","date_gmt":"2025-09-18T16:25:11","guid":{"rendered":"https:\/\/www.artemrede.pt\/?page_id=4442"},"modified":"2025-09-24T12:16:33","modified_gmt":"2025-09-24T12:16:33","slug":"que-futuros-criamos-juntos","status":"publish","type":"page","link":"https:\/\/www.artemrede.pt\/pt_pt\/que-futuros-criamos-juntos\/","title":{"rendered":"Que Futuros Criamos Juntos?"},"content":{"rendered":"\n\n\t<h3>Criar, ver e programar, agora e aqui, s\u00e3o atos pol\u00edticos. O novo programa art\u00edstico da Artemrede refor\u00e7a esse espa\u00e7o de participa\u00e7\u00e3o com sete coprodu\u00e7\u00f5es nacionais, que estiveram em desenvolvimento durante dois anos, envolvendo comunidades e territ\u00f3rios. <br \/>\nA mostra <em>Que Futuros Criamos Juntos?<\/em> \u00e9 o culminar desse processo, dando palco a cria\u00e7\u00f5es de David Marques, Costanza Givone, Andresa Soares, Baileia e Mente de C\u00e3o, Fernando Nogueira, Marta Carreiras e Martim Rodrigues e Lobby Teatro. A estes junta-se um espet\u00e1culo internacional convidado, da companhia Collective Studio 6. <br \/>\nTeatro, dan\u00e7a e performance, para ver e viver em Sesimbra, Tomar, Torres Vedras, Lisboa, Sobral de Monte Agra\u00e7o, Alcoba\u00e7a, Almada, Santar\u00e9m, Moita, Palmela, Oeiras, Montijo, Alcanena e Barreiro. <\/h3>\n<p>ARTEMREDE \u00e9 um projeto de coopera\u00e7\u00e3o cultural dedicado \u00e0 cria\u00e7\u00e3o art\u00edstica, participa\u00e7\u00e3o, capacita\u00e7\u00e3o, e desenvolvimento de territ\u00f3rios.<\/p>\n<h1>\n\t\tPROGRAMA\n\t<\/h1>\n\n\t\t\t\t<a href=\"https:\/\/www.artemrede.pt\/pt_pt\/project\/labririnto\/\" target=\"_self\" itemprop=\"url\">\n\t\t\t\t<img loading=\"lazy\" decoding=\"async\" src=\"https:\/\/www.artemrede.pt\/wp-content\/uploads\/2025\/09\/Elementos_Desdobravel_MOSTRA_25_labirinto_img.png\" alt=\"Elementos_Desdobravel_MOSTRA_25_labirinto_img\" itemprop=\"image\" height=\"1300\" width=\"880\" title=\"Elementos_Desdobravel_MOSTRA_25_labirinto_img\" onerror=\"this.style.display='none'\"  \/>\n\t\t\t\t<\/a>\n\t\t\t\t<a href=\"https:\/\/www.artemrede.pt\/pt_pt\/project\/o-filme-que-a-dixney\/\" target=\"_self\" itemprop=\"url\">\n\t\t\t\t<img loading=\"lazy\" decoding=\"async\" src=\"https:\/\/www.artemrede.pt\/wp-content\/uploads\/2025\/09\/Elementos_Desdobravel_MOSTRA_25_filme_dixney_img.png\" alt=\"Elementos_Desdobravel_MOSTRA_25_filme_dixney_img\" itemprop=\"image\" height=\"1300\" width=\"874\" title=\"Elementos_Desdobravel_MOSTRA_25_filme_dixney_img\" onerror=\"this.style.display='none'\"  \/>\n\t\t\t\t<\/a>\n\t\t\t\t<a href=\"https:\/\/www.artemrede.pt\/pt_pt\/project\/campanula-de-vidro\/\" target=\"_self\" itemprop=\"url\">\n\t\t\t\t<img loading=\"lazy\" decoding=\"async\" src=\"https:\/\/www.artemrede.pt\/wp-content\/uploads\/2025\/09\/Elementos_Desdobravel_MOSTRA_25_Campanula_img_1.png\" alt=\"Elementos_Desdobravel_MOSTRA_25_Campanula_img_1\" itemprop=\"image\" height=\"1302\" width=\"880\" title=\"Elementos_Desdobravel_MOSTRA_25_Campanula_img_1\" onerror=\"this.style.display='none'\"  \/>\n\t\t\t\t<\/a>\n\t\t\t\t<a href=\"https:\/\/www.artemrede.pt\/pt_pt\/project\/look-inside-your-pocket\/\" target=\"_self\" itemprop=\"url\">\n\t\t\t\t<img loading=\"lazy\" decoding=\"async\" src=\"https:\/\/www.artemrede.pt\/wp-content\/uploads\/2025\/09\/Elementos_Desdobravel_MOSTRA_25_look_inside_img.png\" alt=\"Elementos_Desdobravel_MOSTRA_25_look_inside_img\" itemprop=\"image\" height=\"1298\" width=\"863\" title=\"Elementos_Desdobravel_MOSTRA_25_look_inside_img\" onerror=\"this.style.display='none'\"  \/>\n\t\t\t\t<\/a>\n\t\t\t\t<a href=\"https:\/\/www.artemrede.pt\/pt_pt\/project\/curupira\/\" target=\"_self\" itemprop=\"url\">\n\t\t\t\t<img loading=\"lazy\" decoding=\"async\" src=\"https:\/\/www.artemrede.pt\/wp-content\/uploads\/2025\/09\/Elementos_Desdobravel_MOSTRA_25_curupira_img.png\" alt=\"Elementos_Desdobravel_MOSTRA_25_curupira_img\" itemprop=\"image\" height=\"1300\" width=\"866\" title=\"Elementos_Desdobravel_MOSTRA_25_curupira_img\" onerror=\"this.style.display='none'\"  \/>\n\t\t\t\t<\/a>\n\t\t\t\t<img decoding=\"async\" src=\"https:\/\/www.artemrede.pt\/wp-content\/plugins\/beaver-builder-lite-version\/img\/pixel.png\" alt=\"\" itemprop=\"image\" onerror=\"this.style.display='none'\"  \/>\n\t\t\t\t<a href=\"https:\/\/www.artemrede.pt\/pt_pt\/project\/ensaio-dirigido-a\/\" target=\"_self\" itemprop=\"url\">\n\t\t\t\t<img loading=\"lazy\" decoding=\"async\" src=\"https:\/\/www.artemrede.pt\/wp-content\/uploads\/2025\/09\/Elementos_Desdobravel_MOSTRA_25_ensaio_img.png\" alt=\"Elementos_Desdobravel_MOSTRA_25_ensaio_img\" itemprop=\"image\" height=\"1299\" width=\"875\" title=\"Elementos_Desdobravel_MOSTRA_25_ensaio_img\" onerror=\"this.style.display='none'\"  \/>\n\t\t\t\t<\/a>\n\t\t\t\t<a href=\"https:\/\/www.artemrede.pt\/pt_pt\/project\/micorrizas\/\" target=\"_self\" itemprop=\"url\">\n\t\t\t\t<img loading=\"lazy\" decoding=\"async\" src=\"https:\/\/www.artemrede.pt\/wp-content\/uploads\/2025\/09\/Elementos_Desdobravel_MOSTRA_25_micorrizas_img-2.png\" alt=\"Elementos_Desdobravel_MOSTRA_25_micorrizas_img\" itemprop=\"image\" height=\"1300\" width=\"868\" title=\"Elementos_Desdobravel_MOSTRA_25_micorrizas_img\" onerror=\"this.style.display='none'\"  \/>\n\t\t\t\t<\/a>\n\t\t\t\t<a href=\"https:\/\/www.artemrede.pt\/?post_type=wm_projects&#038;p=4479\" target=\"_self\" itemprop=\"url\">\n\t\t\t\t<img loading=\"lazy\" decoding=\"async\" src=\"https:\/\/www.artemrede.pt\/wp-content\/uploads\/2025\/09\/Elementos_Desdobravel_MOSTRA_25_displace_img.png\" alt=\"Elementos_Desdobravel_MOSTRA_25_displace_img\" itemprop=\"image\" height=\"1305\" width=\"876\" title=\"Elementos_Desdobravel_MOSTRA_25_displace_img\" onerror=\"this.style.display='none'\"  \/>\n\t\t\t\t<\/a>\n<h1>\n\t\tTODAS AS APRESENTA\u00c7\u00d5ES\n\t<\/h1>\n\t\t\t\t<img loading=\"lazy\" decoding=\"async\" src=\"https:\/\/www.artemrede.pt\/wp-content\/uploads\/2025\/09\/Desdobravel_MOSTRA_25_CALENDARIO_V3.png\" alt=\"Desdobravel_MOSTRA_25_CALENDA\u0301RIO_V3\" itemprop=\"image\" height=\"1241\" width=\"1723\" title=\"Desdobravel_MOSTRA_25_CALENDA\u0301RIO_V3\" onerror=\"this.style.display='none'\"  \/>\n\t<h2><em>QUE FUTUROS CRIAMOS JUNTOS?<\/em> \u00c9 UMA INICIATIVA DA ARTEMREDE<\/h2>\n<a href=\"https:\/\/www.artemrede.pt\" class=\"wm-button size-large button\" target=\"_blank\">www.artemrede.pt<\/a>\n","protected":false},"excerpt":{"rendered":"<div class=\"entry-summary\">\n<div class=\"entry-summary\">\nApresenta\u00e7\u00e3o das coprodu\u00e7\u00f5es nacionais de teatro, dan\u00e7a e performance, no \u00e2mbito do programa de coprodu\u00e7\u00f5es 2024-2025 da Artemrede, e um espet\u00e1culo internacional convidado.\n<\/div>\n<div class=\"link-more\"><a href=\"https:\/\/www.artemrede.pt\/pt_pt\/que-futuros-criamos-juntos\/\" class=\"more-link\">Continuar a ler<span class=\"screen-reader-text\"> &ldquo;Que Futuros Criamos Juntos?&rdquo;<\/span>&hellip;<\/a><\/div>\n<\/div>\n<div class=\"link-more\"><a href=\"https:\/\/www.artemrede.pt\/pt_pt\/que-futuros-criamos-juntos\/\" class=\"more-link\">Continuar a ler<span class=\"screen-reader-text\"> &ldquo;Que Futuros Criamos Juntos?&rdquo;<\/span>&hellip;<\/a><\/div>\n","protected":false},"author":3,"featured_media":4443,"parent":0,"menu_order":0,"comment_status":"closed","ping_status":"closed","template":"templates\/blank.php","meta":{"om_disable_all_campaigns":false,"_monsterinsights_skip_tracking":false,"_monsterinsights_sitenote_active":false,"_monsterinsights_sitenote_note":"","_monsterinsights_sitenote_category":0,"footnotes":""},"class_list":["post-4442","page","type-page","status-publish","has-post-thumbnail","hentry","entry"],"aioseo_notices":[],"uagb_featured_image_src":{"full":["https:\/\/www.artemrede.pt\/wp-content\/uploads\/2025\/09\/Elementos_Desdobravel_MOSTRA_25_9x16_capa1-scaled.png",1466,2560,false],"thumbnail":["https:\/\/www.artemrede.pt\/wp-content\/uploads\/2025\/09\/Elementos_Desdobravel_MOSTRA_25_9x16_capa1-480x270.png",480,270,true],"medium":["https:\/\/www.artemrede.pt\/wp-content\/uploads\/2025\/09\/Elementos_Desdobravel_MOSTRA_25_9x16_capa1-744x1299.png",744,1299,true],"medium_large":["https:\/\/www.artemrede.pt\/wp-content\/uploads\/2025\/09\/Elementos_Desdobravel_MOSTRA_25_9x16_capa1-1200x2096.png",1200,2096,true],"large":["https:\/\/www.artemrede.pt\/wp-content\/uploads\/2025\/09\/Elementos_Desdobravel_MOSTRA_25_9x16_capa1-1200x2096.png",1200,2096,true],"1536x1536":["https:\/\/www.artemrede.pt\/wp-content\/uploads\/2025\/09\/Elementos_Desdobravel_MOSTRA_25_9x16_capa1-879x1536.png",879,1536,true],"2048x2048":["https:\/\/www.artemrede.pt\/wp-content\/uploads\/2025\/09\/Elementos_Desdobravel_MOSTRA_25_9x16_capa1-1173x2048.png",1173,2048,true],"trp-custom-language-flag":["https:\/\/www.artemrede.pt\/wp-content\/uploads\/2025\/09\/Elementos_Desdobravel_MOSTRA_25_9x16_capa1-7x12.png",7,12,true],"icelander-thumbnail":["https:\/\/www.artemrede.pt\/wp-content\/uploads\/2025\/09\/Elementos_Desdobravel_MOSTRA_25_9x16_capa1-744x372.png",744,372,true],"icelander-square":["https:\/\/www.artemrede.pt\/wp-content\/uploads\/2025\/09\/Elementos_Desdobravel_MOSTRA_25_9x16_capa1-448x448.png",448,448,true],"icelander-intro":["https:\/\/www.artemrede.pt\/wp-content\/uploads\/2025\/09\/Elementos_Desdobravel_MOSTRA_25_9x16_capa1-1920x1080.png",1920,1080,true]},"uagb_author_info":{"display_name":"In\u00eas Arromba","author_link":"https:\/\/www.artemrede.pt\/pt_pt\/author\/artred_arromba\/"},"uagb_comment_info":0,"uagb_excerpt":"Apresenta\u00e7\u00e3o das coprodu\u00e7\u00f5es nacionais de teatro, dan\u00e7a e performance, no \u00e2mbito do programa de coprodu\u00e7\u00f5es 2024-2025 da Artemrede, e um espet\u00e1culo internacional convidado. Continuar a ler &ldquo;Que Futuros Criamos Juntos?&rdquo;&hellip;","_links":{"self":[{"href":"https:\/\/www.artemrede.pt\/pt_pt\/wp-json\/wp\/v2\/pages\/4442","targetHints":{"allow":["GET"]}}],"collection":[{"href":"https:\/\/www.artemrede.pt\/pt_pt\/wp-json\/wp\/v2\/pages"}],"about":[{"href":"https:\/\/www.artemrede.pt\/pt_pt\/wp-json\/wp\/v2\/types\/page"}],"author":[{"embeddable":true,"href":"https:\/\/www.artemrede.pt\/pt_pt\/wp-json\/wp\/v2\/users\/3"}],"replies":[{"embeddable":true,"href":"https:\/\/www.artemrede.pt\/pt_pt\/wp-json\/wp\/v2\/comments?post=4442"}],"version-history":[{"count":11,"href":"https:\/\/www.artemrede.pt\/pt_pt\/wp-json\/wp\/v2\/pages\/4442\/revisions"}],"predecessor-version":[{"id":4512,"href":"https:\/\/www.artemrede.pt\/pt_pt\/wp-json\/wp\/v2\/pages\/4442\/revisions\/4512"}],"wp:featuredmedia":[{"embeddable":true,"href":"https:\/\/www.artemrede.pt\/pt_pt\/wp-json\/wp\/v2\/media\/4443"}],"wp:attachment":[{"href":"https:\/\/www.artemrede.pt\/pt_pt\/wp-json\/wp\/v2\/media?parent=4442"}],"curies":[{"name":"wp","href":"https:\/\/api.w.org\/{rel}","templated":true}]}}