{"id":3897,"date":"2024-05-13T17:04:21","date_gmt":"2024-05-13T17:04:21","guid":{"rendered":"https:\/\/www.artemrede.pt\/?page_id=3897"},"modified":"2024-05-13T17:08:59","modified_gmt":"2024-05-13T17:08:59","slug":"coproducoes-2024","status":"publish","type":"page","link":"https:\/\/www.artemrede.pt\/pt_pt\/coproducoes-2024\/","title":{"rendered":"Coprodu\u00e7\u00f5es 2024"},"content":{"rendered":"\n\n\t<h1>Coprodu\u00e7\u00f5es 2024<\/h1>\n<div class=\"wm-posts wm-posts-wrap clearfix wm-posts-wm_projects wm-posts-layout-default posts\"><div class=\"wm-filter\"><ul><li class=\"wm-filter-items-all active\"><a href=\"#\" data-filter=\"*\">All <span>Coprodu\u00e7\u00f5es 2024<\/span><\/a><\/li><li class=\"wm-filter-items-sul-sueste\"><a href=\"#\" data-filter=\".project_category-sul-sueste\">SUL-SUESTE<span class=\"count\"> (7)<\/span><\/a><\/li><\/ul><\/div><div class=\"wm-posts-container wm-items-container with-margin filter-this\" data-columns=\"5\" data-time=\"0\" data-layout-mode=\"masonry\">\r\n<div class=\"wm-posts-item wm-posts-item-4126 wm-column width-1-5 with-margin project_category-coproducoes-2024 project_category-multidisciplinar-temporada_23-24 project_category-pombal-territorios project_category-sul-sueste project_category-teatro-temporada-2023-2024 has-thumbnail\">\r\n\r\n\t\r\n\r\n<article id=\"post-4126\" class=\"post-4126 wm_projects type-wm_projects status-publish has-post-thumbnail hentry project_category-coproducoes-2024 project_category-multidisciplinar-temporada_23-24 project_category-pombal-territorios project_category-sul-sueste project_category-teatro-temporada-2023-2024 project_tag-performance project_tag-teatro entry\">\r\n\r\n\t<div class=\"entry-media\"><figure class=\"post-thumbnail\"><a href=\"https:\/\/www.artemrede.pt\/pt_pt\/project\/2060\/\"><img loading=\"lazy\" decoding=\"async\" width=\"744\" height=\"744\" src=\"https:\/\/www.artemrede.pt\/wp-content\/uploads\/2024\/10\/Digital_Sul_Sueste_SP2_2060-744x744.png\" class=\"attachment-medium size-medium wp-post-image\" alt=\"\" srcset=\"https:\/\/www.artemrede.pt\/wp-content\/uploads\/2024\/10\/Digital_Sul_Sueste_SP2_2060-744x744.png 744w, https:\/\/www.artemrede.pt\/wp-content\/uploads\/2024\/10\/Digital_Sul_Sueste_SP2_2060-1200x1200.png 1200w, https:\/\/www.artemrede.pt\/wp-content\/uploads\/2024\/10\/Digital_Sul_Sueste_SP2_2060-12x12.png 12w, https:\/\/www.artemrede.pt\/wp-content\/uploads\/2024\/10\/Digital_Sul_Sueste_SP2_2060-448x448.png 448w, https:\/\/www.artemrede.pt\/wp-content\/uploads\/2024\/10\/Digital_Sul_Sueste_SP2_2060.png 1228w\" sizes=\"auto, (max-width: 744px) 100vw, 744px\" \/><\/a><\/figure><\/div><div class=\"wm-posts-element wm-html-element taxonomy taxonomy-project_category\"><span class=\"taxonomy-label\">Project Category: <\/span><a href=\"https:\/\/www.artemrede.pt\/pt_pt\/project-category\/coproducoes-2024\/\" class=\"term term-project_category term-coproducoes-2024\">Coprodu\u00e7\u00f5es 2024<\/a>, <a href=\"https:\/\/www.artemrede.pt\/pt_pt\/project-category\/multidisciplinar-temporada_23-24\/\" class=\"term term-project_category term-multidisciplinar-temporada_23-24\">Multidisplinar<\/a>, <a href=\"https:\/\/www.artemrede.pt\/pt_pt\/project-category\/pombal-territorios\/\" class=\"term term-project_category term-pombal-territorios\">Pombal<\/a>, <a href=\"https:\/\/www.artemrede.pt\/pt_pt\/project-category\/sul-sueste\/\" class=\"term term-project_category term-sul-sueste\">SUL-SUESTE<\/a>, <a href=\"https:\/\/www.artemrede.pt\/pt_pt\/project-category\/teatro-temporada-2023-2024\/\" class=\"term term-project_category term-teatro-temporada-2023-2024\">Teatro<\/a><\/div><header class=\"entry-header\"><h2 class=\"entry-title\"><a href=\"https:\/\/www.artemrede.pt\/pt_pt\/project\/2060\/\" rel=\"bookmark\">2060<\/a><\/h2><\/header>\r\n\t<div class=\"entry-content\"><\/div>\r\n\r\n\t\r\n<\/article>\r\n\r\n\r\n<\/div>\r\n\r\n<div class=\"wm-posts-item wm-posts-item-4175 wm-column width-1-5 with-margin alt project_category-alcobaca project_category-coproducoes-2024 project_category-multidisciplinar-temporada_23-24 project_category-sul-sueste has-thumbnail\">\r\n\r\n\t\r\n\r\n<article id=\"post-4175\" class=\"post-4175 wm_projects type-wm_projects status-publish has-post-thumbnail hentry project_category-alcobaca project_category-coproducoes-2024 project_category-multidisciplinar-temporada_23-24 project_category-sul-sueste project_tag-performance entry\">\r\n\r\n\t<div class=\"entry-media\"><figure class=\"post-thumbnail\"><a href=\"https:\/\/www.artemrede.pt\/pt_pt\/project\/circulo\/\"><img loading=\"lazy\" decoding=\"async\" width=\"744\" height=\"744\" src=\"https:\/\/www.artemrede.pt\/wp-content\/uploads\/2024\/10\/Digital_Sul_Sueste_SP2_circulo-744x744.png\" class=\"attachment-medium size-medium wp-post-image\" alt=\"\" srcset=\"https:\/\/www.artemrede.pt\/wp-content\/uploads\/2024\/10\/Digital_Sul_Sueste_SP2_circulo-744x744.png 744w, https:\/\/www.artemrede.pt\/wp-content\/uploads\/2024\/10\/Digital_Sul_Sueste_SP2_circulo-1200x1200.png 1200w, https:\/\/www.artemrede.pt\/wp-content\/uploads\/2024\/10\/Digital_Sul_Sueste_SP2_circulo-12x12.png 12w, https:\/\/www.artemrede.pt\/wp-content\/uploads\/2024\/10\/Digital_Sul_Sueste_SP2_circulo-448x448.png 448w, https:\/\/www.artemrede.pt\/wp-content\/uploads\/2024\/10\/Digital_Sul_Sueste_SP2_circulo.png 1228w\" sizes=\"auto, (max-width: 744px) 100vw, 744px\" \/><\/a><\/figure><\/div><div class=\"wm-posts-element wm-html-element taxonomy taxonomy-project_category\"><span class=\"taxonomy-label\">Project Category: <\/span><a href=\"https:\/\/www.artemrede.pt\/pt_pt\/project-category\/alcobaca\/\" class=\"term term-project_category term-alcobaca\">Alcoba\u00e7a<\/a>, <a href=\"https:\/\/www.artemrede.pt\/pt_pt\/project-category\/coproducoes-2024\/\" class=\"term term-project_category term-coproducoes-2024\">Coprodu\u00e7\u00f5es 2024<\/a>, <a href=\"https:\/\/www.artemrede.pt\/pt_pt\/project-category\/multidisciplinar-temporada_23-24\/\" class=\"term term-project_category term-multidisciplinar-temporada_23-24\">Multidisplinar<\/a>, <a href=\"https:\/\/www.artemrede.pt\/pt_pt\/project-category\/sul-sueste\/\" class=\"term term-project_category term-sul-sueste\">SUL-SUESTE<\/a><\/div><header class=\"entry-header\"><h2 class=\"entry-title\"><a href=\"https:\/\/www.artemrede.pt\/pt_pt\/project\/circulo\/\" rel=\"bookmark\">C\u00cdRCULO<\/a><\/h2><\/header>\r\n\t<div class=\"entry-content\"><\/div>\r\n\r\n\t\r\n<\/article>\r\n\r\n\r\n<\/div>\r\n\r\n<div class=\"wm-posts-item wm-posts-item-3892 wm-column width-1-5 with-margin project_category-coproducoes-2024 project_category-santarem-territorios project_category-teatro-temporada-2023-2024 project_category-temporada_23-24 has-thumbnail\">\r\n\r\n\t\r\n\r\n<article id=\"post-3892\" class=\"post-3892 wm_projects type-wm_projects status-publish has-post-thumbnail hentry project_category-coproducoes-2024 project_category-santarem-territorios project_category-teatro-temporada-2023-2024 project_category-temporada_23-24 project_tag-teatro entry\">\r\n\r\n\t<div class=\"entry-media\"><figure class=\"post-thumbnail\"><a href=\"https:\/\/www.artemrede.pt\/pt_pt\/project\/coisas-que-ardem-facilmente\/\"><img loading=\"lazy\" decoding=\"async\" width=\"744\" height=\"1116\" src=\"https:\/\/www.artemrede.pt\/wp-content\/uploads\/2024\/05\/ThingsThatBurnEasily_foto_Jelena_Jankovic-1-744x1116.jpg\" class=\"attachment-medium size-medium wp-post-image\" alt=\"\" srcset=\"https:\/\/www.artemrede.pt\/wp-content\/uploads\/2024\/05\/ThingsThatBurnEasily_foto_Jelena_Jankovic-1-744x1116.jpg 744w, https:\/\/www.artemrede.pt\/wp-content\/uploads\/2024\/05\/ThingsThatBurnEasily_foto_Jelena_Jankovic-1-8x12.jpg 8w, https:\/\/www.artemrede.pt\/wp-content\/uploads\/2024\/05\/ThingsThatBurnEasily_foto_Jelena_Jankovic-1.jpg 1000w\" sizes=\"auto, (max-width: 744px) 100vw, 744px\" \/><\/a><\/figure><\/div><div class=\"wm-posts-element wm-html-element taxonomy taxonomy-project_category\"><span class=\"taxonomy-label\">Project Category: <\/span><a href=\"https:\/\/www.artemrede.pt\/pt_pt\/project-category\/coproducoes-2024\/\" class=\"term term-project_category term-coproducoes-2024\">Coprodu\u00e7\u00f5es 2024<\/a>, <a href=\"https:\/\/www.artemrede.pt\/pt_pt\/project-category\/santarem-territorios\/\" class=\"term term-project_category term-santarem-territorios\">Santar\u00e9m<\/a>, <a href=\"https:\/\/www.artemrede.pt\/pt_pt\/project-category\/teatro-temporada-2023-2024\/\" class=\"term term-project_category term-teatro-temporada-2023-2024\">Teatro<\/a>, <a href=\"https:\/\/www.artemrede.pt\/pt_pt\/project-category\/temporada_23-24\/\" class=\"term term-project_category term-temporada_23-24\">Temporada 2023-2024<\/a><\/div><header class=\"entry-header\"><h2 class=\"entry-title\"><a href=\"https:\/\/www.artemrede.pt\/pt_pt\/project\/coisas-que-ardem-facilmente\/\" rel=\"bookmark\">COISAS QUE ARDEM FACILMENTE<\/a><\/h2><\/header>\r\n\t<div class=\"entry-content\"><\/div>\r\n\r\n\t\r\n<\/article>\r\n\r\n\r\n<\/div>\r\n\r\n<div class=\"wm-posts-item wm-posts-item-4182 wm-column width-1-5 with-margin alt project_category-coproducoes-2024 project_category-multidisciplinar-temporada_23-24 project_category-santarem-territorios project_category-sobral-de-monte-agraco-territorios project_category-sul-sueste has-thumbnail\">\r\n\r\n\t\r\n\r\n<article id=\"post-4182\" class=\"post-4182 wm_projects type-wm_projects status-publish has-post-thumbnail hentry project_category-coproducoes-2024 project_category-multidisciplinar-temporada_23-24 project_category-santarem-territorios project_category-sobral-de-monte-agraco-territorios project_category-sul-sueste project_tag-performance-sonora entry\">\r\n\r\n\t<div class=\"entry-media\"><figure class=\"post-thumbnail\"><a href=\"https:\/\/www.artemrede.pt\/pt_pt\/project\/concerto-2\/\"><img loading=\"lazy\" decoding=\"async\" width=\"744\" height=\"496\" src=\"https:\/\/www.artemrede.pt\/wp-content\/uploads\/2023\/02\/Tiago-Cadete@Pedro-Jafuno_27.04-2-744x496.jpg\" class=\"attachment-medium size-medium wp-post-image\" alt=\"\" srcset=\"https:\/\/www.artemrede.pt\/wp-content\/uploads\/2023\/02\/Tiago-Cadete@Pedro-Jafuno_27.04-2-744x496.jpg 744w, https:\/\/www.artemrede.pt\/wp-content\/uploads\/2023\/02\/Tiago-Cadete@Pedro-Jafuno_27.04-2-1200x800.jpg 1200w, https:\/\/www.artemrede.pt\/wp-content\/uploads\/2023\/02\/Tiago-Cadete@Pedro-Jafuno_27.04-2-1536x1024.jpg 1536w, https:\/\/www.artemrede.pt\/wp-content\/uploads\/2023\/02\/Tiago-Cadete@Pedro-Jafuno_27.04-2-2048x1365.jpg 2048w, https:\/\/www.artemrede.pt\/wp-content\/uploads\/2023\/02\/Tiago-Cadete@Pedro-Jafuno_27.04-2-18x12.jpg 18w\" sizes=\"auto, (max-width: 744px) 100vw, 744px\" \/><\/a><\/figure><\/div><div class=\"wm-posts-element wm-html-element taxonomy taxonomy-project_category\"><span class=\"taxonomy-label\">Project Category: <\/span><a href=\"https:\/\/www.artemrede.pt\/pt_pt\/project-category\/coproducoes-2024\/\" class=\"term term-project_category term-coproducoes-2024\">Coprodu\u00e7\u00f5es 2024<\/a>, <a href=\"https:\/\/www.artemrede.pt\/pt_pt\/project-category\/multidisciplinar-temporada_23-24\/\" class=\"term term-project_category term-multidisciplinar-temporada_23-24\">Multidisplinar<\/a>, <a href=\"https:\/\/www.artemrede.pt\/pt_pt\/project-category\/santarem-territorios\/\" class=\"term term-project_category term-santarem-territorios\">Santar\u00e9m<\/a>, <a href=\"https:\/\/www.artemrede.pt\/pt_pt\/project-category\/sobral-de-monte-agraco-territorios\/\" class=\"term term-project_category term-sobral-de-monte-agraco-territorios\">Sobral de Monte Agra\u00e7o<\/a>, <a href=\"https:\/\/www.artemrede.pt\/pt_pt\/project-category\/sul-sueste\/\" class=\"term term-project_category term-sul-sueste\">SUL-SUESTE<\/a><\/div><header class=\"entry-header\"><h2 class=\"entry-title\"><a href=\"https:\/\/www.artemrede.pt\/pt_pt\/project\/concerto-2\/\" rel=\"bookmark\">CONCERTO<\/a><\/h2><\/header>\r\n\t<div class=\"entry-content\"><\/div>\r\n\r\n\t\r\n<\/article>\r\n\r\n\r\n<\/div>\r\n\r\n<div class=\"wm-posts-item wm-posts-item-4181 wm-column width-1-5 with-margin project_category-coproducoes-2024 project_category-danca-temporada_23-24 project_category-montemor-o-novo-territorios project_category-multidisciplinar-temporada_23-24 project_category-sul-sueste has-thumbnail\">\r\n\r\n\t\r\n\r\n<article id=\"post-4181\" class=\"post-4181 wm_projects type-wm_projects status-publish has-post-thumbnail hentry project_category-coproducoes-2024 project_category-danca-temporada_23-24 project_category-montemor-o-novo-territorios project_category-multidisciplinar-temporada_23-24 project_category-sul-sueste project_tag-danca project_tag-multidisciplinar entry\">\r\n\r\n\t<div class=\"entry-media\"><figure class=\"post-thumbnail\"><a href=\"https:\/\/www.artemrede.pt\/pt_pt\/project\/danse_house\/\"><img loading=\"lazy\" decoding=\"async\" width=\"744\" height=\"744\" src=\"https:\/\/www.artemrede.pt\/wp-content\/uploads\/2024\/10\/Digital_Sul_Sueste_SP2_Danse-744x744.png\" class=\"attachment-medium size-medium wp-post-image\" alt=\"\" srcset=\"https:\/\/www.artemrede.pt\/wp-content\/uploads\/2024\/10\/Digital_Sul_Sueste_SP2_Danse-744x744.png 744w, https:\/\/www.artemrede.pt\/wp-content\/uploads\/2024\/10\/Digital_Sul_Sueste_SP2_Danse-1200x1200.png 1200w, https:\/\/www.artemrede.pt\/wp-content\/uploads\/2024\/10\/Digital_Sul_Sueste_SP2_Danse-12x12.png 12w, https:\/\/www.artemrede.pt\/wp-content\/uploads\/2024\/10\/Digital_Sul_Sueste_SP2_Danse-448x448.png 448w, https:\/\/www.artemrede.pt\/wp-content\/uploads\/2024\/10\/Digital_Sul_Sueste_SP2_Danse.png 1228w\" sizes=\"auto, (max-width: 744px) 100vw, 744px\" \/><\/a><\/figure><\/div><div class=\"wm-posts-element wm-html-element taxonomy taxonomy-project_category\"><span class=\"taxonomy-label\">Project Category: <\/span><a href=\"https:\/\/www.artemrede.pt\/pt_pt\/project-category\/coproducoes-2024\/\" class=\"term term-project_category term-coproducoes-2024\">Coprodu\u00e7\u00f5es 2024<\/a>, <a href=\"https:\/\/www.artemrede.pt\/pt_pt\/project-category\/danca-temporada_23-24\/\" class=\"term term-project_category term-danca-temporada_23-24\">Dan\u00e7a<\/a>, <a href=\"https:\/\/www.artemrede.pt\/pt_pt\/project-category\/montemor-o-novo-territorios\/\" class=\"term term-project_category term-montemor-o-novo-territorios\">Montemor-o-Novo<\/a>, <a href=\"https:\/\/www.artemrede.pt\/pt_pt\/project-category\/multidisciplinar-temporada_23-24\/\" class=\"term term-project_category term-multidisciplinar-temporada_23-24\">Multidisplinar<\/a>, <a href=\"https:\/\/www.artemrede.pt\/pt_pt\/project-category\/sul-sueste\/\" class=\"term term-project_category term-sul-sueste\">SUL-SUESTE<\/a><\/div><header class=\"entry-header\"><h2 class=\"entry-title\"><a href=\"https:\/\/www.artemrede.pt\/pt_pt\/project\/danse_house\/\" rel=\"bookmark\">DANS(SE) HOUSE<\/a><\/h2><\/header>\r\n\t<div class=\"entry-content\"><\/div>\r\n\r\n\t\r\n<\/article>\r\n\r\n\r\n<\/div>\r\n\r\n<div class=\"wm-posts-item wm-posts-item-4179 wm-column width-1-5 with-margin alt project_category-coproducoes-2024 project_category-danca-temporada_23-24 project_category-lisboa-territorios project_category-multidisciplinar-temporada_23-24 project_category-sul-sueste has-thumbnail\">\r\n\r\n\t\r\n\r\n<article id=\"post-4179\" class=\"post-4179 wm_projects type-wm_projects status-publish has-post-thumbnail hentry project_category-coproducoes-2024 project_category-danca-temporada_23-24 project_category-lisboa-territorios project_category-multidisciplinar-temporada_23-24 project_category-sul-sueste project_tag-performance project_tag-teatro entry\">\r\n\r\n\t<div class=\"entry-media\"><figure class=\"post-thumbnail\"><a href=\"https:\/\/www.artemrede.pt\/pt_pt\/project\/2060-copy\/\"><img loading=\"lazy\" decoding=\"async\" width=\"744\" height=\"744\" src=\"https:\/\/www.artemrede.pt\/wp-content\/uploads\/2024\/10\/Digital_Sul_Sueste_SP2_inimigo-744x744.png\" class=\"attachment-medium size-medium wp-post-image\" alt=\"\" srcset=\"https:\/\/www.artemrede.pt\/wp-content\/uploads\/2024\/10\/Digital_Sul_Sueste_SP2_inimigo-744x744.png 744w, https:\/\/www.artemrede.pt\/wp-content\/uploads\/2024\/10\/Digital_Sul_Sueste_SP2_inimigo-1200x1200.png 1200w, https:\/\/www.artemrede.pt\/wp-content\/uploads\/2024\/10\/Digital_Sul_Sueste_SP2_inimigo-12x12.png 12w, https:\/\/www.artemrede.pt\/wp-content\/uploads\/2024\/10\/Digital_Sul_Sueste_SP2_inimigo-448x448.png 448w, https:\/\/www.artemrede.pt\/wp-content\/uploads\/2024\/10\/Digital_Sul_Sueste_SP2_inimigo.png 1228w\" sizes=\"auto, (max-width: 744px) 100vw, 744px\" \/><\/a><\/figure><\/div><div class=\"wm-posts-element wm-html-element taxonomy taxonomy-project_category\"><span class=\"taxonomy-label\">Project Category: <\/span><a href=\"https:\/\/www.artemrede.pt\/pt_pt\/project-category\/coproducoes-2024\/\" class=\"term term-project_category term-coproducoes-2024\">Coprodu\u00e7\u00f5es 2024<\/a>, <a href=\"https:\/\/www.artemrede.pt\/pt_pt\/project-category\/danca-temporada_23-24\/\" class=\"term term-project_category term-danca-temporada_23-24\">Dan\u00e7a<\/a>, <a href=\"https:\/\/www.artemrede.pt\/pt_pt\/project-category\/lisboa-territorios\/\" class=\"term term-project_category term-lisboa-territorios\">Lisboa<\/a>, <a href=\"https:\/\/www.artemrede.pt\/pt_pt\/project-category\/multidisciplinar-temporada_23-24\/\" class=\"term term-project_category term-multidisciplinar-temporada_23-24\">Multidisplinar<\/a>, <a href=\"https:\/\/www.artemrede.pt\/pt_pt\/project-category\/sul-sueste\/\" class=\"term term-project_category term-sul-sueste\">SUL-SUESTE<\/a><\/div><header class=\"entry-header\"><h2 class=\"entry-title\"><a href=\"https:\/\/www.artemrede.pt\/pt_pt\/project\/2060-copy\/\" rel=\"bookmark\">INIMIGO (uma confer\u00eancia para a paz)<\/a><\/h2><\/header>\r\n\t<div class=\"entry-content\"><\/div>\r\n\r\n\t\r\n<\/article>\r\n\r\n\r\n<\/div>\r\n\r\n<div class=\"wm-posts-item wm-posts-item-4178 wm-column width-1-5 with-margin project_category-coproducoes-2024 project_category-multidisciplinar-temporada_23-24 project_category-sul-sueste project_category-torres-vedras has-thumbnail\">\r\n\r\n\t\r\n\r\n<article id=\"post-4178\" class=\"post-4178 wm_projects type-wm_projects status-publish has-post-thumbnail hentry project_category-coproducoes-2024 project_category-multidisciplinar-temporada_23-24 project_category-sul-sueste project_category-torres-vedras project_tag-performance entry\">\r\n\r\n\t<div class=\"entry-media\"><figure class=\"post-thumbnail\"><a href=\"https:\/\/www.artemrede.pt\/pt_pt\/project\/ultimo-lamento\/\"><img loading=\"lazy\" decoding=\"async\" width=\"744\" height=\"744\" src=\"https:\/\/www.artemrede.pt\/wp-content\/uploads\/2024\/10\/Digital_Sul_Sueste_SP2_ultimo-744x744.png\" class=\"attachment-medium size-medium wp-post-image\" alt=\"\" srcset=\"https:\/\/www.artemrede.pt\/wp-content\/uploads\/2024\/10\/Digital_Sul_Sueste_SP2_ultimo-744x744.png 744w, https:\/\/www.artemrede.pt\/wp-content\/uploads\/2024\/10\/Digital_Sul_Sueste_SP2_ultimo-1200x1200.png 1200w, https:\/\/www.artemrede.pt\/wp-content\/uploads\/2024\/10\/Digital_Sul_Sueste_SP2_ultimo-12x12.png 12w, https:\/\/www.artemrede.pt\/wp-content\/uploads\/2024\/10\/Digital_Sul_Sueste_SP2_ultimo-448x448.png 448w, https:\/\/www.artemrede.pt\/wp-content\/uploads\/2024\/10\/Digital_Sul_Sueste_SP2_ultimo.png 1228w\" sizes=\"auto, (max-width: 744px) 100vw, 744px\" \/><\/a><\/figure><\/div><div class=\"wm-posts-element wm-html-element taxonomy taxonomy-project_category\"><span class=\"taxonomy-label\">Project Category: <\/span><a href=\"https:\/\/www.artemrede.pt\/pt_pt\/project-category\/coproducoes-2024\/\" class=\"term term-project_category term-coproducoes-2024\">Coprodu\u00e7\u00f5es 2024<\/a>, <a href=\"https:\/\/www.artemrede.pt\/pt_pt\/project-category\/multidisciplinar-temporada_23-24\/\" class=\"term term-project_category term-multidisciplinar-temporada_23-24\">Multidisplinar<\/a>, <a href=\"https:\/\/www.artemrede.pt\/pt_pt\/project-category\/sul-sueste\/\" class=\"term term-project_category term-sul-sueste\">SUL-SUESTE<\/a>, <a href=\"https:\/\/www.artemrede.pt\/pt_pt\/project-category\/torres-vedras\/\" class=\"term term-project_category term-torres-vedras\">Torres Vedras<\/a><\/div><header class=\"entry-header\"><h2 class=\"entry-title\"><a href=\"https:\/\/www.artemrede.pt\/pt_pt\/project\/ultimo-lamento\/\" rel=\"bookmark\">O \u00daLTIMO LAMENTO<\/a><\/h2><\/header>\r\n\t<div class=\"entry-content\"><\/div>\r\n\r\n\t\r\n<\/article>\r\n\r\n\r\n<\/div>\r\n\r\n<div class=\"wm-posts-item wm-posts-item-3881 wm-column width-1-5 with-margin alt project_category-coproducoes-2024 project_category-multidisciplinar-temporada_23-24 project_category-santarem-territorios project_category-temporada_23-24 has-thumbnail\">\r\n\r\n\t\r\n\r\n<article id=\"post-3881\" class=\"post-3881 wm_projects type-wm_projects status-publish has-post-thumbnail hentry project_category-coproducoes-2024 project_category-multidisciplinar-temporada_23-24 project_category-santarem-territorios project_category-temporada_23-24 project_tag-teatro-danca entry\">\r\n\r\n\t<div class=\"entry-media\"><figure class=\"post-thumbnail\"><a href=\"https:\/\/www.artemrede.pt\/pt_pt\/project\/quimica-segura\/\"><img loading=\"lazy\" decoding=\"async\" width=\"744\" height=\"558\" src=\"https:\/\/www.artemrede.pt\/wp-content\/uploads\/2024\/05\/c-Karla-Juric-925STUDIO-14-744x558.jpg\" class=\"attachment-medium size-medium wp-post-image\" alt=\"\" srcset=\"https:\/\/www.artemrede.pt\/wp-content\/uploads\/2024\/05\/c-Karla-Juric-925STUDIO-14-744x558.jpg 744w, https:\/\/www.artemrede.pt\/wp-content\/uploads\/2024\/05\/c-Karla-Juric-925STUDIO-14-1200x900.jpg 1200w\" sizes=\"auto, (max-width: 744px) 100vw, 744px\" \/><\/a><\/figure><\/div><div class=\"wm-posts-element wm-html-element taxonomy taxonomy-project_category\"><span class=\"taxonomy-label\">Project Category: <\/span><a href=\"https:\/\/www.artemrede.pt\/pt_pt\/project-category\/coproducoes-2024\/\" class=\"term term-project_category term-coproducoes-2024\">Coprodu\u00e7\u00f5es 2024<\/a>, <a href=\"https:\/\/www.artemrede.pt\/pt_pt\/project-category\/multidisciplinar-temporada_23-24\/\" class=\"term term-project_category term-multidisciplinar-temporada_23-24\">Multidisplinar<\/a>, <a href=\"https:\/\/www.artemrede.pt\/pt_pt\/project-category\/santarem-territorios\/\" class=\"term term-project_category term-santarem-territorios\">Santar\u00e9m<\/a>, <a href=\"https:\/\/www.artemrede.pt\/pt_pt\/project-category\/temporada_23-24\/\" class=\"term term-project_category term-temporada_23-24\">Temporada 2023-2024<\/a><\/div><header class=\"entry-header\"><h2 class=\"entry-title\"><a href=\"https:\/\/www.artemrede.pt\/pt_pt\/project\/quimica-segura\/\" rel=\"bookmark\">QU\u00cdMICA SEGURA<\/a><\/h2><\/header>\r\n\t<div class=\"entry-content\"><\/div>\r\n\r\n\t\r\n<\/article>\r\n\r\n\r\n<\/div>\r\n\r\n<div class=\"wm-posts-item wm-posts-item-4183 wm-column width-1-5 with-margin project_category-coproducoes-2024 project_category-moita-territorios project_category-multidisciplinar-temporada_23-24 project_category-sul-sueste has-thumbnail\">\r\n\r\n\t\r\n\r\n<article id=\"post-4183\" class=\"post-4183 wm_projects type-wm_projects status-publish has-post-thumbnail hentry project_category-coproducoes-2024 project_category-moita-territorios project_category-multidisciplinar-temporada_23-24 project_category-sul-sueste project_tag-multidisciplinar project_tag-performance entry\">\r\n\r\n\t<div class=\"entry-media\"><figure class=\"post-thumbnail\"><a href=\"https:\/\/www.artemrede.pt\/pt_pt\/project\/quimica-segura-2\/\"><img loading=\"lazy\" decoding=\"async\" width=\"744\" height=\"744\" src=\"https:\/\/www.artemrede.pt\/wp-content\/uploads\/2024\/10\/Digital_Sul_Sueste_SP2_quimica-744x744.png\" class=\"attachment-medium size-medium wp-post-image\" alt=\"\" srcset=\"https:\/\/www.artemrede.pt\/wp-content\/uploads\/2024\/10\/Digital_Sul_Sueste_SP2_quimica-744x744.png 744w, https:\/\/www.artemrede.pt\/wp-content\/uploads\/2024\/10\/Digital_Sul_Sueste_SP2_quimica-1200x1200.png 1200w, https:\/\/www.artemrede.pt\/wp-content\/uploads\/2024\/10\/Digital_Sul_Sueste_SP2_quimica-12x12.png 12w, https:\/\/www.artemrede.pt\/wp-content\/uploads\/2024\/10\/Digital_Sul_Sueste_SP2_quimica-448x448.png 448w, https:\/\/www.artemrede.pt\/wp-content\/uploads\/2024\/10\/Digital_Sul_Sueste_SP2_quimica.png 1228w\" sizes=\"auto, (max-width: 744px) 100vw, 744px\" \/><\/a><\/figure><\/div><div class=\"wm-posts-element wm-html-element taxonomy taxonomy-project_category\"><span class=\"taxonomy-label\">Project Category: <\/span><a href=\"https:\/\/www.artemrede.pt\/pt_pt\/project-category\/coproducoes-2024\/\" class=\"term term-project_category term-coproducoes-2024\">Coprodu\u00e7\u00f5es 2024<\/a>, <a href=\"https:\/\/www.artemrede.pt\/pt_pt\/project-category\/moita-territorios\/\" class=\"term term-project_category term-moita-territorios\">Moita<\/a>, <a href=\"https:\/\/www.artemrede.pt\/pt_pt\/project-category\/multidisciplinar-temporada_23-24\/\" class=\"term term-project_category term-multidisciplinar-temporada_23-24\">Multidisplinar<\/a>, <a href=\"https:\/\/www.artemrede.pt\/pt_pt\/project-category\/sul-sueste\/\" class=\"term term-project_category term-sul-sueste\">SUL-SUESTE<\/a><\/div><header class=\"entry-header\"><h2 class=\"entry-title\"><a href=\"https:\/\/www.artemrede.pt\/pt_pt\/project\/quimica-segura-2\/\" rel=\"bookmark\">QU\u00cdMICA SEGURA<\/a><\/h2><\/header>\r\n\t<div class=\"entry-content\"><\/div>\r\n\r\n\t\r\n<\/article>\r\n\r\n\r\n<\/div>\r\n<\/div><\/div>\n\n","protected":false},"excerpt":{"rendered":"<div class=\"entry-summary\">\n<div class=\"entry-summary\">\nUm d\u00edptico croata sobre a rela\u00e7\u00e3o do trabalho com a felicidade = uma performance + um jantar\n<\/div>\n<\/div>\n","protected":false},"author":3,"featured_media":0,"parent":0,"menu_order":0,"comment_status":"closed","ping_status":"closed","template":"","meta":{"om_disable_all_campaigns":false,"_monsterinsights_skip_tracking":false,"_monsterinsights_sitenote_active":false,"_monsterinsights_sitenote_note":"","_monsterinsights_sitenote_category":0,"footnotes":""},"class_list":["post-3897","page","type-page","status-publish","hentry","entry"],"aioseo_notices":[],"uagb_featured_image_src":{"full":false,"thumbnail":false,"medium":false,"medium_large":false,"large":false,"1536x1536":false,"2048x2048":false,"trp-custom-language-flag":false,"icelander-thumbnail":false,"icelander-square":false,"icelander-intro":false},"uagb_author_info":{"display_name":"In\u00eas Arromba","author_link":"https:\/\/www.artemrede.pt\/pt_pt\/author\/artred_arromba\/"},"uagb_comment_info":0,"uagb_excerpt":"Coprodu\u00e7\u00f5es 2024","_links":{"self":[{"href":"https:\/\/www.artemrede.pt\/pt_pt\/wp-json\/wp\/v2\/pages\/3897","targetHints":{"allow":["GET"]}}],"collection":[{"href":"https:\/\/www.artemrede.pt\/pt_pt\/wp-json\/wp\/v2\/pages"}],"about":[{"href":"https:\/\/www.artemrede.pt\/pt_pt\/wp-json\/wp\/v2\/types\/page"}],"author":[{"embeddable":true,"href":"https:\/\/www.artemrede.pt\/pt_pt\/wp-json\/wp\/v2\/users\/3"}],"replies":[{"embeddable":true,"href":"https:\/\/www.artemrede.pt\/pt_pt\/wp-json\/wp\/v2\/comments?post=3897"}],"version-history":[{"count":2,"href":"https:\/\/www.artemrede.pt\/pt_pt\/wp-json\/wp\/v2\/pages\/3897\/revisions"}],"predecessor-version":[{"id":3900,"href":"https:\/\/www.artemrede.pt\/pt_pt\/wp-json\/wp\/v2\/pages\/3897\/revisions\/3900"}],"wp:attachment":[{"href":"https:\/\/www.artemrede.pt\/pt_pt\/wp-json\/wp\/v2\/media?parent=3897"}],"curies":[{"name":"wp","href":"https:\/\/api.w.org\/{rel}","templated":true}]}}