{"id":3475,"date":"2022-12-19T11:58:32","date_gmt":"2022-12-19T11:58:32","guid":{"rendered":"https:\/\/www.artemrede.pt\/?page_id=3475"},"modified":"2022-12-19T12:13:09","modified_gmt":"2022-12-19T12:13:09","slug":"stronger-peripheries-call-tarefas","status":"publish","type":"page","link":"https:\/\/www.artemrede.pt\/pt_pt\/stronger-peripheries-call-tarefas\/","title":{"rendered":"SP call conector Pombal-tarefas"},"content":{"rendered":"\n<h2>\n\t\t CONNECTOR PARA &#8220;CONCERTO&#8221; | tarefas\n\t<\/h2>\n\tCONVITE \u00c0 COLABORA\u00c7\u00c3O | PROJETO &#8220;CONCERTO&#8221;<br \/>\nTarefas \u2771\n<p>O\/A &#8220;Connector&#8221; ser\u00e1 a principal liga\u00e7\u00e3o entre os participantes locais (migrantes latino-americanos) e a equipa do projecto (um espect\u00e1culo de artes performativas), assumindo as seguintes fun\u00e7\u00f5es\/responsabilidades:<\/p>\n________<br \/>\n\u2192 Pesquisar a comunidade local de migrantes latino-americanos que vivem na regi\u00e3o de Leiria (com enfoque em Pombal e Alcoba\u00e7a e arredores), visando identificar poss\u00edveis participantes no projecto art\u00edstico; nomeadamente atrav\u00e9s da divulga\u00e7\u00e3o da iniciativa e convite \u00e0 participa\u00e7\u00e3o e integra\u00e7\u00e3o do processo criativo da obra &#8220;Concerto&#8221; entre os seus contactos, associa\u00e7\u00f5es locais e organiza\u00e7\u00f5es de migrantes (locais, regionais e nacionais);<br \/>\n________<br \/>\n\u2192 Manter uma comunica\u00e7\u00e3o flu\u00edda com o director art\u00edstico relativamente \u00e0s propostas identificadas no par\u00e1grafo anterior;<br \/>\n________<br \/>\n\u2192 Estabelecer e gerir todos os contactos entre os participantes (migrantes latino-americanos) e a equipa do projecto, confirmando a sua disponibilidade e cuidando da sua participa\u00e7\u00e3o efectiva nas reuni\u00f5es\/sess\u00f5es de trabalho;<br \/>\n________<br \/>\n\u2192 Apoiar na organiza\u00e7\u00e3o de uma refei\u00e7\u00e3o ou encontro, incluindo a participa\u00e7\u00e3o da comunidade local de migrantes latino-americanos, a decorrer em dia a assinalar no decurso do per\u00edodo de resid\u00eancia de pesquisa, podendo envolver a compra dos alimentos\/ingredientes (a ser imediatamente reembolsada pela Artemrede), a assist\u00eancia na confec\u00e7\u00e3o de uma refei\u00e7\u00e3o, entre outros;<br \/>\n________<br \/>\n\u2192 Participar em todas as reuni\u00f5es\/sess\u00f5es de trabalho nas quais se venham a integrar os participantes;<br \/>\n________<br \/>\n\u2192 Apoiar na grava\u00e7\u00e3o visual e \u00e1udio das interac\u00e7\u00f5es\/entrevistas realizadas (n\u00e3o sendo requerido equipamento pr\u00f3prio, a cargo da equipa do projecto);<br \/>\n________<br \/>\n\u2192 Mediar\/apoiar na tradu\u00e7\u00e3o (espanhol-portugu\u00eas) durante os contactos e as reuni\u00f5es, se necess\u00e1rio;<br \/>\n________<br \/>\n\u2192 Manter uma troca regular de feedback sobre o desenvolvimento do trabalho de cria\u00e7\u00e3o entre a equipa do projecto e os participantes locais;<br \/>\n________<br \/>\n\u2192 Manter um di\u00e1logo estreito com a Artemrede e com os Munic\u00edpios de Alcoba\u00e7a e Pombal, atrav\u00e9s dos seus interlocutores locais, ap\u00f3s cada sess\u00e3o em que participem elementos da comunidade, facultando actualiza\u00e7\u00f5es regulares sobre o desenvolvimento do trabalho de pesquisa e cria\u00e7\u00e3o;<br \/>\n________<br \/>\n\u2192 Mediar eventuais conflitos que possam surgir durante as sess\u00f5es, notificando imediatamente a Artemrede e os Munic\u00edpios de Alcoba\u00e7a e Pombal, atrav\u00e9s dos seus interlocutores locais, de quaisquer quest\u00f5es que possam requerer interven\u00e7\u00e3o;<br \/>\n________<br \/>\n\u2192 Apoiar a produ\u00e7\u00e3o local, nomeadamente, entre outras tarefas a verificar, na recolha de documenta\u00e7\u00e3o e dados necess\u00e1rios \u00e0 contrata\u00e7\u00e3o de Seguros de Acidentes Pessoais para os participantes, recolha de Declara\u00e7\u00f5es de Ced\u00eancia\/Utiliza\u00e7\u00e3o de imagem\/som e\/ou outras que possam ser necess\u00e1rias, entre outras fun\u00e7\u00f5es de apoio administrativo;<br \/>\n________<br \/>\n\u2192 Colaborar na vertente de investiga\u00e7\u00e3o do projecto Stronger Peripheries: A Southern Coalition a respeito da qualidade de participa\u00e7\u00e3o em processos art\u00edsticos participativos, incluindo:<br \/>\na. Observa\u00e7\u00e3o activa das sess\u00f5es de trabalho nas quais se integrem participantes locais, atrav\u00e9s do preenchimento (preferencialmente em l\u00edngua inglesa), de uma grelha de observa\u00e7\u00e3o a disponibilizar;<br \/>\nb. Co-condu\u00e7\u00e3o de uma entrevista de grupo aos participantes no final do processo, a decorrer em data a acordar entre as partes;<br \/>\nc. Co-composi\u00e7\u00e3o de uma ficha s\u00edntese na qual se sumarizem os conte\u00fados aferidos nas al\u00edneas a. e b.<br \/>\n________<br \/>\n\u2192 Organizar a participa\u00e7\u00e3o dos elementos integrantes do processo no momento da sua apresenta\u00e7\u00e3o p\u00fablica final, em Alcoba\u00e7a &#8211; Cine-Teatro de Alcoba\u00e7a Jo\u00e3o d&#8217;Oliva Monteiro;<br \/>\n________<br \/>\nQuaisquer outras fun\u00e7\u00f5es omitidas nos par\u00e1grafos anteriores, decorrentes da rela\u00e7\u00e3o entre o processo de pesquisa e a cria\u00e7\u00e3o da obra &#8220;Concerto&#8221; e a media\u00e7\u00e3o com as comunidades locais, desde que as partes acordem na sua razoabilidade.<br \/>\n________\n<a href=\"https:\/\/www.artemrede.pt\/pt_pt\/stronger-peripheries-call\/\" class=\"wm-button size-extra-large button\" target=\"_blank\"><span class=\"icon-ion-android-arrow-back\" aria-hidden=\"true\"> <\/span>VOLTAR A CONNECTOR<\/a>\n","protected":false},"excerpt":{"rendered":"<div class=\"entry-summary\">\n<div class=\"entry-summary\">\nCONCERTO\n<\/div>\n<div class=\"link-more\"><a href=\"https:\/\/www.artemrede.pt\/pt_pt\/stronger-peripheries-call-tarefas\/\" class=\"more-link\">Continuar a ler<span class=\"screen-reader-text\"> &ldquo;SP call conector Pombal-tarefas&rdquo;<\/span>&hellip;<\/a><\/div>\n<\/div>\n<div class=\"link-more\"><a href=\"https:\/\/www.artemrede.pt\/pt_pt\/stronger-peripheries-call-tarefas\/\" class=\"more-link\">Continuar a ler<span class=\"screen-reader-text\"> &ldquo;SP call conector Pombal-tarefas&rdquo;<\/span>&hellip;<\/a><\/div>\n","protected":false},"author":2,"featured_media":2403,"parent":0,"menu_order":0,"comment_status":"closed","ping_status":"closed","template":"templates\/blank.php","meta":{"om_disable_all_campaigns":false,"_monsterinsights_skip_tracking":false,"_monsterinsights_sitenote_active":false,"_monsterinsights_sitenote_note":"","_monsterinsights_sitenote_category":0,"footnotes":""},"class_list":["post-3475","page","type-page","status-publish","has-post-thumbnail","hentry","entry"],"aioseo_notices":[],"uagb_featured_image_src":{"full":["https:\/\/www.artemrede.pt\/wp-content\/uploads\/2021\/05\/Screenshot-2021-05-28-at-15.18.19.png",1747,983,false],"thumbnail":["https:\/\/www.artemrede.pt\/wp-content\/uploads\/2021\/05\/Screenshot-2021-05-28-at-15.18.19-480x270.png",480,270,true],"medium":["https:\/\/www.artemrede.pt\/wp-content\/uploads\/2021\/05\/Screenshot-2021-05-28-at-15.18.19-744x419.png",744,419,true],"medium_large":["https:\/\/www.artemrede.pt\/wp-content\/uploads\/2021\/05\/Screenshot-2021-05-28-at-15.18.19-1200x675.png",1200,675,true],"large":["https:\/\/www.artemrede.pt\/wp-content\/uploads\/2021\/05\/Screenshot-2021-05-28-at-15.18.19-1200x675.png",1200,675,true],"1536x1536":["https:\/\/www.artemrede.pt\/wp-content\/uploads\/2021\/05\/Screenshot-2021-05-28-at-15.18.19-1536x864.png",1536,864,true],"2048x2048":["https:\/\/www.artemrede.pt\/wp-content\/uploads\/2021\/05\/Screenshot-2021-05-28-at-15.18.19.png",1747,983,false],"trp-custom-language-flag":["https:\/\/www.artemrede.pt\/wp-content\/uploads\/2021\/05\/Screenshot-2021-05-28-at-15.18.19-16x9.png",16,9,true],"icelander-thumbnail":["https:\/\/www.artemrede.pt\/wp-content\/uploads\/2021\/05\/Screenshot-2021-05-28-at-15.18.19-744x372.png",744,372,true],"icelander-square":["https:\/\/www.artemrede.pt\/wp-content\/uploads\/2021\/05\/Screenshot-2021-05-28-at-15.18.19-448x448.png",448,448,true],"icelander-intro":["https:\/\/www.artemrede.pt\/wp-content\/uploads\/2021\/05\/Screenshot-2021-05-28-at-15.18.19.png",1747,983,false]},"uagb_author_info":{"display_name":"Bruno Castro","author_link":"https:\/\/www.artemrede.pt\/pt_pt\/author\/artred_bruno\/"},"uagb_comment_info":0,"uagb_excerpt":"CONCERTO Continuar a ler &ldquo;SP call conector Pombal-tarefas&rdquo;&hellip;","_links":{"self":[{"href":"https:\/\/www.artemrede.pt\/pt_pt\/wp-json\/wp\/v2\/pages\/3475","targetHints":{"allow":["GET"]}}],"collection":[{"href":"https:\/\/www.artemrede.pt\/pt_pt\/wp-json\/wp\/v2\/pages"}],"about":[{"href":"https:\/\/www.artemrede.pt\/pt_pt\/wp-json\/wp\/v2\/types\/page"}],"author":[{"embeddable":true,"href":"https:\/\/www.artemrede.pt\/pt_pt\/wp-json\/wp\/v2\/users\/2"}],"replies":[{"embeddable":true,"href":"https:\/\/www.artemrede.pt\/pt_pt\/wp-json\/wp\/v2\/comments?post=3475"}],"version-history":[{"count":5,"href":"https:\/\/www.artemrede.pt\/pt_pt\/wp-json\/wp\/v2\/pages\/3475\/revisions"}],"predecessor-version":[{"id":3484,"href":"https:\/\/www.artemrede.pt\/pt_pt\/wp-json\/wp\/v2\/pages\/3475\/revisions\/3484"}],"wp:featuredmedia":[{"embeddable":true,"href":"https:\/\/www.artemrede.pt\/pt_pt\/wp-json\/wp\/v2\/media\/2403"}],"wp:attachment":[{"href":"https:\/\/www.artemrede.pt\/pt_pt\/wp-json\/wp\/v2\/media?parent=3475"}],"curies":[{"name":"wp","href":"https:\/\/api.w.org\/{rel}","templated":true}]}}