{"id":1553,"date":"2020-03-30T09:04:38","date_gmt":"2020-03-30T09:04:38","guid":{"rendered":"https:\/\/www.artemrede.pt\/?page_id=1553"},"modified":"2020-08-02T22:04:09","modified_gmt":"2020-08-02T22:04:09","slug":"historico-de-programacao","status":"publish","type":"page","link":"https:\/\/www.artemrede.pt\/pt_pt\/historico-de-programacao\/","title":{"rendered":"Hist\u00f3rico de Programa\u00e7\u00e3o"},"content":{"rendered":"\n<h1>Hist\u00f3rico de Programa\u00e7\u00e3o<\/h1>\nSorry, there is nothing to display here&hellip;<hr class=\"wm-divider type-whitespace\" \/>\n","protected":false},"excerpt":{"rendered":"<div class=\"entry-summary\">\n<div class=\"entry-summary\">\nHist\u00f3rico de Programa\u00e7\u00e3o\n<\/div>\n<div class=\"link-more\"><a href=\"https:\/\/www.artemrede.pt\/pt_pt\/historico-de-programacao\/\" class=\"more-link\">Continuar a ler<span class=\"screen-reader-text\"> &ldquo;Hist\u00f3rico de Programa\u00e7\u00e3o&rdquo;<\/span>&hellip;<\/a><\/div>\n<\/div>\n<div class=\"link-more\"><a href=\"https:\/\/www.artemrede.pt\/pt_pt\/historico-de-programacao\/\" class=\"more-link\">Continuar a ler<span class=\"screen-reader-text\"> &ldquo;Hist\u00f3rico de Programa\u00e7\u00e3o&rdquo;<\/span>&hellip;<\/a><\/div>\n","protected":false},"author":1,"featured_media":0,"parent":0,"menu_order":0,"comment_status":"closed","ping_status":"closed","template":"","meta":{"om_disable_all_campaigns":false,"_monsterinsights_skip_tracking":false,"_monsterinsights_sitenote_active":false,"_monsterinsights_sitenote_note":"","_monsterinsights_sitenote_category":0,"footnotes":""},"class_list":["post-1553","page","type-page","status-publish","hentry","entry"],"aioseo_notices":[],"uagb_featured_image_src":{"full":false,"thumbnail":false,"medium":false,"medium_large":false,"large":false,"1536x1536":false,"2048x2048":false,"trp-custom-language-flag":false,"icelander-thumbnail":false,"icelander-square":false,"icelander-intro":false},"uagb_author_info":{"display_name":"invisiblepgt","author_link":"https:\/\/www.artemrede.pt\/pt_pt\/author\/invisiblepgt\/"},"uagb_comment_info":0,"uagb_excerpt":"Hist\u00f3rico de Programa\u00e7\u00e3o Continuar a ler &ldquo;Hist\u00f3rico de Programa\u00e7\u00e3o&rdquo;&hellip;","_links":{"self":[{"href":"https:\/\/www.artemrede.pt\/pt_pt\/wp-json\/wp\/v2\/pages\/1553","targetHints":{"allow":["GET"]}}],"collection":[{"href":"https:\/\/www.artemrede.pt\/pt_pt\/wp-json\/wp\/v2\/pages"}],"about":[{"href":"https:\/\/www.artemrede.pt\/pt_pt\/wp-json\/wp\/v2\/types\/page"}],"author":[{"embeddable":true,"href":"https:\/\/www.artemrede.pt\/pt_pt\/wp-json\/wp\/v2\/users\/1"}],"replies":[{"embeddable":true,"href":"https:\/\/www.artemrede.pt\/pt_pt\/wp-json\/wp\/v2\/comments?post=1553"}],"version-history":[{"count":5,"href":"https:\/\/www.artemrede.pt\/pt_pt\/wp-json\/wp\/v2\/pages\/1553\/revisions"}],"predecessor-version":[{"id":1793,"href":"https:\/\/www.artemrede.pt\/pt_pt\/wp-json\/wp\/v2\/pages\/1553\/revisions\/1793"}],"wp:attachment":[{"href":"https:\/\/www.artemrede.pt\/pt_pt\/wp-json\/wp\/v2\/media?parent=1553"}],"curies":[{"name":"wp","href":"https:\/\/api.w.org\/{rel}","templated":true}]}}