{"id":1220,"date":"2020-03-01T21:48:44","date_gmt":"2020-03-01T21:48:44","guid":{"rendered":"https:\/\/www.artemrede.pt\/?page_id=1220"},"modified":"2024-04-12T17:31:05","modified_gmt":"2024-04-12T17:31:05","slug":"contacto-e-equipa","status":"publish","type":"page","link":"https:\/\/www.artemrede.pt\/pt_pt\/contacto-e-equipa\/","title":{"rendered":"Contacto e Equipa"},"content":{"rendered":"\n\n\t<h1>Contacto e Equipa<\/h1>\n<hr class=\"wm-divider type-whitespace\" \/>\n\t<h2>Marta Martins<\/h2>\nDiretora Executiva<br \/>\nmarta.martins [at] artemrede.pt\n\t<h2>Maria Cordeiro<\/h2>\nGestora de projetos<br \/>\nmaria.cordeiro [at] artemrede.pt\n<p>&nbsp;<\/p>\n\t<h2>Fernanda Madeira<\/h2>\nGestora Financeira<br \/>\nfinanceira [at] artemrede.pt\n<p>&nbsp;<\/p>\n\t<h2>Cl\u00e1udia Hort\u00eancio<\/h2>\nGestora de projetos<br \/>\nclaudia.hortencio [at] artemrede.pt\n\t<h2>Catarina Serrazina<\/h2>\nRespons\u00e1vel de Produ\u00e7\u00e3o<br \/>\ncatarina.serrazina [at] artemrede.pt\n\t\n<h2>Sandra Marques<\/h2>\nAssistente Administrativa<br \/>\nartemrede [at] artemrede.pt\n<p>&nbsp;<\/p>\n\t<h2>Clara Antunes<\/h2>\nGestora de projetos<br \/>\nclara.antunes [at] artemrede.pt\n\t<h2>In\u00eas Arromba<\/h2>\nAssistente de Produ\u00e7\u00e3o e Comunica\u00e7\u00e3o<br \/>\nines.arromba [at] artemrede.pt\n<p>&nbsp;<\/p>\n\t<h2>Bruno Castro<\/h2>\nAssessor de Comunica\u00e7\u00e3o<br \/>\nbruno.castro [at] artemrede.pt\n<p>&nbsp;<\/p>\n<hr class=\"wm-divider type-whitespace\" \/>\n","protected":false},"excerpt":{"rendered":"<div class=\"entry-summary\">\n<div class=\"entry-summary\">\nContacto e Equipa Marta Martins Diretora Executiva marta.martins  artemrede.pt Maria Cordeiro Gestora de projetos maria.cordeiro  artemrede.pt &nbsp; Fernanda Madeira Gestora Financeira financeira  artemrede.pt &nbsp; Cl\u00e1udia Hort\u00eancio Gestora de projetos claudia.hortencio  artemrede.pt Catarina Serrazina Respons\u00e1vel de Produ\u00e7\u00e3o&hellip;\n<\/div>\n<div class=\"link-more\"><a href=\"https:\/\/www.artemrede.pt\/pt_pt\/contacto-e-equipa\/\" class=\"more-link\">Continuar a ler<span class=\"screen-reader-text\"> &ldquo;Contacto e Equipa&rdquo;<\/span>&hellip;<\/a><\/div>\n<\/div>\n<div class=\"link-more\"><a href=\"https:\/\/www.artemrede.pt\/pt_pt\/contacto-e-equipa\/\" class=\"more-link\">Continuar a ler<span class=\"screen-reader-text\"> &ldquo;Contacto e Equipa&rdquo;<\/span>&hellip;<\/a><\/div>\n","protected":false},"author":1,"featured_media":0,"parent":0,"menu_order":0,"comment_status":"closed","ping_status":"closed","template":"","meta":{"om_disable_all_campaigns":false,"_monsterinsights_skip_tracking":false,"_monsterinsights_sitenote_active":false,"_monsterinsights_sitenote_note":"","_monsterinsights_sitenote_category":0,"footnotes":""},"class_list":["post-1220","page","type-page","status-publish","hentry","entry"],"aioseo_notices":[],"uagb_featured_image_src":{"full":false,"thumbnail":false,"medium":false,"medium_large":false,"large":false,"1536x1536":false,"2048x2048":false,"trp-custom-language-flag":false,"icelander-thumbnail":false,"icelander-square":false,"icelander-intro":false},"uagb_author_info":{"display_name":"invisiblepgt","author_link":"https:\/\/www.artemrede.pt\/pt_pt\/author\/invisiblepgt\/"},"uagb_comment_info":0,"uagb_excerpt":"Contacto e Equipa Marta Martins Diretora Executiva marta.martins [at] artemrede.pt Maria Cordeiro Gestora de projetos maria.cordeiro [at] artemrede.pt &nbsp; Fernanda Madeira Gestora Financeira financeira [at] artemrede.pt &nbsp; Cl\u00e1udia Hort\u00eancio Gestora de projetos claudia.hortencio [at] artemrede.pt Catarina Serrazina Respons\u00e1vel de Produ\u00e7\u00e3o&hellip; Continuar a ler &ldquo;Contacto e Equipa&rdquo;&hellip;","_links":{"self":[{"href":"https:\/\/www.artemrede.pt\/pt_pt\/wp-json\/wp\/v2\/pages\/1220","targetHints":{"allow":["GET"]}}],"collection":[{"href":"https:\/\/www.artemrede.pt\/pt_pt\/wp-json\/wp\/v2\/pages"}],"about":[{"href":"https:\/\/www.artemrede.pt\/pt_pt\/wp-json\/wp\/v2\/types\/page"}],"author":[{"embeddable":true,"href":"https:\/\/www.artemrede.pt\/pt_pt\/wp-json\/wp\/v2\/users\/1"}],"replies":[{"embeddable":true,"href":"https:\/\/www.artemrede.pt\/pt_pt\/wp-json\/wp\/v2\/comments?post=1220"}],"version-history":[{"count":16,"href":"https:\/\/www.artemrede.pt\/pt_pt\/wp-json\/wp\/v2\/pages\/1220\/revisions"}],"predecessor-version":[{"id":3869,"href":"https:\/\/www.artemrede.pt\/pt_pt\/wp-json\/wp\/v2\/pages\/1220\/revisions\/3869"}],"wp:attachment":[{"href":"https:\/\/www.artemrede.pt\/pt_pt\/wp-json\/wp\/v2\/media?parent=1220"}],"curies":[{"name":"wp","href":"https:\/\/api.w.org\/{rel}","templated":true}]}}