{"id":1204,"date":"2020-03-01T21:23:07","date_gmt":"2020-03-01T21:23:07","guid":{"rendered":"https:\/\/www.artemrede.pt\/?page_id=1204"},"modified":"2026-02-24T12:15:12","modified_gmt":"2026-02-24T12:15:12","slug":"orgaos-sociais","status":"publish","type":"page","link":"https:\/\/www.artemrede.pt\/pt_pt\/orgaos-sociais\/","title":{"rendered":"\u00d3rg\u00e3os Sociais"},"content":{"rendered":"\n\n\t<h1>\u00d3rg\u00e3os Sociais<\/h1>\n<hr class=\"wm-divider type-whitespace\" \/>\n\t<p>Os atuais \u00d3rg\u00e3os Sociais da Artemrede foram eleitos em fevereiro de 2026.<\/p>\n<div class=\"wm-accordion clearfix\" data-active=\"1\" data-mode=\"accordion\">\r\n<div class=\"wm-item wm-item-wrap\"><h3 class=\"wm-item-title\" data-tags=\"\" data-tag-names=\"\">Assembleia Geral<\/h3><div class=\"wm-item-content clearfix AssembleiaGeral\"><p><strong>Presid\u00eancia\u2028<\/strong>Munic\u00edpio de Almada, representado por In\u00eas de Medeiros (Presidente)\u2028<strong>Vice-Presid\u00eancia\u2028<\/strong>Munic\u00edpio de Alcoba\u00e7a, representado por Paula Malojo (Vereadora da Cultura)<strong>\u2028Vogal\u2028<\/strong>Munic\u00edpio de Santar\u00e9m, representado por Emanuel Campos (Vereador da Cultura)<\/p>\n<\/div><\/div>\r\n\r\n<div class=\"wm-item wm-item-wrap\"><h3 class=\"wm-item-title\" data-tags=\"\" data-tag-names=\"\">Dire\u00e7\u00e3o<\/h3><div class=\"wm-item-content clearfix Direo\"><p><strong>Presid\u00eancia<\/strong>Munic\u00edpio de Abrantes, representado por Lu\u00eds Dias (Vereador da Cultura)<strong>\u2028Vice-Presid\u00eancia<\/strong>Munic\u00edpio de Lisboa, representado por Jo\u00e3o Diogo Santos Moura (Vereador da Cultura)<strong>Vogal\u2028<\/strong>Munic\u00edpio de Torres Vedras, representado por Rui Estrela (Vereador da Cultura)<strong>Vogal<\/strong>\u2028Munic\u00edpio de Palmela, representado por Fernanda P\u00e9sinho (Vereadora da Cultura)<strong>Vogal\u2028<\/strong>Munic\u00edpio do Barreiro, representado por Sara Ferreira (Vereadora da Cultura)<\/p>\n<\/div><\/div>\r\n\r\n<div class=\"wm-item wm-item-wrap\"><h3 class=\"wm-item-title\" data-tags=\"\" data-tag-names=\"\">Conselho Fiscal\u2028\u2028<\/h3><div class=\"wm-item-content clearfix ConselhoFiscal\"><p><strong>Presid\u00eancia\u2028<\/strong>Munic\u00edpio de Montemor-o-Novo, representado por Carlos Pinto S\u00e1 (Presidente)<strong>Vice-Presid\u00eancia\u2028<\/strong>Munic\u00edpio de Alcanena, representado por Gabriel Feitor (Vereador da Cultura)<strong>Vogal\u00a0<\/strong>\u2028Jos\u00e9 de Jesus Gon\u00e7alves Mendes, Revisor Oficial de Contas n\u00ba 833.\u00a0\u2028\u2028\u00a0<\/p>\n<\/div><\/div>\r\n\r\n<div class=\"wm-item wm-item-wrap\"><h3 class=\"wm-item-title\" data-tags=\"\" data-tag-names=\"\">Conselho Consultivo\u2028\u2028<\/h3><div class=\"wm-item-content clearfix ConselhoConsultivo\"><p>Criado no contexto do Plano Estrat\u00e9gico e Operacional 2015-2020, o Conselho Consultivo refor\u00e7a as compet\u00eancias de planeamento estrat\u00e9gico participado da Associa\u00e7\u00e3o, no quadro de um modelo de governa\u00e7\u00e3o que promove a participa\u00e7\u00e3o interna e externa nas grandes decis\u00f5es estrat\u00e9gicas. Com o Conselho Consultivo, a Artemrede pretende, igualmente, forjar la\u00e7os com outros setores da sociedade, com outras redes e pa\u00edses, detetar atempadamente tend\u00eancias de desenvolvimento e necessidades sociais emergentes, inspirar-se e afirmar-se como espa\u00e7o democr\u00e1tico de coopera\u00e7\u00e3o.<\/p>\n<h3>Composi\u00e7\u00e3o do Conselho Consultivo 2015-2025:\u2028<\/h3>\n<ul>\n<li>Ant\u00f3nio Fonseca Ferreira (2015 &#8211; 2018)<\/li>\n<li>Ant\u00f3nio Matos (desde 2018)\u2028<\/li>\n<li>Ant\u00f3nio Pinto Ribeiro\u00a0(2015 &#8211; 2017)<\/li>\n<li>Catarina Vaz Pinto (desde 2021)<\/li>\n<li>Elisa Babo (desde 2019)\u2028<\/li>\n<li>Helena Santos (2016-2019)\u2028<\/li>\n<li>Jo\u00e3o Ferr\u00e3o (2015 &#8211; 2019)\u2028<\/li>\n<li>Madalena Victorino (desde 2019)\u2028<\/li>\n<li>Maria de Assis Swinnerton (2015 &#8211; 2019)\u2028<\/li>\n<li>Miguel Honrado (desde 2019)<\/li>\n<li>V\u00e2nia Rodrigues (desde 2019)<\/li>\n<\/ul>\n<p>O Conselho Consultivo re\u00fane anualmente e t\u00eam nele assento profissionais de reconhecido m\u00e9rito escolhidos por convite da Dire\u00e7\u00e3o da Artemrede.<\/p>\n<\/div><\/div>\r\n<\/div><hr class=\"wm-divider type-whitespace\" \/>\n","protected":false},"excerpt":{"rendered":"<div class=\"entry-summary\">\n<div class=\"entry-summary\">\n\u00d3rg\u00e3os Sociais Os atuais \u00d3rg\u00e3os Sociais da Artemrede foram eleitos em fevereiro de 2026.\n<\/div>\n<div class=\"link-more\"><a href=\"https:\/\/www.artemrede.pt\/pt_pt\/orgaos-sociais\/\" class=\"more-link\">Continuar a ler<span class=\"screen-reader-text\"> &ldquo;\u00d3rg\u00e3os Sociais&rdquo;<\/span>&hellip;<\/a><\/div>\n<\/div>\n<div class=\"link-more\"><a href=\"https:\/\/www.artemrede.pt\/pt_pt\/orgaos-sociais\/\" class=\"more-link\">Continuar a ler<span class=\"screen-reader-text\"> &ldquo;\u00d3rg\u00e3os Sociais&rdquo;<\/span>&hellip;<\/a><\/div>\n","protected":false},"author":1,"featured_media":0,"parent":0,"menu_order":0,"comment_status":"closed","ping_status":"closed","template":"","meta":{"om_disable_all_campaigns":false,"_monsterinsights_skip_tracking":false,"_monsterinsights_sitenote_active":false,"_monsterinsights_sitenote_note":"","_monsterinsights_sitenote_category":0,"footnotes":""},"class_list":["post-1204","page","type-page","status-publish","hentry","entry"],"aioseo_notices":[],"uagb_featured_image_src":{"full":false,"thumbnail":false,"medium":false,"medium_large":false,"large":false,"1536x1536":false,"2048x2048":false,"trp-custom-language-flag":false,"icelander-thumbnail":false,"icelander-square":false,"icelander-intro":false},"uagb_author_info":{"display_name":"invisiblepgt","author_link":"https:\/\/www.artemrede.pt\/pt_pt\/author\/invisiblepgt\/"},"uagb_comment_info":0,"uagb_excerpt":"\u00d3rg\u00e3os Sociais Os atuais \u00d3rg\u00e3os Sociais da Artemrede foram eleitos em fevereiro de 2026. Continuar a ler &ldquo;\u00d3rg\u00e3os Sociais&rdquo;&hellip;","_links":{"self":[{"href":"https:\/\/www.artemrede.pt\/pt_pt\/wp-json\/wp\/v2\/pages\/1204","targetHints":{"allow":["GET"]}}],"collection":[{"href":"https:\/\/www.artemrede.pt\/pt_pt\/wp-json\/wp\/v2\/pages"}],"about":[{"href":"https:\/\/www.artemrede.pt\/pt_pt\/wp-json\/wp\/v2\/types\/page"}],"author":[{"embeddable":true,"href":"https:\/\/www.artemrede.pt\/pt_pt\/wp-json\/wp\/v2\/users\/1"}],"replies":[{"embeddable":true,"href":"https:\/\/www.artemrede.pt\/pt_pt\/wp-json\/wp\/v2\/comments?post=1204"}],"version-history":[{"count":22,"href":"https:\/\/www.artemrede.pt\/pt_pt\/wp-json\/wp\/v2\/pages\/1204\/revisions"}],"predecessor-version":[{"id":4601,"href":"https:\/\/www.artemrede.pt\/pt_pt\/wp-json\/wp\/v2\/pages\/1204\/revisions\/4601"}],"wp:attachment":[{"href":"https:\/\/www.artemrede.pt\/pt_pt\/wp-json\/wp\/v2\/media?parent=1204"}],"curies":[{"name":"wp","href":"https:\/\/api.w.org\/{rel}","templated":true}]}}