{"id":111,"date":"2020-02-26T17:36:08","date_gmt":"2020-02-26T17:36:08","guid":{"rendered":"https:\/\/www.artemrede.pt\/?page_id=111"},"modified":"2020-08-17T10:52:54","modified_gmt":"2020-08-17T10:52:54","slug":"politica-de-privacidade","status":"publish","type":"page","link":"https:\/\/www.artemrede.pt\/pt_pt\/politica-de-privacidade\/","title":{"rendered":"Pol\u00edtica de Privacidade"},"content":{"rendered":"\n<h1>Pol\u00edtica de Privacidade<\/h1>\n\t<p>A seguran\u00e7a e a privacidade dos dados dos utilizadores dos sites geridos pela Artemrede s\u00e3o aspetos de enorme import\u00e2ncia.<\/p>\n<p>A Artemrede, respons\u00e1vel pela gest\u00e3o e edi\u00e7\u00e3o do site\u00a0<a href=\"http:\/\/www.artemrede.pt\/\" target=\"_blank\" rel=\"noreferrer noopener\">www.artemrede.pt<\/a>, compromete-se a garantir a privacidade dos dados pessoais dos seus utilizadores, recolhidos atrav\u00e9s de cookies e da inscri\u00e7\u00e3o volunt\u00e1ria nas newsletters.<\/p>\n<p>Por favor, leia o texto que se segue para tomar conhecimento da forma como as informa\u00e7\u00f5es que disponibilizar ser\u00e3o tratadas pela Artemrede. A Artemrede reserva-se o direito de alterar a pol\u00edtica de privacidade, pelo que se aconselha a leitura regular deste documento.<\/p>\n<h3>\nTERMOS E CONDI\u00c7\u00d5ES GERAIS<br \/>\nE POL\u00cdTICA DE PRIVACIDADE<\/h3>\n<p>A utiliza\u00e7\u00e3o dos sites presume a aceita\u00e7\u00e3o pelo utilizador dos presentes termos e condi\u00e7\u00f5es, bem como da Pol\u00edtica de Privacidade em vigor.<\/p>\n<p>Os conte\u00fados apresentados est\u00e3o protegidos por lei.<\/p>\n<p>A Artemrede reserva-se no direito de alterar as presentes condi\u00e7\u00f5es gerais.<\/p>\n<strong>OBRIGA\u00c7\u00d5ES E CONDUTA<br \/>\n<\/strong><br \/>\nTendo em considera\u00e7\u00e3o o uso dos sites da Artemrede, acima referidos o utilizador concorda em: fornecer informa\u00e7\u00f5es corretas, atuais e completas aquando do seu registo; manter a seguran\u00e7a da sua password e identifica\u00e7\u00e3o; manter a sua informa\u00e7\u00e3o atualizada; aceitar todos os riscos de acesso n\u00e3o autorizado \u00e0 informa\u00e7\u00e3o.\n<strong>RESPONSABILIDADE<br \/>\n<\/strong><br \/>\nA Artemrede possui os adequados n\u00edveis de seguran\u00e7a, contudo n\u00e3o ser\u00e1 respons\u00e1vel por quaisquer preju\u00edzos sofridos pelo utilizador e\/ou por terceiros, em virtude de atrasos, interrup\u00e7\u00f5es, erros e suspens\u00f5es de comunica\u00e7\u00f5es que tenham fatores fora do controlo desta, nomeadamente, quaisquer falhas ou defici\u00eancias provocadas pela rede de comunica\u00e7\u00f5es ou servi\u00e7os de comunica\u00e7\u00f5es prestados por terceiros, pelo sistema inform\u00e1tico, pelos modems, pelo software de liga\u00e7\u00e3o ou eventuais v\u00edrus inform\u00e1ticos ou decorrentes de descarregamento (download) atrav\u00e9s do servi\u00e7o de ficheiros infetados ou contendo v\u00edrus ou outras propriedades que possam afetar o equipamento do utilizador.\n<p>Se por algum motivo de erro de acesso aos sites houver a impossibilidade de presta\u00e7\u00e3o de servi\u00e7o, a Artemrede n\u00e3o ser\u00e1 respons\u00e1vel por eventuais preju\u00edzos da\u00ed decorridos.<\/p>\n<p>A Artemrede pode fornecer avisos ao utilizador por e-mail, e\/ou atrav\u00e9s de publica\u00e7\u00e3o de not\u00edcias ou alertas nos sites.<\/p>\n<p>A Artemrede reserva-se todo e qualquer direito de, a qualquer momento, modificar, suspender ou terminar quaisquer servi\u00e7os.<\/p>\n<p>A Artemrede tentar\u00e1, sempre que se mostrar poss\u00edvel e atempadamente, informar de qualquer interrup\u00e7\u00e3o de servi\u00e7o, tendo presente que n\u00e3o se encontra obrigada a informar.<\/p>\n<p>Qualquer informa\u00e7\u00e3o ou mensagem deixada pelo utilizador nos sites ser\u00e1 considerada propriedade da Artemrede n\u00e3o sendo considerada confidencial.<\/p>\n<p>A Artemrede reserva-se o direito de copiar, divulgar, distribuir ou utilizar da forma que julgar mais apropriada, todo o material que seja fornecido, com exce\u00e7\u00e3o de informa\u00e7\u00f5es particulares e dados pessoais protegidos ao abrigo da Pol\u00edtica de Privacidade em vigor.<\/p>\n<p>O utilizador obriga-se a abster-se de utilizar o site para postagem e divulga\u00e7\u00e3o de coment\u00e1rios discriminat\u00f3rios, obscenos, pornogr\u00e1ficos, difamat\u00f3rios, suscet\u00edveis de incitar ao \u00f3dio racial, quebra de sigilo ou da privacidade, que possam causar desconforto ou inc\u00f3modo a terceiros, que encorajam ou constituam conduta que possa ser considerada uma ofensa criminal, dar origem a responsabilidade civil ou qualquer outra forma que seja contr\u00e1ria \u00e0 lei portuguesa, comprometendo-se a apagar assim que observe este comportamento.<\/p>\n<p>Este site pode conter links para sites de terceiros (\u201csites vinculados\u201d), os quais podem conter informa\u00e7\u00f5es \u00fateis. A pol\u00edtica de privacidade em vigor n\u00e3o se aplica a estes sites.<\/p>\n<p>A Artemrede declina qualquer responsabilidade por danos diretos ou indiretos consequentes da utiliza\u00e7\u00e3o destes sites ou de outro ligado a este.<\/p>\n<p>A Artemrede reserva-se no direito de modificar a qualquer momento a informa\u00e7\u00e3o apresentada nos sites de forma a estar a atualizado.<\/p>\n<strong><br \/>\nCOOKIES\u2028<\/strong>\n<p>Os cookies s\u00e3o pequenos ficheiros de texto enviados pelos sites e que s\u00e3o armazenados no computador pessoal de cada utilizador. A utiliza\u00e7\u00e3o de cookies visa o aumento de efici\u00eancia dos sites, assim como permite fornecer aos propriet\u00e1rios dos sites informa\u00e7\u00e3o \u00fatil para a melhoria e aperfei\u00e7oamento do site e dos servi\u00e7os prestados.<\/p>\n<p>Com o objetivo de prestar servi\u00e7os com conte\u00fados adaptados aos interesses dos visitantes, os sites recorrem \u00e0 tecnologia de cookie para recolher e guardar informa\u00e7\u00e3o. Utilizar a tecnologia de cookie para contar as visitas \u00e0s p\u00e1ginas, permite a an\u00e1lise da utiliza\u00e7\u00e3o dos sites de forma mais precisa.<\/p>\n<p>Os sites, uma vez efetuado o registo pelo utilizador, recorre \u00e0 tecnologia cookie, de modo a ter acesso a um pequeno arquivo de dados gerado pelo utilizador.<\/p>\n<p>Se o utilizador n\u00e3o desejar receber cookies, pode configurar o seu computador para o avisar sempre que receber um cookie ou desativar todos os cookies atrav\u00e9s do seu browser.<\/p>\n<p>Se desativar os cookies, poder\u00e1 n\u00e3o conseguir aceder a algumas das funcionalidades disponibilizadas pelos sites.<\/p>\n<p><strong>NEWSLETTER<\/p>\n<p><\/strong>Os utilizadores podem inscrever-se voluntariamente nas newsletters do site www.artemrede.pt, fornecendo para tal os seguintes dados: Nome, Distrito \/ Pa\u00eds, Data de nascimento\/Ano e endere\u00e7o eletr\u00f3nico. A Artemrede utilizar\u00e1 os dados do formul\u00e1rio da newsletter para o contactar e para o manter atualizado sobre os seus projetos e atividades. Se o utilizador quiser deixar de receber a newsletter, existe um link para o cancelamento da subscri\u00e7\u00e3o na pr\u00f3pria newsletter.<\/p>\n<p><strong>DIREITOS DE PROPRIEDADE INTELECTUAL<\/p>\n<p><\/strong>Os direitos de autor sobre textos, imagens, som, anima\u00e7\u00e3o, v\u00eddeo e demais conte\u00fados inseridos nestes sites s\u00e3o propriedade da Artemrede ou a sua utiliza\u00e7\u00e3o se encontra devidamente autorizada por parte do seu leg\u00edtimo titular quando seja um terceiro.<\/p>\n<p>O utilizador reconhece que o conte\u00fado deste site est\u00e1 protegido por direitos de propriedade intelectual e obriga-se a respeitar tais direitos.<\/p>\n<p>Todo o conte\u00fado dos sites encontra-se assim protegido pelo disposto no C\u00f3digo do Direito de Autor e dos Direitos Conexos e pelo C\u00f3digo da Propriedade Industrial, n\u00e3o podendo ser objeto de reprodu\u00e7\u00e3o ou apropria\u00e7\u00e3o sem expressa permiss\u00e3o escrita dos respetivos detentores dos direitos, pelo que poder\u00e3o os autores prejudicados nos seus interesses morais e\/ou materiais reclamar \u00e0 entidade indemniza\u00e7\u00e3o por perdas e danos, independentemente da responsabilidade criminal possa existir.<\/p>\n<p>A Artemrede reserva-se ao direito de, a qualquer momento, introduzir altera\u00e7\u00f5es nestes conte\u00fados, n\u00e3o tendo obriga\u00e7\u00e3o de efetuar qualquer comunica\u00e7\u00e3o pr\u00e9via ao utilizador.<\/p>\n<strong><br \/>\nSUGEST\u00d5ES, RECLAMA\u00c7\u00d5ES E ESCLARECIMENTOS<\/strong>\n<p>Para esclarecimentos adicionais, por favor contactar atrav\u00e9s do endere\u00e7o de email:\u00a0artemrede [at] artemrede.pt<\/p>\n","protected":false},"excerpt":{"rendered":"<div class=\"entry-summary\">\n<div class=\"entry-summary\">\nPol\u00edtica de Privacidade A seguran\u00e7a e a privacidade dos dados dos utilizadores dos sites geridos pela Artemrede s\u00e3o aspetos de enorme import\u00e2ncia. A Artemrede, respons\u00e1vel pela gest\u00e3o e edi\u00e7\u00e3o do site\u00a0www.artemrede.pt, compromete-se a garantir a privacidade dos dados pessoais dos&hellip;\n<\/div>\n<div class=\"link-more\"><a href=\"https:\/\/www.artemrede.pt\/pt_pt\/politica-de-privacidade\/\" class=\"more-link\">Continuar a ler<span class=\"screen-reader-text\"> &ldquo;Pol\u00edtica de Privacidade&rdquo;<\/span>&hellip;<\/a><\/div>\n<\/div>\n<div class=\"link-more\"><a href=\"https:\/\/www.artemrede.pt\/pt_pt\/politica-de-privacidade\/\" class=\"more-link\">Continuar a ler<span class=\"screen-reader-text\"> &ldquo;Pol\u00edtica de Privacidade&rdquo;<\/span>&hellip;<\/a><\/div>\n","protected":false},"author":1,"featured_media":0,"parent":0,"menu_order":0,"comment_status":"closed","ping_status":"closed","template":"","meta":{"om_disable_all_campaigns":false,"_monsterinsights_skip_tracking":false,"_monsterinsights_sitenote_active":false,"_monsterinsights_sitenote_note":"","_monsterinsights_sitenote_category":0,"footnotes":""},"class_list":["post-111","page","type-page","status-publish","hentry","entry"],"aioseo_notices":[],"uagb_featured_image_src":{"full":false,"thumbnail":false,"medium":false,"medium_large":false,"large":false,"1536x1536":false,"2048x2048":false,"trp-custom-language-flag":false,"icelander-thumbnail":false,"icelander-square":false,"icelander-intro":false},"uagb_author_info":{"display_name":"invisiblepgt","author_link":"https:\/\/www.artemrede.pt\/pt_pt\/author\/invisiblepgt\/"},"uagb_comment_info":0,"uagb_excerpt":"Pol\u00edtica de Privacidade A seguran\u00e7a e a privacidade dos dados dos utilizadores dos sites geridos pela Artemrede s\u00e3o aspetos de enorme import\u00e2ncia. A Artemrede, respons\u00e1vel pela gest\u00e3o e edi\u00e7\u00e3o do site\u00a0www.artemrede.pt, compromete-se a garantir a privacidade dos dados pessoais dos&hellip; Continuar a ler &ldquo;Pol\u00edtica de Privacidade&rdquo;&hellip;","_links":{"self":[{"href":"https:\/\/www.artemrede.pt\/pt_pt\/wp-json\/wp\/v2\/pages\/111","targetHints":{"allow":["GET"]}}],"collection":[{"href":"https:\/\/www.artemrede.pt\/pt_pt\/wp-json\/wp\/v2\/pages"}],"about":[{"href":"https:\/\/www.artemrede.pt\/pt_pt\/wp-json\/wp\/v2\/types\/page"}],"author":[{"embeddable":true,"href":"https:\/\/www.artemrede.pt\/pt_pt\/wp-json\/wp\/v2\/users\/1"}],"replies":[{"embeddable":true,"href":"https:\/\/www.artemrede.pt\/pt_pt\/wp-json\/wp\/v2\/comments?post=111"}],"version-history":[{"count":8,"href":"https:\/\/www.artemrede.pt\/pt_pt\/wp-json\/wp\/v2\/pages\/111\/revisions"}],"predecessor-version":[{"id":1863,"href":"https:\/\/www.artemrede.pt\/pt_pt\/wp-json\/wp\/v2\/pages\/111\/revisions\/1863"}],"wp:attachment":[{"href":"https:\/\/www.artemrede.pt\/pt_pt\/wp-json\/wp\/v2\/media?parent=111"}],"curies":[{"name":"wp","href":"https:\/\/api.w.org\/{rel}","templated":true}]}}