{"id":4671,"date":"2026-04-20T10:45:00","date_gmt":"2026-04-20T10:45:00","guid":{"rendered":"https:\/\/www.artemrede.pt\/?page_id=4671"},"modified":"2026-04-20T15:54:45","modified_gmt":"2026-04-20T15:54:45","slug":"dias-abertos-2026","status":"publish","type":"page","link":"https:\/\/www.artemrede.pt\/en\/dias-abertos-2026\/","title":{"rendered":"Cultura \u00c9 Direito(s)"},"content":{"rendered":"<p>Os Dias Abertos da Artemrede est\u00e3o de volta em 2026, num momento desafiante, em que Cultura e Direito(s) s\u00e3o cruciais. Ser\u00e3o dois dias dedicados ao encontro, \u00e0 partilha e ao debate, com todos aqueles que constroem a rede e todos os que quiserem juntar-se a n\u00f3s. Vamos focar-nos em direitos culturais e pol\u00edticas p\u00fablicas, partilhar inquieta\u00e7\u00f5es e aspira\u00e7\u00f5es, ouvir experi\u00eancias, d\u00favidas e propostas. Dois dias com parceiros, c\u00famplices e amigos; com artistas, t\u00e9cnicos e programadores, mediadores, autarcas, espectadores; com conhecedores, curiosos e cr\u00edticos. Os DIAS ABERTOS DA ARTEMREDE s\u00e3o, de novo, momentos de escuta e de di\u00e1logo, nos quais podemos todos olhar a realidade com honestidade e desenhar futuros com convic\u00e7\u00e3o. <\/p>\n<p>&nbsp;<\/p>\n<p>ALCOBA\u00c7A | 11 + 12 MAIO 2026<\/p>\n\t\t\t<a href=\"https:\/\/forms.gle\/Fhsnmiv7DEHPmivW7\" target=\"_self\">\n\t\t\t\t\t\tSIGN UP NOW!\n\t\t\t\t\t<\/a>\n<h1>\n\t\t\u00a0Sess\u00f5es e Oradores\n\t<\/h1>\n\t\t\t\t<img loading=\"lazy\" decoding=\"async\" src=\"https:\/\/www.artemrede.pt\/wp-content\/uploads\/2026\/04\/photo_2026-04-20-16.13.06.jpeg\" alt=\"photo_2026-04-20 16.13.06\" itemprop=\"image\" height=\"720\" width=\"1280\" title=\"photo_2026-04-20 16.13.06\" onerror=\"this.style.display='none'\"  \/>\n\t\t\t\t<img loading=\"lazy\" decoding=\"async\" src=\"https:\/\/www.artemrede.pt\/wp-content\/uploads\/2026\/04\/photo_2026-04-20-16.13.20.jpeg\" alt=\"photo_2026-04-20 16.13.20\" itemprop=\"image\" height=\"720\" width=\"1280\" title=\"photo_2026-04-20 16.13.20\" onerror=\"this.style.display='none'\"  \/>\n\t<p>Jazm\u00edn Beirak: Licenciada em Hist\u00f3ria e Teoria da Arte pela Universidade Aut\u00f3noma de Madrid (UAM), diplomada em Estudos Avan\u00e7ados em Hist\u00f3ria e Teoria da Arte (UAM) e funcion\u00e1ria p\u00fablica de carreira. Gestora cultural, investigadora em pol\u00edticas culturais e especialista em direitos culturais. Tem desenvolvido a sua atividade pol\u00edtica neste dom\u00ednio, tendo desempenhado, nas \u00faltimas legislaturas, as fun\u00e7\u00f5es de deputada e porta-voz para a cultura na Assembleia de Madrid. Como gestora cultural, trabalhou no Museu da Biblioteca Nacional com fun\u00e7\u00f5es de curadoria, did\u00e1tica e gest\u00e3o de atividades p\u00fablicas, e participou em diversos projetos de investiga\u00e7\u00e3o, como Arte e Transi\u00e7\u00e3o (Brumaria, 2012) ou Horizontes da Arte em Espanha (YGBArt, 2013), ambos em colabora\u00e7\u00e3o com o Museu Nacional Centro de Arte Reina Sof\u00eda. Ministrou diversas confer\u00eancias e lecionou em mestrados na \u00e1rea dos direitos culturais e publicou artigos sobre pol\u00edtica cultural em diversos meios de comunica\u00e7\u00e3o generalistas e especializados. \u00c9 tamb\u00e9m autora de Cultura Ingobern\u00e1vel (Ariel, 2022) sobre cultura e pol\u00edticas culturais. A 28 de mar\u00e7o de 2024, foi nomeada Diretora-Geral de Direitos Culturais.<\/p>\n\t<p>V\u00e2nia Rodrigues: Licenciada em Hist\u00f3ria e Teoria da Arte pela Universidade Aut\u00f3noma de Madrid (UAM), diplomada em Estudos Avan\u00e7ados em Hist\u00f3ria e Teoria da Arte (UAM) e funcion\u00e1ria p\u00fablica de carreira. Gestora cultural, investigadora em pol\u00edticas culturais e especialista em direitos culturais. Tem desenvolvido a sua atividade pol\u00edtica neste dom\u00ednio, tendo desempenhado, nas \u00faltimas legislaturas, as fun\u00e7\u00f5es de deputada e porta-voz para a cultura na Assembleia de Madrid. Como gestora cultural, trabalhou no Museu da Biblioteca Nacional com fun\u00e7\u00f5es de curadoria, did\u00e1tica e gest\u00e3o de atividades p\u00fablicas, e participou em diversos projetos de investiga\u00e7\u00e3o, como Arte e Transi\u00e7\u00e3o (Brumaria, 2012) ou Horizontes da Arte em Espanha (YGBArt, 2013), ambos em colabora\u00e7\u00e3o com o Museu Nacional Centro de Arte Reina Sof\u00eda. Ministrou diversas confer\u00eancias e lecionou em mestrados na \u00e1rea dos direitos culturais e publicou artigos sobre pol\u00edtica cultural em diversos meios de comunica\u00e7\u00e3o generalistas e especializados. \u00c9 tamb\u00e9m autora de Cultura Ingobern\u00e1vel (Ariel, 2022) sobre cultura e pol\u00edticas culturais. A 28 de mar\u00e7o de 2024, foi nomeada Diretora-Geral de Direitos Culturais.<\/p>\n\t\t\t\t<img loading=\"lazy\" decoding=\"async\" src=\"https:\/\/www.artemrede.pt\/wp-content\/uploads\/2026\/04\/photo_2026-04-20-16.13.24.jpeg\" alt=\"photo_2026-04-20 16.13.24\" itemprop=\"image\" height=\"720\" width=\"1280\" title=\"photo_2026-04-20 16.13.24\" onerror=\"this.style.display='none'\"  \/>\n\t\t\t\t<img loading=\"lazy\" decoding=\"async\" src=\"https:\/\/www.artemrede.pt\/wp-content\/uploads\/2026\/04\/photo_2026-04-20-16.13.16.jpeg\" alt=\"photo_2026-04-20 16.13.16\" itemprop=\"image\" height=\"720\" width=\"1280\" title=\"photo_2026-04-20 16.13.16\" onerror=\"this.style.display='none'\"  \/>\n\t<p>Catarina Vaz Pinto: Licenciada em Direito e p\u00f3s-graduada em Estudos Europeus. Consultora e gestora cultural. Administradora n\u00e3o executiva da Funda\u00e7\u00e3o Cultural Europeia, desde 2021. Vereadora da Cultura C\u00e2mara Municipal de Lisboa (2009 &#8211; 2021). Coordenadora Executiva do Programa Gulbenkian Criatividade e Cria\u00e7\u00e3o Art\u00edstica\/Funda\u00e7\u00e3o Calouste Gulbenkian (2003-2007)..Diretora-executiva da P\u00f3s-gradua\u00e7\u00e3o em &#8216;Gest\u00e3o Cultural nas Cidades&#8217;\/INDEG\/ISCTE (2001-2004). Secret\u00e1ria de Estado da Cultura (1997-2000). Co- fundadora e Diretora-executiva F\u00f3rum Dan\u00e7a (1991-1995). .<\/p>\n<p> In\u00eas C\u00e2mara: Co-fundadora e diretora-geral da Mapa das Ideias desde 1999, uma empresa dedicada \u00e0 media\u00e7\u00e3o cultural nas \u00e1reas de patrim\u00f3nio, cultura, artes e ci\u00eancia. \u00c9 ainda membro do ICOM Portugal, da Associa\u00e7\u00e3o Portuguesa de Museologia e da European Sociological Association. A partir de 2007 coordenou cursos de Media\u00e7\u00e3o em Museus e desde 2018 promove processos de design colaborativo. Recentemente assumiu a coordena\u00e7\u00e3o cient\u00edfica e editorial do estudo-diagn\u00f3stico People &amp; Planet sobre o impacto das altera\u00e7\u00f5es clim\u00e1ticas e que envolveu 3500 jovens de oito pa\u00edses europeus. Tamb\u00e9m \u00e9 docente no Instituto Polit\u00e9cnico de Tomar desde 2000. Foi Presidente da rede europeia Culture Action Europe de 2021 a 2025 e \u00e9 tamb\u00e9m co-fundadora e Presidente d&#8217;A Reserva, que promove a coopera\u00e7\u00e3o e experimenta\u00e7\u00e3o no setor cultural. Neste \u00e2mbito, coordenou a implementa\u00e7\u00e3o do programa municipal Oeiras Educa Mais, assumindo o Observat\u00f3rio desde 2018. Est\u00e1 envolvida em diferentes projetos de investiga\u00e7\u00e3o e de forma\u00e7\u00e3o.<\/p>\n\t<p>Andr\u00e9 Tecedeiro (1979): Formado em Pintura e em Psicologia, desenvolve uma obra que cruza poesia, dramaturgia e artes visuais. \u00c9 autor de nove livros de poesia, entre os quais A Axila de Egon Schiele (Porto Editora) e, para crian\u00e7as, Do Ovo ao Voo (APCC). Para teatro, escreveu recentemente O Lago dos Cisnes, Come\u00e7ar Tudo Outra Vez, Trote Torto, Atlas da Meritocracia e Delonga Noite. Foi poeta convidado em festivais liter\u00e1rios em Buenos Aires, Bogot\u00e1, Barcelona, S\u00e8te e Compostela, entre outros. Em 2025, venceu a 2.\u00aa edi\u00e7\u00e3o da Resid\u00eancia de Escrita de Poesia da Casa Fernando Pessoa, em parceria com a Dire\u00e7\u00e3o Regional da Cultura dos A\u00e7ores. \u00c9 consultor e formador em diversidade e inclus\u00e3o de g\u00e9nero e foi orador em dezenas de debates, conversas e confer\u00eancias, partilhando a sua experi\u00eancia como pessoa trans pela visibilidade e direitos das pessoas LGBTQIA+.<\/p>\n<p>Beatriz Vasconcelos trabalha em comunica\u00e7\u00e3o, assessoria de imprensa e produ\u00e7\u00e3o sempre ligada ao setor cultural e das artes. Atualmente integra o departamento de comunica\u00e7\u00e3o do Teatro do Bairro alto em Lisboa, um teatro municipal dedicado \u00e0 cria\u00e7\u00e3o contempor\u00e2nea, experimental e emergente, com um importante foco na acessibilidade, inclus\u00e3o e sustentabilidade.<\/p>\n<p>Diana Niepce cria obras que questionam as normas sobre o corpo humano, na sociedade como em palco. Espet\u00e1culos como<em> Anda, Diana<\/em> e <em>O Outro Lado da Dan\u00e7a<\/em> colocaram a core\u00f3grafa na vanguarda da cria\u00e7\u00e3o art\u00edstica em Portugal. \u00c9 autora de v\u00e1rias pe\u00e7as, como <em>Forgotten Fog, Raw a nude, Dueto, Utopia, NORMA<\/em> e <em>Hornfuckers<\/em>. Tamb\u00e9m trabalha como curadora em projetos ligados \u00e0s artes performativas, incluindo projetos de forma\u00e7\u00e3o, debate e confer\u00eancias sobre arte e defici\u00eancia. Publicou ainda o livro <em>Anda, Diana<\/em>.<\/p>\n<p>Jenny Gil Sousa \u00e9 doutorada em Estudos Culturais pela Universidade de Aveiro, mestre em Arte e Educa\u00e7\u00e3o pela Universidade Aberta e licenciada em Anima\u00e7\u00e3o Socioeducativa, com especializa\u00e7\u00e3o em Desenvolvimento Local, pelo Instituto Polit\u00e9cnico de Coimbra. \u00c9 professora adjunta na Escola Superior de Educa\u00e7\u00e3o e Ci\u00eancias Sociais do Instituto Polit\u00e9cnico de Leiria, investigadora integrada no CICS.NOVA.IPLeiria e investigadora colaboradora no CI&amp;DEI e no Centro de L\u00ednguas, Literaturas e Culturas. Tem escrito diversos artigos e cap\u00edtulos de livros, especialmente sobre acessibilidade cultural, \u00f3cio, cultura, velhice, desenvolvimento comunit\u00e1rio, educa\u00e7\u00e3o n\u00e3o-formal, interven\u00e7\u00e3o social, anima\u00e7\u00e3o sociocultural e art\u00edstica e estudos culturais.<\/p>\n\t\t\t\t<img loading=\"lazy\" decoding=\"async\" src=\"https:\/\/www.artemrede.pt\/wp-content\/uploads\/2026\/04\/photo_2026-04-20-16.13.10.jpeg\" alt=\"photo_2026-04-20 16.13.10\" itemprop=\"image\" height=\"720\" width=\"1280\" title=\"photo_2026-04-20 16.13.10\" onerror=\"this.style.display='none'\"  \/>\n\t<p>Pedro Costa \u00e9 Professor Associado do Departamento de Economia Pol\u00edtica do Iscte (Instituto Universit\u00e1rio de Lisboa) e investigador do DINAMIA&#8217;CET_iscte, onde coordena o grupo de investiga\u00e7\u00e3o &#8220;Cidades e Territ\u00f3rios&#8221;. Economista, doutorado em Planeamento Regional e Urbano, tem trabalhado sobretudo nas \u00e1reas da economia da cultura e do planeamento e desenvolvimento territorial, focando a sua investiga\u00e7\u00e3o, entre outros aspetos, no papel das atividades culturais no desenvolvimento territorial, nas rela\u00e7\u00f5es das din\u00e2micas criativas com o territ\u00f3rio, ou nas estrat\u00e9gias de promo\u00e7\u00e3o do desenvolvimento local.\u00a0Tem publicado livros e artigos diversos, bem como apresentado comunica\u00e7\u00f5es em m\u00faltiplos encontros cient\u00edficos, nacional e internacionalmente, nestes diversos dom\u00ednios. Tem colaborado em diversos projetos, particularmente nos dom\u00ednios do planeamento, do desenvolvimento regional\/local e das atividades culturais, tendo coordenado a elabora\u00e7\u00e3o de planos estrat\u00e9gicos para diversos munic\u00edpios e outras entidades p\u00fablicas, bem como coordenado equipas de investiga\u00e7\u00e3o em diversos projetos financiados pela FCT, ou por outros programas nacionais ou europeus.<\/p>\n\n<a href=\"https:\/\/www.artemrede.pt\/en\/\" class=\"wm-button size-large button\" target=\"_blank\">www.artemrede.pt<\/a>","protected":false},"excerpt":{"rendered":"<div class=\"entry-summary\">\n<div class=\"entry-summary\">\nDias Abertos da Artemrede | 11 + 12 Maio 2026 | Alcoba\u00e7a. Dedicados ao encontro, \u00e0 partilha e ao debate, com foco em direitos culturais e pol\u00edticas p\u00fablicas.\n<\/div>\n<div class=\"link-more\"><a href=\"https:\/\/www.artemrede.pt\/en\/dias-abertos-2026\/\" class=\"more-link\">Continue reading<span class=\"screen-reader-text\"> &ldquo;Cultura \u00c9 Direito(s)&rdquo;<\/span>&hellip;<\/a><\/div>\n<\/div>\n<div class=\"link-more\"><a href=\"https:\/\/www.artemrede.pt\/en\/dias-abertos-2026\/\" class=\"more-link\">Continue reading<span class=\"screen-reader-text\"> &ldquo;Cultura \u00c9 Direito(s)&rdquo;<\/span>&hellip;<\/a><\/div>","protected":false},"author":2,"featured_media":4672,"parent":0,"menu_order":0,"comment_status":"closed","ping_status":"closed","template":"templates\/blank.php","meta":{"om_disable_all_campaigns":false,"_monsterinsights_skip_tracking":false,"_monsterinsights_sitenote_active":false,"_monsterinsights_sitenote_note":"","_monsterinsights_sitenote_category":0,"footnotes":""},"class_list":["post-4671","page","type-page","status-publish","has-post-thumbnail","hentry","entry"],"aioseo_notices":[],"uagb_featured_image_src":{"full":["https:\/\/www.artemrede.pt\/wp-content\/uploads\/2026\/04\/DIA_ABERTO_2026_Geral-2-scaled.png",2560,1440,false],"thumbnail":["https:\/\/www.artemrede.pt\/wp-content\/uploads\/2026\/04\/DIA_ABERTO_2026_Geral-2-480x270.png",480,270,true],"medium":["https:\/\/www.artemrede.pt\/wp-content\/uploads\/2026\/04\/DIA_ABERTO_2026_Geral-2-744x419.png",744,419,true],"medium_large":["https:\/\/www.artemrede.pt\/wp-content\/uploads\/2026\/04\/DIA_ABERTO_2026_Geral-2-1200x675.png",1200,675,true],"large":["https:\/\/www.artemrede.pt\/wp-content\/uploads\/2026\/04\/DIA_ABERTO_2026_Geral-2-1200x675.png",1200,675,true],"1536x1536":["https:\/\/www.artemrede.pt\/wp-content\/uploads\/2026\/04\/DIA_ABERTO_2026_Geral-2-1536x864.png",1536,864,true],"2048x2048":["https:\/\/www.artemrede.pt\/wp-content\/uploads\/2026\/04\/DIA_ABERTO_2026_Geral-2-2048x1152.png",2048,1152,true],"trp-custom-language-flag":["https:\/\/www.artemrede.pt\/wp-content\/uploads\/2026\/04\/DIA_ABERTO_2026_Geral-2-18x10.png",18,10,true],"icelander-thumbnail":["https:\/\/www.artemrede.pt\/wp-content\/uploads\/2026\/04\/DIA_ABERTO_2026_Geral-2-744x372.png",744,372,true],"icelander-square":["https:\/\/www.artemrede.pt\/wp-content\/uploads\/2026\/04\/DIA_ABERTO_2026_Geral-2-448x448.png",448,448,true],"icelander-intro":["https:\/\/www.artemrede.pt\/wp-content\/uploads\/2026\/04\/DIA_ABERTO_2026_Geral-2-1920x1080.png",1920,1080,true]},"uagb_author_info":{"display_name":"Bruno Castro","author_link":"https:\/\/www.artemrede.pt\/en\/author\/artred_bruno\/"},"uagb_comment_info":0,"uagb_excerpt":"Dias Abertos da Artemrede | 11 + 12 Maio 2026 | Alcoba\u00e7a. Dedicados ao encontro, \u00e0 partilha e ao debate, com foco em direitos culturais e pol\u00edticas p\u00fablicas. Continue reading &ldquo;Cultura \u00c9 Direito(s)&rdquo;&hellip;","_links":{"self":[{"href":"https:\/\/www.artemrede.pt\/en\/wp-json\/wp\/v2\/pages\/4671","targetHints":{"allow":["GET"]}}],"collection":[{"href":"https:\/\/www.artemrede.pt\/en\/wp-json\/wp\/v2\/pages"}],"about":[{"href":"https:\/\/www.artemrede.pt\/en\/wp-json\/wp\/v2\/types\/page"}],"author":[{"embeddable":true,"href":"https:\/\/www.artemrede.pt\/en\/wp-json\/wp\/v2\/users\/2"}],"replies":[{"embeddable":true,"href":"https:\/\/www.artemrede.pt\/en\/wp-json\/wp\/v2\/comments?post=4671"}],"version-history":[{"count":10,"href":"https:\/\/www.artemrede.pt\/en\/wp-json\/wp\/v2\/pages\/4671\/revisions"}],"predecessor-version":[{"id":4694,"href":"https:\/\/www.artemrede.pt\/en\/wp-json\/wp\/v2\/pages\/4671\/revisions\/4694"}],"wp:featuredmedia":[{"embeddable":true,"href":"https:\/\/www.artemrede.pt\/en\/wp-json\/wp\/v2\/media\/4672"}],"wp:attachment":[{"href":"https:\/\/www.artemrede.pt\/en\/wp-json\/wp\/v2\/media?parent=4671"}],"curies":[{"name":"wp","href":"https:\/\/api.w.org\/{rel}","templated":true}]}}