{"id":4280,"date":"2025-02-26T11:56:25","date_gmt":"2025-02-26T11:56:25","guid":{"rendered":"https:\/\/www.artemrede.pt\/?page_id=4280"},"modified":"2025-03-24T15:01:24","modified_gmt":"2025-03-24T15:01:24","slug":"plano-estrategico-2025","status":"publish","type":"page","link":"https:\/\/www.artemrede.pt\/en\/plano-estrategico-2025\/","title":{"rendered":"Plano Estrat\u00e9gico 2025-2027"},"content":{"rendered":"<h1>Plano Estrat\u00e9gico 2025-2027<\/h1>\n\t<p>&#8220;Este Plano Estrat\u00e9gico surge no momento em que a Artemrede completa 20 anos de exist\u00eancia e de atividade ininterrupta. Nestes 20 anos tem conseguido reinventar-se, passando de uma rede baseada na circula\u00e7\u00e3o art\u00edstica para um projeto de desenvolvimento cultural dos territ\u00f3rios. Este caminho de muta\u00e7\u00e3o, iniciado em 2015, consolida-se agora neste Plano, reafirmando e aprofundando o papel da media\u00e7\u00e3o e das rela\u00e7\u00f5es longas, justas e significativas.\u00a0<\/p>\n<p>(&#8230;)<\/p>\n<p>Em 2025, 20 anos depois da sua cria\u00e7\u00e3o, a Artemrede confirma a sua miss\u00e3o, afirmando a cultura como um instrumento de plena democracia, promovendo condi\u00e7\u00f5es para o acesso, a cria\u00e7\u00e3o e a participa\u00e7\u00e3o na vida cultural, nas cidades e em territ\u00f3rios rurais, nos centros e nas periferias&#8221;.<\/p>\n<p>Marta Martins (da <em>Cultura como Pilar da Democracia: o novo ciclo estrat\u00e9gico da Artemrede<\/em>)\u00a0<\/p>\n<p>Descubra todo o Plano Estrat\u00e9gico 2025-2027, <a href=\"https:\/\/www.artemrede.pt\/wp-content\/uploads\/2025\/03\/PE_2025-2027_FEV25_A5_final-1.pdf\"><strong>aqui<\/strong><\/a>.<\/p>\n<hr class=\"wm-divider type-line\" \/>","protected":false},"excerpt":{"rendered":"<div class=\"entry-summary\">\n<div class=\"entry-summary\">\nPlano Estrat\u00e9gico 2025-2027 &#8220;Este Plano Estrat\u00e9gico surge no momento em que a Artemrede completa 20 anos de exist\u00eancia e de atividade ininterrupta. Nestes 20 anos tem conseguido reinventar-se, passando de uma rede baseada na circula\u00e7\u00e3o art\u00edstica para um projeto de&hellip;\n<\/div>\n<div class=\"link-more\"><a href=\"https:\/\/www.artemrede.pt\/en\/plano-estrategico-2025\/\" class=\"more-link\">Continue reading<span class=\"screen-reader-text\"> &ldquo;Plano Estrat\u00e9gico 2025-2027&rdquo;<\/span>&hellip;<\/a><\/div>\n<\/div>\n<div class=\"link-more\"><a href=\"https:\/\/www.artemrede.pt\/en\/plano-estrategico-2025\/\" class=\"more-link\">Continue reading<span class=\"screen-reader-text\"> &ldquo;Plano Estrat\u00e9gico 2025-2027&rdquo;<\/span>&hellip;<\/a><\/div>","protected":false},"author":2,"featured_media":0,"parent":0,"menu_order":0,"comment_status":"closed","ping_status":"closed","template":"","meta":{"om_disable_all_campaigns":false,"_monsterinsights_skip_tracking":false,"_monsterinsights_sitenote_active":false,"_monsterinsights_sitenote_note":"","_monsterinsights_sitenote_category":0,"footnotes":""},"class_list":["post-4280","page","type-page","status-publish","hentry","entry"],"aioseo_notices":[],"uagb_featured_image_src":{"full":false,"thumbnail":false,"medium":false,"medium_large":false,"large":false,"1536x1536":false,"2048x2048":false,"trp-custom-language-flag":false,"icelander-thumbnail":false,"icelander-square":false,"icelander-intro":false},"uagb_author_info":{"display_name":"Bruno Castro","author_link":"https:\/\/www.artemrede.pt\/en\/author\/artred_bruno\/"},"uagb_comment_info":0,"uagb_excerpt":"Plano Estrat\u00e9gico 2025-2027 &#8220;Este Plano Estrat\u00e9gico surge no momento em que a Artemrede completa 20 anos de exist\u00eancia e de atividade ininterrupta. Nestes 20 anos tem conseguido reinventar-se, passando de uma rede baseada na circula\u00e7\u00e3o art\u00edstica para um projeto de&hellip; Continue reading &ldquo;Plano Estrat\u00e9gico 2025-2027&rdquo;&hellip;","_links":{"self":[{"href":"https:\/\/www.artemrede.pt\/en\/wp-json\/wp\/v2\/pages\/4280","targetHints":{"allow":["GET"]}}],"collection":[{"href":"https:\/\/www.artemrede.pt\/en\/wp-json\/wp\/v2\/pages"}],"about":[{"href":"https:\/\/www.artemrede.pt\/en\/wp-json\/wp\/v2\/types\/page"}],"author":[{"embeddable":true,"href":"https:\/\/www.artemrede.pt\/en\/wp-json\/wp\/v2\/users\/2"}],"replies":[{"embeddable":true,"href":"https:\/\/www.artemrede.pt\/en\/wp-json\/wp\/v2\/comments?post=4280"}],"version-history":[{"count":4,"href":"https:\/\/www.artemrede.pt\/en\/wp-json\/wp\/v2\/pages\/4280\/revisions"}],"predecessor-version":[{"id":4290,"href":"https:\/\/www.artemrede.pt\/en\/wp-json\/wp\/v2\/pages\/4280\/revisions\/4290"}],"wp:attachment":[{"href":"https:\/\/www.artemrede.pt\/en\/wp-json\/wp\/v2\/media?parent=4280"}],"curies":[{"name":"wp","href":"https:\/\/api.w.org\/{rel}","templated":true}]}}