{"id":4099,"date":"2024-10-15T09:05:37","date_gmt":"2024-10-15T09:05:37","guid":{"rendered":"https:\/\/www.artemrede.pt\/?page_id=4099"},"modified":"2024-10-18T18:57:23","modified_gmt":"2024-10-18T18:57:23","slug":"sul-sueste","status":"publish","type":"page","link":"https:\/\/www.artemrede.pt\/en\/sul-sueste\/","title":{"rendered":"Sul Sueste"},"content":{"rendered":"<p><em>Sul Sueste<\/em> apresenta em Portugal coprodu\u00e7\u00f5es internacionais de teatro, dan\u00e7a e performance criadas no \u00e2mbito do projeto<a href=\"http:\/\/strongerperipheries.eu\"><em> Stronger Peripheries: A Southern Coalition<\/em><\/a>. O programa art\u00edstico promovido pela Artemrede mostra as cria\u00e7\u00f5es de Valentina Medda, N\u00f3ra Juh\u00e1sz, Neja Tom\u0161i\u010d, Tiago Cadete, M\u00e9lodie Lasselin e Simon Capelle, Petra Hra\u0161\u0107anec e Ksenija Zec, e Hamdi Dridi num evento de sete dias (24 a 30 de outubro). A maioria dos artistas, reconhecidos nos seus pa\u00edses pela qualidade do trabalho que desenvolvem, estreiam-se em Portugal. <em>Sul Sueste<\/em>, o primeiro programa art\u00edstico apresentado pela Artemrede neste formato, mostra teatro, dan\u00e7a e performance em Alcoba\u00e7a, Lisboa, Moita, Montemor-o-Novo,Pombal, Santar\u00e9m, Sobral de Monte Agra\u00e7o e Torres Vedras.<\/p>\nA <i>Southern Coalition<\/i> \u00e9 uma rede informal, liderada pela Artemrede, constitu\u00edda por onze organiza\u00e7\u00f5es culturais e tr\u00eas universidades de dez pa\u00edses da bacia do Mediterr\u00e2neo e dos Balc\u00e3s (Portugal,Espanha, Fran\u00e7a, It\u00e1lia,Eslov\u00e9nia, Cro\u00e1cia, S\u00e9rvia, Hungria, Rom\u00e9nia e Gr\u00e9cia).\nFunciona como um espa\u00e7o de di\u00e1logo, colabora\u00e7\u00e3o e aprendizagem conjunta atrav\u00e9s de pr\u00e1ticas art\u00edsticas inclusivas e participativas, de a\u00e7\u00f5es de capacita\u00e7\u00e3o, e da proposta de novos modelos de pol\u00edtica cultural para o Sul da Europa. O projeto <em>Stronger Peripheries<\/em>, que termina no final de 2024 e \u00e9 cofinanciado pelo programa Europa Criativa da Comiss\u00e3o Europeia, \u00e9 a sua primeira grande iniciativa internacional. Desde 2020 envolveu centenas de profissionais culturais em iniciativas de capacita\u00e7\u00e3o, para al\u00e9m de coproduzir 14 novos projetos de artes performativas e organizar duas confer\u00eancias internacionais (em Lisboa e Belgrado).\n<h1>\n\t\tPROGRAMA\n\t<\/h1>\n\n\t\t\t\t<img loading=\"lazy\" decoding=\"async\" src=\"https:\/\/www.artemrede.pt\/wp-content\/uploads\/2024\/10\/Cartaz_Sul_Sueste_SP2_2060.png\" alt=\"Cartaz_Sul_Sueste_SP2_2060\" itemprop=\"image\" height=\"1208\" width=\"859\" title=\"Cartaz_Sul_Sueste_SP2_2060\" onerror=\"this.style.display='none'\"  \/>\n\t\t\t\t<img loading=\"lazy\" decoding=\"async\" src=\"https:\/\/www.artemrede.pt\/wp-content\/uploads\/2024\/10\/Cartaz_Sul_Sueste_SP2_circulo.png\" alt=\"Cartaz_Sul_Sueste_SP2_circulo\" itemprop=\"image\" height=\"1208\" width=\"859\" title=\"Cartaz_Sul_Sueste_SP2_circulo\" onerror=\"this.style.display='none'\"  \/>\n\t\t\t\t<img loading=\"lazy\" decoding=\"async\" src=\"https:\/\/www.artemrede.pt\/wp-content\/uploads\/2024\/10\/Cartaz_Sul_Sueste_SP2_concerto.png\" alt=\"Cartaz_Sul_Sueste_SP2_concerto\" itemprop=\"image\" height=\"1208\" width=\"859\" title=\"Cartaz_Sul_Sueste_SP2_concerto\" onerror=\"this.style.display='none'\"  \/>\n\t\t\t\t<img loading=\"lazy\" decoding=\"async\" src=\"https:\/\/www.artemrede.pt\/wp-content\/uploads\/2024\/10\/Cartaz_Sul_Sueste_SP2_ult_Lamento.png\" alt=\"Cartaz_Sul_Sueste_SP2_ult_Lamento\" itemprop=\"image\" height=\"1208\" width=\"859\" title=\"Cartaz_Sul_Sueste_SP2_ult_Lamento\" onerror=\"this.style.display='none'\"  \/>\n\t\t\t\t<img loading=\"lazy\" decoding=\"async\" src=\"https:\/\/www.artemrede.pt\/wp-content\/uploads\/2024\/10\/Screenshot-166.jpg\" alt=\"Screenshot\" itemprop=\"image\" height=\"877\" width=\"633\" title=\"Screenshot\" onerror=\"this.style.display='none'\"  \/>\n\t\t\t\t<img loading=\"lazy\" decoding=\"async\" src=\"https:\/\/www.artemrede.pt\/wp-content\/uploads\/2024\/10\/Cartaz_Sul_Sueste_SP2_Danse.png\" alt=\"Cartaz_Sul_Sueste_SP2_Danse\" itemprop=\"image\" height=\"1208\" width=\"859\" title=\"Cartaz_Sul_Sueste_SP2_Danse\" onerror=\"this.style.display='none'\"  \/>\n\t\t\t\t<img loading=\"lazy\" decoding=\"async\" src=\"https:\/\/www.artemrede.pt\/wp-content\/uploads\/2024\/10\/Cartaz_Sul_Sueste_SP2_quimica.png\" alt=\"Cartaz_Sul_Sueste_SP2_quimica\" itemprop=\"image\" height=\"1208\" width=\"859\" title=\"Cartaz_Sul_Sueste_SP2_quimica\" onerror=\"this.style.display='none'\"  \/>\n\t\t\t\t<img loading=\"lazy\" decoding=\"async\" src=\"https:\/\/www.artemrede.pt\/wp-content\/uploads\/2024\/10\/Screenshot-167.jpg\" alt=\"Screenshot\" itemprop=\"image\" height=\"885\" width=\"635\" title=\"Screenshot\" onerror=\"this.style.display='none'\"  \/>\n\t\t\t\t<img loading=\"lazy\" decoding=\"async\" src=\"https:\/\/www.artemrede.pt\/wp-content\/uploads\/2024\/10\/Screenshot-168.jpg\" alt=\"Screenshot\" itemprop=\"image\" height=\"878\" width=\"648\" title=\"Screenshot\" onerror=\"this.style.display='none'\"  \/>\n\t<h2>SUL SUESTE \u00c9 UMA INICIATIVA DA ARTEMREDE<\/h2>\n<a href=\"https:\/\/www.artemrede.pt\/en\/\" class=\"wm-button size-large button\" target=\"_blank\">www.artemrede.pt<\/a>","protected":false},"excerpt":{"rendered":"<div class=\"entry-summary\">\n<div class=\"entry-summary\">\nApresenta\u00e7\u00e3o em Portugal das coprodu\u00e7\u00f5es internacionais de teatro, dan\u00e7a e performance criadas no \u00e2mbito do projeto Stronger Peripheries: A Southern Coalition.\n<\/div>\n<div class=\"link-more\"><a href=\"https:\/\/www.artemrede.pt\/en\/sul-sueste\/\" class=\"more-link\">Continue reading<span class=\"screen-reader-text\"> &ldquo;Sul Sueste&rdquo;<\/span>&hellip;<\/a><\/div>\n<\/div>\n<div class=\"link-more\"><a href=\"https:\/\/www.artemrede.pt\/en\/sul-sueste\/\" class=\"more-link\">Continue reading<span class=\"screen-reader-text\"> &ldquo;Sul Sueste&rdquo;<\/span>&hellip;<\/a><\/div>","protected":false},"author":2,"featured_media":4102,"parent":0,"menu_order":0,"comment_status":"closed","ping_status":"closed","template":"templates\/blank.php","meta":{"om_disable_all_campaigns":false,"_monsterinsights_skip_tracking":false,"_monsterinsights_sitenote_active":false,"_monsterinsights_sitenote_note":"","_monsterinsights_sitenote_category":0,"footnotes":""},"class_list":["post-4099","page","type-page","status-publish","has-post-thumbnail","hentry","entry"],"aioseo_notices":[],"uagb_featured_image_src":{"full":["https:\/\/www.artemrede.pt\/wp-content\/uploads\/2024\/10\/Sul_Sueste_SP2_24_2-scaled.jpg",2560,1515,false],"thumbnail":["https:\/\/www.artemrede.pt\/wp-content\/uploads\/2024\/10\/Sul_Sueste_SP2_24_2-480x270.jpg",480,270,true],"medium":["https:\/\/www.artemrede.pt\/wp-content\/uploads\/2024\/10\/Sul_Sueste_SP2_24_2-744x440.jpg",744,440,true],"medium_large":["https:\/\/www.artemrede.pt\/wp-content\/uploads\/2024\/10\/Sul_Sueste_SP2_24_2-1200x710.jpg",1200,710,true],"large":["https:\/\/www.artemrede.pt\/wp-content\/uploads\/2024\/10\/Sul_Sueste_SP2_24_2-1200x710.jpg",1200,710,true],"1536x1536":["https:\/\/www.artemrede.pt\/wp-content\/uploads\/2024\/10\/Sul_Sueste_SP2_24_2-1536x909.jpg",1536,909,true],"2048x2048":["https:\/\/www.artemrede.pt\/wp-content\/uploads\/2024\/10\/Sul_Sueste_SP2_24_2-2048x1212.jpg",2048,1212,true],"trp-custom-language-flag":["https:\/\/www.artemrede.pt\/wp-content\/uploads\/2024\/10\/Sul_Sueste_SP2_24_2-18x12.jpg",18,12,true],"icelander-thumbnail":["https:\/\/www.artemrede.pt\/wp-content\/uploads\/2024\/10\/Sul_Sueste_SP2_24_2-744x372.jpg",744,372,true],"icelander-square":["https:\/\/www.artemrede.pt\/wp-content\/uploads\/2024\/10\/Sul_Sueste_SP2_24_2-448x448.jpg",448,448,true],"icelander-intro":["https:\/\/www.artemrede.pt\/wp-content\/uploads\/2024\/10\/Sul_Sueste_SP2_24_2-1920x1080.jpg",1920,1080,true]},"uagb_author_info":{"display_name":"Bruno Castro","author_link":"https:\/\/www.artemrede.pt\/en\/author\/artred_bruno\/"},"uagb_comment_info":0,"uagb_excerpt":"Apresenta\u00e7\u00e3o em Portugal das coprodu\u00e7\u00f5es internacionais de teatro, dan\u00e7a e performance criadas no \u00e2mbito do projeto Stronger Peripheries: A Southern Coalition. Continue reading &ldquo;Sul Sueste&rdquo;&hellip;","_links":{"self":[{"href":"https:\/\/www.artemrede.pt\/en\/wp-json\/wp\/v2\/pages\/4099","targetHints":{"allow":["GET"]}}],"collection":[{"href":"https:\/\/www.artemrede.pt\/en\/wp-json\/wp\/v2\/pages"}],"about":[{"href":"https:\/\/www.artemrede.pt\/en\/wp-json\/wp\/v2\/types\/page"}],"author":[{"embeddable":true,"href":"https:\/\/www.artemrede.pt\/en\/wp-json\/wp\/v2\/users\/2"}],"replies":[{"embeddable":true,"href":"https:\/\/www.artemrede.pt\/en\/wp-json\/wp\/v2\/comments?post=4099"}],"version-history":[{"count":12,"href":"https:\/\/www.artemrede.pt\/en\/wp-json\/wp\/v2\/pages\/4099\/revisions"}],"predecessor-version":[{"id":4171,"href":"https:\/\/www.artemrede.pt\/en\/wp-json\/wp\/v2\/pages\/4099\/revisions\/4171"}],"wp:featuredmedia":[{"embeddable":true,"href":"https:\/\/www.artemrede.pt\/en\/wp-json\/wp\/v2\/media\/4102"}],"wp:attachment":[{"href":"https:\/\/www.artemrede.pt\/en\/wp-json\/wp\/v2\/media?parent=4099"}],"curies":[{"name":"wp","href":"https:\/\/api.w.org\/{rel}","templated":true}]}}