{"id":3958,"date":"2024-06-14T14:18:20","date_gmt":"2024-06-14T14:18:20","guid":{"rendered":"https:\/\/www.artemrede.pt\/?page_id=3958"},"modified":"2024-06-20T16:01:01","modified_gmt":"2024-06-20T16:01:01","slug":"jam-form","status":"publish","type":"page","link":"https:\/\/www.artemrede.pt\/en\/jam-form\/","title":{"rendered":"JAM!"},"content":{"rendered":"JAM! (Jovens + Artes = Mudan\u00e7a) \u00e9 uma iniciativa coordenada pela Artemrede em articula\u00e7\u00e3o com os munic\u00edpios de Abrantes, Alcanena, Santar\u00e9m, Sobral de Monte Agra\u00e7o e Tomar, e com a parceria\/financiamento da Funda\u00e7\u00e3o Calouste Gulbenkian.\n.\nTem a dura\u00e7\u00e3o de tr\u00eas anos (2024-2026). Pretende\u00a0<strong>fomentar o desenvolvimento de projetos criativos e inovadores, propostos e concretizados por jovens de territ\u00f3rios vulner\u00e1veis, relevantes para as comunidades onde estes se inserem<\/strong>.\n.\nPara alcan\u00e7ar este objetivo, a iniciativa vai desenvolver um amplo programa de\u00a0<strong>capacita\u00e7\u00e3o e de mentoria<\/strong>, assim como apoiar\u00a0<strong>financeira e operacionalmente<\/strong>\u00a0a viabiliza\u00e7\u00e3o dos projetos.\n.\nEsta iniciativa quer mobilizar jovens entre os 18 e os 25 anos, residentes nos territ\u00f3rios abrangidos ou com alguma liga\u00e7\u00e3o (familiar, profissional) a esses territ\u00f3rios, para que sejam motores para o desenvolvimento e transforma\u00e7\u00e3o das suas comunidades.\n.\nJAM! promove o encontro entre diferentes percursos, idades e compet\u00eancias.\n<h5>Parceria | Financiamento: Funda\u00e7\u00e3o Calouste Gulbenkian<\/h5>\n<a href=\"https:\/\/www.artemrede.pt\/en\/\" class=\"wm-button size-large button\" target=\"_blank\">www.artemrede.pt<\/a>","protected":false},"excerpt":{"rendered":"<div class=\"entry-summary\">\n<div class=\"entry-summary\">\nJAM! Jovens + Arte = Mudan\u00e7a. Quero saber mais!\n<\/div>\n<div class=\"link-more\"><a href=\"https:\/\/www.artemrede.pt\/en\/jam-form\/\" class=\"more-link\">Continue reading<span class=\"screen-reader-text\"> &ldquo;JAM!&rdquo;<\/span>&hellip;<\/a><\/div>\n<\/div>\n<div class=\"link-more\"><a href=\"https:\/\/www.artemrede.pt\/en\/jam-form\/\" class=\"more-link\">Continue reading<span class=\"screen-reader-text\"> &ldquo;JAM!&rdquo;<\/span>&hellip;<\/a><\/div>","protected":false},"author":2,"featured_media":3941,"parent":0,"menu_order":0,"comment_status":"closed","ping_status":"closed","template":"templates\/blank.php","meta":{"om_disable_all_campaigns":false,"_monsterinsights_skip_tracking":false,"_monsterinsights_sitenote_active":false,"_monsterinsights_sitenote_note":"","_monsterinsights_sitenote_category":0,"footnotes":""},"class_list":["post-3958","page","type-page","status-publish","has-post-thumbnail","hentry","entry"],"aioseo_notices":[],"uagb_featured_image_src":{"full":["https:\/\/www.artemrede.pt\/wp-content\/uploads\/2024\/06\/Form.-mediacao-cult-jam-108-scaled.jpg",2560,1707,false],"thumbnail":["https:\/\/www.artemrede.pt\/wp-content\/uploads\/2024\/06\/Form.-mediacao-cult-jam-108-480x270.jpg",480,270,true],"medium":["https:\/\/www.artemrede.pt\/wp-content\/uploads\/2024\/06\/Form.-mediacao-cult-jam-108-744x496.jpg",744,496,true],"medium_large":["https:\/\/www.artemrede.pt\/wp-content\/uploads\/2024\/06\/Form.-mediacao-cult-jam-108-1200x800.jpg",1200,800,true],"large":["https:\/\/www.artemrede.pt\/wp-content\/uploads\/2024\/06\/Form.-mediacao-cult-jam-108-1200x800.jpg",1200,800,true],"1536x1536":["https:\/\/www.artemrede.pt\/wp-content\/uploads\/2024\/06\/Form.-mediacao-cult-jam-108-1536x1024.jpg",1536,1024,true],"2048x2048":["https:\/\/www.artemrede.pt\/wp-content\/uploads\/2024\/06\/Form.-mediacao-cult-jam-108-2048x1365.jpg",2048,1365,true],"trp-custom-language-flag":["https:\/\/www.artemrede.pt\/wp-content\/uploads\/2024\/06\/Form.-mediacao-cult-jam-108-18x12.jpg",18,12,true],"icelander-thumbnail":["https:\/\/www.artemrede.pt\/wp-content\/uploads\/2024\/06\/Form.-mediacao-cult-jam-108-744x372.jpg",744,372,true],"icelander-square":["https:\/\/www.artemrede.pt\/wp-content\/uploads\/2024\/06\/Form.-mediacao-cult-jam-108-448x448.jpg",448,448,true],"icelander-intro":["https:\/\/www.artemrede.pt\/wp-content\/uploads\/2024\/06\/Form.-mediacao-cult-jam-108-1920x1080.jpg",1920,1080,true]},"uagb_author_info":{"display_name":"Bruno Castro","author_link":"https:\/\/www.artemrede.pt\/en\/author\/artred_bruno\/"},"uagb_comment_info":0,"uagb_excerpt":"JAM! Jovens + Arte = Mudan\u00e7a. Quero saber mais! Continue reading &ldquo;JAM!&rdquo;&hellip;","_links":{"self":[{"href":"https:\/\/www.artemrede.pt\/en\/wp-json\/wp\/v2\/pages\/3958","targetHints":{"allow":["GET"]}}],"collection":[{"href":"https:\/\/www.artemrede.pt\/en\/wp-json\/wp\/v2\/pages"}],"about":[{"href":"https:\/\/www.artemrede.pt\/en\/wp-json\/wp\/v2\/types\/page"}],"author":[{"embeddable":true,"href":"https:\/\/www.artemrede.pt\/en\/wp-json\/wp\/v2\/users\/2"}],"replies":[{"embeddable":true,"href":"https:\/\/www.artemrede.pt\/en\/wp-json\/wp\/v2\/comments?post=3958"}],"version-history":[{"count":6,"href":"https:\/\/www.artemrede.pt\/en\/wp-json\/wp\/v2\/pages\/3958\/revisions"}],"predecessor-version":[{"id":3968,"href":"https:\/\/www.artemrede.pt\/en\/wp-json\/wp\/v2\/pages\/3958\/revisions\/3968"}],"wp:featuredmedia":[{"embeddable":true,"href":"https:\/\/www.artemrede.pt\/en\/wp-json\/wp\/v2\/media\/3941"}],"wp:attachment":[{"href":"https:\/\/www.artemrede.pt\/en\/wp-json\/wp\/v2\/media?parent=3958"}],"curies":[{"name":"wp","href":"https:\/\/api.w.org\/{rel}","templated":true}]}}