{"id":3469,"date":"2022-12-19T09:48:04","date_gmt":"2022-12-19T09:48:04","guid":{"rendered":"https:\/\/www.artemrede.pt\/?page_id=3469"},"modified":"2022-12-19T21:07:18","modified_gmt":"2022-12-19T21:07:18","slug":"stronger-peripheries-call","status":"publish","type":"page","link":"https:\/\/www.artemrede.pt\/en\/stronger-peripheries-call\/","title":{"rendered":"Artemrede Procura Connector"},"content":{"rendered":"<h2>\n\t\t PROCURA-SE CONNECTOR PARA &#8220;CONCERTO&#8221;\n\t<\/h2>\n\t<strong>CONVITE \u00c0 COLABORA\u00c7\u00c3O | PROJETO &#8220;CONCERTO&#8221;<\/strong><br \/>\nCandidatura \u2771 participa\u00e7\u00e3o em processo de media\u00e7\u00e3o para projeto de Tiago Cadete<br \/>\n[ FORMUL\u00c1RIO ABAIXO\u00a0<img decoding=\"async\" role=\"img\" draggable=\"false\" src=\"https:\/\/s.w.org\/images\/core\/emoji\/14.0.0\/svg\/1f447.svg\" alt=\"\ud83d\udc47\" \/> ]\n&#8220;Concerto&#8221; ser\u00e1 uma performance\/instala\u00e7\u00e3o sonora. A apresentar no Cine-Teatro de Alcoba\u00e7a Jo\u00e3o d&#8217;Oliva Monteiro em Maio de 2023, funda-se num trabalho de investiga\u00e7\u00e3o e cria\u00e7\u00e3o assente na partilha de experi\u00eancias sobre processos de migra\u00e7\u00e3o contempor\u00e2neos e a sua justaposi\u00e7\u00e3o com a hist\u00f3ria colonial de Espanha e Portugal nas Am\u00e9ricas. O processo ser\u00e1\u00a0 aberto \u00e0 participa\u00e7\u00e3o de pessoas migrantes da Am\u00e9rica Latina, procurando inquirir quem s\u00e3o e que desejos t\u00eam quando migram para o pa\u00eds que colonizou o seu.<br \/>\n&#8220;Concerto&#8221; desenvolve-se ao longo de resid\u00eancias de pesquisa e de cria\u00e7\u00e3o a decorrer entre Pombal &#8211; Casa Varela (Centro de Experimenta\u00e7\u00e3o Art\u00edstica) &#8211; e Alcoba\u00e7a, no Cine-Teatro de Alcoba\u00e7a Jo\u00e3o d&#8217;Oliva Monteiro, entre Fevereiro e Maio de 2023.\n<strong>\u25cf QUEM PROCURAMOS &amp; O QUE ESPERAR<\/strong><br \/>\nProcuramos pessoas com experi\u00eancia de trabalho\/contacto e\/ou migrantes da Am\u00e9rica Latina, preferencialmente residentes na regi\u00e3o de Leiria (com primazia para Pombal ou Alcoba\u00e7a), com interesse em integrar o projeto enquanto &#8220;Connector&#8221; (mediador\/a), apoiando na convocat\u00f3ria de outros\/as interessados\/as com perfil similar e na gest\u00e3o e media\u00e7\u00e3o da sua participa\u00e7\u00e3o.\nO\/A &#8220;Connector&#8221; deve<br \/>\n\u2192 Falar portugu\u00eas e de prefer\u00eancia espanhol;<br \/>\n\u2192 Ter experi\u00eancia de trabalho com migrantes;<br \/>\n\u2192 Ter interesse em projectos art\u00edsticos participativos.\nPerfil preferencial<br \/>\n\u2192 Migrante latino-americano ou pessoa com antecedentes migrat\u00f3rios e\/ou com experi\u00eancia em projectos participativos;<br \/>\n\u2192 Vive em ou com uma liga\u00e7\u00e3o com a regi\u00e3o de Leiria (designadamente, Pombal ou Alcoba\u00e7a) e arredores;<br \/>\n\u2192 Idade compreendida entre os 28 e 45 anos;<br \/>\n\u2192 Conhecimento e liga\u00e7\u00e3o com a comunidade local de migrantes latino-americanos.\n<strong>\u25cf CONDI\u00c7\u00d5ES<\/strong><br \/>\nRemunera\u00e7\u00e3o il\u00edquida de 1.500\u20ac (+ IVA, se aplic\u00e1vel), contraentrega de documento de quita\u00e7\u00e3o (recibo verde ou ato \u00fanico), paga em 2 tranches:<br \/>\n\u2192 50% at\u00e9 15 dias ap\u00f3s assinatura do contrato;<br \/>\n\u2192 50% at\u00e9 30 dias ap\u00f3s t\u00e9rmino do servi\u00e7o.<br \/>\nSer\u00e1 celebrado um contrato de presta\u00e7\u00e3o de servi\u00e7os com a Artemrede (entidade respons\u00e1vel pelo pagamento) ap\u00f3s notifica\u00e7\u00e3o da selec\u00e7\u00e3o.\n<strong>\u25cf DETALHES DE PARTICIPA\u00c7\u00c3O<\/strong><br \/>\nExistem cinco fases de projeto, a saber:\n\u2192 Fase #1 \u2726 10 de Janeiro a 10 de Fevereiro \u2726 congregar participantes [<em>gest\u00e3o de tempo \u00e0 responsabilidade de cada um\/a<\/em>]\n\u2192 Fase #2 \u2726 10 a 24 de Fevereiro \u2726 Resid\u00eancia de Pesquisa na Casa Varela &#8211; Centro de Experimenta\u00e7\u00e3o Art\u00edstica, Pombal [<em>disponibilidade requerida a full<\/em>]\n\u2192 Fase #3 \u2726 17 a 23 de Abril \u2726 Resid\u00eancia de Pesquisa na Casa Varela &#8211; Centro de Experimenta\u00e7\u00e3o Art\u00edstica, Pombal [<em>disponibilidade requerida a full<\/em>]\n\u2192 Fase #4 \u2726 24 de Abril a 3 de Maio \u2726 Resid\u00eancia, montagens e ensaios no Cine-Teatro de Alcoba\u00e7a Jo\u00e3o d&#8217;Oliva Monteiro, Alcoba\u00e7a [<em>participa\u00e7\u00e3o em alguns momentos a acordar, gest\u00e3o de tempo na mobiliza\u00e7\u00e3o de participantes \u00e0 responsabilidade de cada um\/a<\/em>]\n\u2192 Fase #5 \u2726 4 a 6 de de Maio \u2726 Estreia e apresenta\u00e7\u00f5es no Cine-Teatro de Alcoba\u00e7a Jo\u00e3o d&#8217;Oliva Monteiro, Alcoba\u00e7a [<em>gest\u00e3o de tempo na mobiliza\u00e7\u00e3o de participantes e p\u00fablicos \u00e0 responsabilidade de cada um\/a<\/em>]\n<p>Para integrar o processo, os interessados dever\u00e3o manifestar-se dispon\u00edveis para participar em todas as fases. As tarefas do CONNECTOR est\u00e3o detalhadas <a href=\"https:\/\/www.artemrede.pt\/en\/stronger-peripheries-call-tarefas\/\">aqui<\/a>.<\/p>\n<strong>\u25cf CALEND\u00c1RIO DE CANDIDATURAS<\/strong><br \/>\n\u2771 Data-limite: 2 de Janeiro de 2023 (2\u00aa feira).<br \/>\n\u2771 Notifica\u00e7\u00e3o de seleccionados\/as para entrevista (m\u00e1x. 3 candidatos\/as): 5 de Janeiro de 2023 (5\u00aa feira).<br \/>\n\u2771 Entrevistas (via Zoom\/Skype): 6 de Janeiro de 2023 (6\u00aa feira), em hor\u00e1rio a acordar<br \/>\n\u2771 Per\u00edodo da presta\u00e7\u00e3o do servi\u00e7o: 10 de Janeiro a 6 de Maio de 2023 (mediante fases de projeto &#8211; ver acima)<br \/>\nnota: a candidatura n\u00e3o garante selec\u00e7\u00e3o.\n<strong>\u25cf SOBRE O TIAGO CADETE<\/strong><br \/>\nDoutor em artes PPGAV-UFRJ, onde \u00e9 mestre pela mesma institui\u00e7\u00e3o. Foi bolseiro da GDA- Gest\u00e3o dos Direitos dos Artistas na P\u00f3s Gradua\u00e7\u00e3o em Sistema Laban\/Bartenieff- Faculdade de dan\u00e7a Angel Vianna\/ Laban. \u00c9 licenciado em Teatro pela Escola Superior de Teatro e Cinema. Tem o curso Programa Aprofundamento_Cria\u00e7\u00e3o Art\u00edstica Escola de Artes Visuais Parque Lage; tendo realizado ainda workshops e masterclass com Romeo Castellucci; Jo\u00e3o Fiadeiro; Jo\u00e3o Mota; Alfredo Martins; Gustavo Cir\u00edaco, Fernanda Eug\u00e9nio, entre outros. Prepara atualmente CONCERTO (2023). Criou os espet\u00e1culos BRASA (2021); ATL NTICO (2020); FIUME (2020); CICERONE (2020); ENTREVISTAS (2018); ALLA PRIMA (2016); GOLDEN (2014); HIGHLIGHT (2011). Colaborou com Solange Freitas em CORTEJO (2022); com David Marques em APAG\u00c3O (2017) e CRITIQUE (2020); com Solange Freitas e Catarina Vieira em FESTIM (2012). Colaborou com Francisco Camacho, Carlota Lagido, David Marques, S\u00edlvia Real, Mariana Tengner Barros, Rafael Alvarez, Raquel Andr\u00e9, Gustavo Cir\u00edaco, Tino Sehgal, Jorge Andrade, John Rom\u00e3o, Jorge Silva Melo, Solange Freitas, Catarina Vieira, Jo\u00e3o Brites e Alfredo Martins.<br \/>\nAt\u00e9 hoje os seus trabalhos e colabora\u00e7\u00f5es foram apresentados em diversos pa\u00edses, como\u00a0 Portugal, R\u00fassia, Rep\u00fablica Checa, Rom\u00e9nia, Espanha, Fran\u00e7a, Italia, Brasil, B\u00e9lgica, M\u00e9xico, China, Cuba, Chile, Estados Unidos da Am\u00e9rica, Reino Unido, Argentina e Uruguai.<br \/>\n\u2042 Mais informa\u00e7\u00e3o em: <a href=\"https:\/\/tiagocadete.com\/\">https:\/\/tiagocadete.com\/<\/a>\n<strong>\u25cf SOBRE STRONGER PERIPHERIES: A SOUTHERN COALITION<\/strong><br \/>\nLiderado pela Artemrede, Stronger Peripheries: A Southern Coalition (2020-2024) \u00e9 um projeto co-financiado pelo Programa Europa Criativa da Uni\u00e3o Europeia que re\u00fane onze organiza\u00e7\u00f5es culturais e tr\u00eas universidades de dez pa\u00edses da bacia do Mediterr\u00e2neo e dos Balc\u00e3s em torno do questionamento das no\u00e7\u00f5es de &#8220;sul&#8221; e &#8220;periferia&#8221; de uma perspetiva s\u00f3cio-pol\u00edtica e s\u00f3cio-cultural, atrav\u00e9s de pr\u00e1ticas art\u00edsticas inclusivas e participativas, de ac\u00e7\u00f5es de capacita\u00e7\u00e3o e da proposta de novos modelos de pol\u00edtica cultural para o Sul da Europa.<br \/>\n\u2042 Mais informa\u00e7\u00e3o em: <a href=\"http:\/\/www.strongerperipheries.eu\">www.strongerperipheries.eu<\/a>\n<p>&nbsp;<\/p>\n\t[<iframe loading=\"lazy\" src=\"https:\/\/docs.google.com\/forms\/d\/e\/1FAIpQLSeAqPNeHsW6nIm4Ghnckc0JpslnLVzkTANzDUEBkT1XxgWw9g\/viewform?embedded=true\" width=\"1280\" height=\"640\" frameborder=\"0\" marginheight=\"0\" marginwidth=\"0\">Loading&#8230;<\/iframe>]\n<a href=\"https:\/\/www.artemrede.pt\/en\/\" class=\"wm-button size-large button\" target=\"_blank\">www.artemrede.pt<\/a>","protected":false},"excerpt":{"rendered":"<div class=\"entry-summary\">\n<div class=\"entry-summary\">\nIMPULSO\n<\/div>\n<div class=\"link-more\"><a href=\"https:\/\/www.artemrede.pt\/en\/stronger-peripheries-call\/\" class=\"more-link\">Continue reading<span class=\"screen-reader-text\"> &ldquo;Artemrede Procura Connector&rdquo;<\/span>&hellip;<\/a><\/div>\n<\/div>\n<div class=\"link-more\"><a href=\"https:\/\/www.artemrede.pt\/en\/stronger-peripheries-call\/\" class=\"more-link\">Continue reading<span class=\"screen-reader-text\"> &ldquo;Artemrede Procura Connector&rdquo;<\/span>&hellip;<\/a><\/div>","protected":false},"author":2,"featured_media":2403,"parent":0,"menu_order":0,"comment_status":"closed","ping_status":"closed","template":"templates\/blank.php","meta":{"om_disable_all_campaigns":false,"_monsterinsights_skip_tracking":false,"_monsterinsights_sitenote_active":false,"_monsterinsights_sitenote_note":"","_monsterinsights_sitenote_category":0,"footnotes":""},"class_list":["post-3469","page","type-page","status-publish","has-post-thumbnail","hentry","entry"],"aioseo_notices":[],"uagb_featured_image_src":{"full":["https:\/\/www.artemrede.pt\/wp-content\/uploads\/2021\/05\/Screenshot-2021-05-28-at-15.18.19.png",1747,983,false],"thumbnail":["https:\/\/www.artemrede.pt\/wp-content\/uploads\/2021\/05\/Screenshot-2021-05-28-at-15.18.19-480x270.png",480,270,true],"medium":["https:\/\/www.artemrede.pt\/wp-content\/uploads\/2021\/05\/Screenshot-2021-05-28-at-15.18.19-744x419.png",744,419,true],"medium_large":["https:\/\/www.artemrede.pt\/wp-content\/uploads\/2021\/05\/Screenshot-2021-05-28-at-15.18.19-1200x675.png",1200,675,true],"large":["https:\/\/www.artemrede.pt\/wp-content\/uploads\/2021\/05\/Screenshot-2021-05-28-at-15.18.19-1200x675.png",1200,675,true],"1536x1536":["https:\/\/www.artemrede.pt\/wp-content\/uploads\/2021\/05\/Screenshot-2021-05-28-at-15.18.19-1536x864.png",1536,864,true],"2048x2048":["https:\/\/www.artemrede.pt\/wp-content\/uploads\/2021\/05\/Screenshot-2021-05-28-at-15.18.19.png",1747,983,false],"trp-custom-language-flag":["https:\/\/www.artemrede.pt\/wp-content\/uploads\/2021\/05\/Screenshot-2021-05-28-at-15.18.19-16x9.png",16,9,true],"icelander-thumbnail":["https:\/\/www.artemrede.pt\/wp-content\/uploads\/2021\/05\/Screenshot-2021-05-28-at-15.18.19-744x372.png",744,372,true],"icelander-square":["https:\/\/www.artemrede.pt\/wp-content\/uploads\/2021\/05\/Screenshot-2021-05-28-at-15.18.19-448x448.png",448,448,true],"icelander-intro":["https:\/\/www.artemrede.pt\/wp-content\/uploads\/2021\/05\/Screenshot-2021-05-28-at-15.18.19.png",1747,983,false]},"uagb_author_info":{"display_name":"Bruno Castro","author_link":"https:\/\/www.artemrede.pt\/en\/author\/artred_bruno\/"},"uagb_comment_info":0,"uagb_excerpt":"IMPULSO Continue reading &ldquo;Artemrede Procura Connector&rdquo;&hellip;","_links":{"self":[{"href":"https:\/\/www.artemrede.pt\/en\/wp-json\/wp\/v2\/pages\/3469","targetHints":{"allow":["GET"]}}],"collection":[{"href":"https:\/\/www.artemrede.pt\/en\/wp-json\/wp\/v2\/pages"}],"about":[{"href":"https:\/\/www.artemrede.pt\/en\/wp-json\/wp\/v2\/types\/page"}],"author":[{"embeddable":true,"href":"https:\/\/www.artemrede.pt\/en\/wp-json\/wp\/v2\/users\/2"}],"replies":[{"embeddable":true,"href":"https:\/\/www.artemrede.pt\/en\/wp-json\/wp\/v2\/comments?post=3469"}],"version-history":[{"count":11,"href":"https:\/\/www.artemrede.pt\/en\/wp-json\/wp\/v2\/pages\/3469\/revisions"}],"predecessor-version":[{"id":3492,"href":"https:\/\/www.artemrede.pt\/en\/wp-json\/wp\/v2\/pages\/3469\/revisions\/3492"}],"wp:featuredmedia":[{"embeddable":true,"href":"https:\/\/www.artemrede.pt\/en\/wp-json\/wp\/v2\/media\/2403"}],"wp:attachment":[{"href":"https:\/\/www.artemrede.pt\/en\/wp-json\/wp\/v2\/media?parent=3469"}],"curies":[{"name":"wp","href":"https:\/\/api.w.org\/{rel}","templated":true}]}}