{"id":1853,"date":"2020-08-05T14:43:28","date_gmt":"2020-08-05T14:43:28","guid":{"rendered":"https:\/\/www.artemrede.pt\/?page_id=1853"},"modified":"2021-01-08T10:56:44","modified_gmt":"2021-01-08T10:56:44","slug":"home","status":"publish","type":"page","link":"https:\/\/www.artemrede.pt\/en\/home\/","title":{"rendered":"Eu sou ARTEMREDE"},"content":{"rendered":"<div class=\"wm-posts wm-posts-wrap clearfix wm-posts-post wm-posts-layout-default posts\"><div class=\"wm-posts-container wm-items-container with-margin\" data-columns=\"2\" data-time=\"0\" data-layout-mode=\"masonry\"><div class=\"wm-row with-margin\">\r\n<div class=\"wm-posts-item wm-posts-item-4663 wm-column width-1-2 with-margin has-thumbnail\">\r\n\r\n\t\r\n\r\n<article id=\"post-4663\" class=\"post-4663 post type-post status-publish format-standard has-post-thumbnail hentry category-projetos-coop category-sem-categoria entry\">\r\n\r\n\t<div class=\"entry-media\"><figure class=\"post-thumbnail\"><a href=\"https:\/\/www.artemrede.pt\/en\/2026\/04\/14\/boba-corte-convocatoria-almada\/\"><img loading=\"lazy\" decoding=\"async\" width=\"744\" height=\"372\" src=\"https:\/\/www.artemrede.pt\/wp-content\/uploads\/2026\/02\/20210425_1710062-744x372.jpg\" class=\"attachment-icelander-thumbnail size-icelander-thumbnail wp-post-image\" alt=\"\" \/><\/a><\/figure><\/div><header class=\"entry-header\"><h2 class=\"entry-title\"><a href=\"https:\/\/www.artemrede.pt\/en\/2026\/04\/14\/boba-corte-convocatoria-almada\/\" rel=\"bookmark\">BOBA DA CORTE | CONVOCAT\u00d3RIA ALMADA<\/a><\/h2><\/header>\n<footer class=\"entry-meta\">\n<span class=\"entry-meta-element entry-date posted-on\">\n\t<span class=\"entry-meta-description label-published\">\n\t\tPosted on:\t<\/span>\n\t<a href=\"https:\/\/www.artemrede.pt\/en\/2026\/04\/14\/boba-corte-convocatoria-almada\/\" rel=\"bookmark\">\n\t\t<time datetime=\"2026-04-14T16:02:12+00:00\" class=\"published\" title=\"Posted on: 14 de April, 2026\">\n\t\t\t14 de April, 2026\t\t<\/time>\n\t<\/a>\n\t<span class=\"entry-meta-description label-updated\">\n\t\tLast updated on:\t<\/span>\n\t<time class=\"updated\" datetime=\"2026-04-14T16:02:12+00:00\" title=\"Last updated on: 14 de April, 2026\">\n\t\t14 de April, 2026\t<\/time>\n<\/span>\n\n<span class=\"entry-meta-element byline author vcard\">\n\t<span class=\"entry-meta-description\">\n\t\tWritten by:\t<\/span>\n\t<a href=\"https:\/\/www.artemrede.pt\/en\/author\/artred_arromba\/\" class=\"url fn n\" rel=\"author\">\n\t\tIn\u00eas Arromba\t<\/a>\n<\/span>\n<\/footer>\n\r\n\t<div class=\"entry-content\"><div class=\"entry-summary\">\n<div class=\"entry-summary\">\nA C\u00e2mara Municipal de Almada, em parceria com a Artemrede e a bailarina, atriz e encenadora brasileira Gaya de Medeiros, convida artistas do concelho de Almada ou com forte liga\u00e7\u00e3o ao territ\u00f3rio a candidatarem-se num programa de mentoria de cria\u00e7\u00e3o.\n<\/div>\n<div class=\"link-more\"><a href=\"https:\/\/www.artemrede.pt\/en\/2026\/04\/14\/boba-corte-convocatoria-almada\/\" class=\"more-link\">Continue reading<span class=\"screen-reader-text\"> &ldquo;BOBA DA CORTE | CONVOCAT\u00d3RIA ALMADA&rdquo;<\/span>&hellip;<\/a><\/div>\n<\/div>\n<div class=\"link-more\"><a href=\"https:\/\/www.artemrede.pt\/en\/2026\/04\/14\/boba-corte-convocatoria-almada\/\" class=\"more-link\">Continue reading<span class=\"screen-reader-text\"> &ldquo;BOBA DA CORTE | CONVOCAT\u00d3RIA ALMADA&rdquo;<\/span>&hellip;<\/a><\/div>\n<\/div>\r\n\r\n\t\r\n<\/article>\r\n\r\n\r\n<\/div>\r\n\r\n<div class=\"wm-posts-item wm-posts-item-4623 wm-column width-1-2 with-margin alt last has-thumbnail\">\r\n\r\n\t\r\n\r\n<article id=\"post-4623\" class=\"post-4623 post type-post status-publish format-standard has-post-thumbnail hentry category-projetos-coop category-sem-categoria entry\">\r\n\r\n\t<div class=\"entry-media\"><figure class=\"post-thumbnail\"><a href=\"https:\/\/www.artemrede.pt\/en\/2026\/03\/12\/boba-corte-convocatoria-santarem\/\"><img loading=\"lazy\" decoding=\"async\" width=\"744\" height=\"372\" src=\"https:\/\/www.artemrede.pt\/wp-content\/uploads\/2026\/02\/20210425_1710062-744x372.jpg\" class=\"attachment-icelander-thumbnail size-icelander-thumbnail wp-post-image\" alt=\"\" \/><\/a><\/figure><\/div><header class=\"entry-header\"><h2 class=\"entry-title\"><a href=\"https:\/\/www.artemrede.pt\/en\/2026\/03\/12\/boba-corte-convocatoria-santarem\/\" rel=\"bookmark\">BOBA DA CORTE | CONVOCAT\u00d3RIA SANTAR\u00c9M<\/a><\/h2><\/header>\n<footer class=\"entry-meta\">\n<span class=\"entry-meta-element entry-date posted-on\">\n\t<span class=\"entry-meta-description label-published\">\n\t\tPosted on:\t<\/span>\n\t<a href=\"https:\/\/www.artemrede.pt\/en\/2026\/03\/12\/boba-corte-convocatoria-santarem\/\" rel=\"bookmark\">\n\t\t<time datetime=\"2026-03-12T11:28:41+00:00\" class=\"published\" title=\"Posted on: 12 de March, 2026\">\n\t\t\t12 de March, 2026\t\t<\/time>\n\t<\/a>\n\t<span class=\"entry-meta-description label-updated\">\n\t\tLast updated on:\t<\/span>\n\t<time class=\"updated\" datetime=\"2026-03-25T11:37:28+00:00\" title=\"Last updated on: 25 de March, 2026\">\n\t\t25 de March, 2026\t<\/time>\n<\/span>\n\n<span class=\"entry-meta-element byline author vcard\">\n\t<span class=\"entry-meta-description\">\n\t\tWritten by:\t<\/span>\n\t<a href=\"https:\/\/www.artemrede.pt\/en\/author\/artred_arromba\/\" class=\"url fn n\" rel=\"author\">\n\t\tIn\u00eas Arromba\t<\/a>\n<\/span>\n<\/footer>\n\r\n\t<div class=\"entry-content\"><div class=\"entry-summary\">\nO Teatro S\u00e1 da Bandeira, em parceria com a Artemrede e a bailarina, atriz e encenadora brasileira Gaya de Medeiros, convida artistas do concelho de Santar\u00e9m ou com forte liga\u00e7\u00e3o ao territ\u00f3rio a candidatarem-se num programa de mentoria de cria\u00e7\u00e3o.\n<\/div>\n<div class=\"link-more\"><a href=\"https:\/\/www.artemrede.pt\/en\/2026\/03\/12\/boba-corte-convocatoria-santarem\/\" class=\"more-link\">Continue reading<span class=\"screen-reader-text\"> &ldquo;BOBA DA CORTE | CONVOCAT\u00d3RIA SANTAR\u00c9M&rdquo;<\/span>&hellip;<\/a><\/div>\n<\/div>\r\n\r\n\t\r\n<\/article>\r\n\r\n\r\n<\/div>\r\n<\/div><\/div><\/div>","protected":false},"excerpt":{"rendered":"<div class=\"entry-summary\">\n<p>Trabalhamos a identidade dos territ\u00f3rios atrav\u00e9s do apoio \u00e0 cria\u00e7\u00e3o art\u00edstica, \u00e0 programa\u00e7\u00e3o cultural em rede, \u00e0 qualifica\u00e7\u00e3o e forma\u00e7\u00e3o e \u00e0s estrat\u00e9gias de media\u00e7\u00e3o cultural.  <strong>ARTEMREDE<\/strong> somos todos n\u00f3s, centenas de profissionais e milhares de espectadores.<br \/>\nJuntos. Mais Fortes. <\/p>\n<p><a href=\"\/en\/https:\/\/www.artemrede.pt\/artemrede\/\" class=\"button size-large\">Conhe\u00e7a-nos!<\/a><\/p>\n<\/div>\n<div class=\"link-more\"><a href=\"https:\/\/www.artemrede.pt\/en\/2026\/03\/12\/boba-corte-convocatoria-santarem\/\" class=\"more-link\">Continue reading<span class=\"screen-reader-text\"> &ldquo;BOBA DA CORTE | CONVOCAT\u00d3RIA SANTAR\u00c9M&rdquo;<\/span>&hellip;<\/a><\/div>","protected":false},"author":2,"featured_media":0,"parent":0,"menu_order":0,"comment_status":"closed","ping_status":"closed","template":"templates\/child-pages.php","meta":{"om_disable_all_campaigns":false,"_monsterinsights_skip_tracking":false,"_monsterinsights_sitenote_active":false,"_monsterinsights_sitenote_note":"","_monsterinsights_sitenote_category":0,"footnotes":""},"class_list":["post-1853","page","type-page","status-publish","hentry","entry"],"aioseo_notices":[],"uagb_featured_image_src":{"full":false,"thumbnail":false,"medium":false,"medium_large":false,"large":false,"1536x1536":false,"2048x2048":false,"trp-custom-language-flag":false,"icelander-thumbnail":false,"icelander-square":false,"icelander-intro":false},"uagb_author_info":{"display_name":"Bruno Castro","author_link":"https:\/\/www.artemrede.pt\/en\/author\/artred_bruno\/"},"uagb_comment_info":0,"uagb_excerpt":"Trabalhamos a identidade dos territ\u00f3rios atrav\u00e9s do apoio \u00e0 cria\u00e7\u00e3o art\u00edstica, \u00e0 programa\u00e7\u00e3o cultural em rede, \u00e0 qualifica\u00e7\u00e3o e forma\u00e7\u00e3o e \u00e0s estrat\u00e9gias de media\u00e7\u00e3o cultural. ARTEMREDE somos todos n\u00f3s, centenas de profissionais e milhares de espectadores. Juntos. Mais Fortes. Conhe\u00e7a-nos! Continue reading &ldquo;BOBA DA CORTE | CONVOCAT\u00d3RIA SANTAR\u00c9M&rdquo;&hellip;","_links":{"self":[{"href":"https:\/\/www.artemrede.pt\/en\/wp-json\/wp\/v2\/pages\/1853","targetHints":{"allow":["GET"]}}],"collection":[{"href":"https:\/\/www.artemrede.pt\/en\/wp-json\/wp\/v2\/pages"}],"about":[{"href":"https:\/\/www.artemrede.pt\/en\/wp-json\/wp\/v2\/types\/page"}],"author":[{"embeddable":true,"href":"https:\/\/www.artemrede.pt\/en\/wp-json\/wp\/v2\/users\/2"}],"replies":[{"embeddable":true,"href":"https:\/\/www.artemrede.pt\/en\/wp-json\/wp\/v2\/comments?post=1853"}],"version-history":[{"count":1,"href":"https:\/\/www.artemrede.pt\/en\/wp-json\/wp\/v2\/pages\/1853\/revisions"}],"predecessor-version":[{"id":2180,"href":"https:\/\/www.artemrede.pt\/en\/wp-json\/wp\/v2\/pages\/1853\/revisions\/2180"}],"wp:attachment":[{"href":"https:\/\/www.artemrede.pt\/en\/wp-json\/wp\/v2\/media?parent=1853"}],"curies":[{"name":"wp","href":"https:\/\/api.w.org\/{rel}","templated":true}]}}