{"id":1552,"date":"2020-03-30T09:04:38","date_gmt":"2020-03-30T09:04:38","guid":{"rendered":"https:\/\/www.artemrede.pt\/?page_id=1552"},"modified":"2020-03-30T09:28:51","modified_gmt":"2020-03-30T09:28:51","slug":"projetos-concluidos","status":"publish","type":"page","link":"https:\/\/www.artemrede.pt\/en\/projetos-concluidos\/","title":{"rendered":"Completed Projects"},"content":{"rendered":"<h1>Completed Projects<\/h1>\n<div class=\"wm-posts wm-posts-wrap clearfix wm-posts-wm_projects wm-posts-layout-default posts\"><div class=\"wm-posts-container wm-items-container with-margin\" data-columns=\"3\" data-time=\"0\" data-layout-mode=\"masonry\"><div class=\"wm-row with-margin\">\r\n<div class=\"wm-posts-item wm-posts-item-2193 wm-column width-1-3 with-margin has-thumbnail\">\r\n\r\n\t\r\n\r\n<article id=\"post-2193\" class=\"post-2193 wm_projects type-wm_projects status-publish has-post-thumbnail hentry project_category-projetos-concluidos entry\">\r\n\r\n\t<div class=\"entry-media\"><figure class=\"post-thumbnail\"><a href=\"https:\/\/www.artemrede.pt\/en\/project\/stronger-peripheries\/\"><img loading=\"lazy\" decoding=\"async\" width=\"744\" height=\"744\" src=\"https:\/\/www.artemrede.pt\/wp-content\/uploads\/2021\/01\/stronger_peripheries_cor-744x744.png\" class=\"attachment-medium size-medium wp-post-image\" alt=\"\" \/><\/a><\/figure><\/div><div class=\"wm-posts-element wm-html-element taxonomy taxonomy-project_category\"><span class=\"taxonomy-label\">Project Category: <\/span><a href=\"https:\/\/www.artemrede.pt\/en\/project-category\/projetos-concluidos\/\" class=\"term term-project_category term-projetos-concluidos\">Completed Projects<\/a><\/div><header class=\"entry-header\"><h2 class=\"entry-title\"><a href=\"https:\/\/www.artemrede.pt\/en\/project\/stronger-peripheries\/\" rel=\"bookmark\">Stronger Peripheries: a Southern Coalition<\/a><\/h2><\/header>\r\n\t<div class=\"entry-content\"><\/div>\r\n\r\n\t\r\n<\/article>\r\n\r\n\r\n<\/div>\r\n\r\n<div class=\"wm-posts-item wm-posts-item-1797 wm-column width-1-3 with-margin alt has-thumbnail\">\r\n\r\n\t\r\n\r\n<article id=\"post-1797\" class=\"post-1797 wm_projects type-wm_projects status-publish has-post-thumbnail hentry project_category-projetos-concluidos entry\">\r\n\r\n\t<div class=\"entry-media\"><figure class=\"post-thumbnail\"><a href=\"https:\/\/www.artemrede.pt\/en\/project\/manual\/\"><img loading=\"lazy\" decoding=\"async\" width=\"744\" height=\"495\" src=\"https:\/\/www.artemrede.pt\/wp-content\/uploads\/2020\/08\/manual-744x495.jpg\" class=\"attachment-medium size-medium wp-post-image\" alt=\"logotipo do projeto Manual on Work and Happiness\" srcset=\"https:\/\/www.artemrede.pt\/wp-content\/uploads\/2020\/08\/manual-744x495.jpg 744w, https:\/\/www.artemrede.pt\/wp-content\/uploads\/2020\/08\/manual.jpg 900w\" sizes=\"auto, (max-width: 744px) 100vw, 744px\" \/><\/a><\/figure><\/div><div class=\"wm-posts-element wm-html-element taxonomy taxonomy-project_category\"><span class=\"taxonomy-label\">Project Category: <\/span><a href=\"https:\/\/www.artemrede.pt\/en\/project-category\/projetos-concluidos\/\" class=\"term term-project_category term-projetos-concluidos\">Completed Projects<\/a><\/div><header class=\"entry-header\"><h2 class=\"entry-title\"><a href=\"https:\/\/www.artemrede.pt\/en\/project\/manual\/\" rel=\"bookmark\">A Manual on Work and Happiness<\/a><\/h2><\/header>\r\n\t<div class=\"entry-content\"><\/div>\r\n\r\n\t\r\n<\/article>\r\n\r\n\r\n<\/div>\r\n\r\n<div class=\"wm-posts-item wm-posts-item-1795 wm-column width-1-3 with-margin last has-thumbnail\">\r\n\r\n\t\r\n\r\n<article id=\"post-1795\" class=\"post-1795 wm_projects type-wm_projects status-publish has-post-thumbnail hentry project_category-projetos-concluidos entry\">\r\n\r\n\t<div class=\"entry-media\"><figure class=\"post-thumbnail\"><a href=\"https:\/\/www.artemrede.pt\/en\/project\/odisseia\/\"><img loading=\"lazy\" decoding=\"async\" width=\"744\" height=\"492\" src=\"https:\/\/www.artemrede.pt\/wp-content\/uploads\/2020\/08\/odisseia-744x492.jpg\" class=\"attachment-medium size-medium wp-post-image\" alt=\"Logotipo do projeto Odisseia\" srcset=\"https:\/\/www.artemrede.pt\/wp-content\/uploads\/2020\/08\/odisseia-744x492.jpg 744w, https:\/\/www.artemrede.pt\/wp-content\/uploads\/2020\/08\/odisseia.jpg 900w\" sizes=\"auto, (max-width: 744px) 100vw, 744px\" \/><\/a><\/figure><\/div><div class=\"wm-posts-element wm-html-element taxonomy taxonomy-project_category\"><span class=\"taxonomy-label\">Project Category: <\/span><a href=\"https:\/\/www.artemrede.pt\/en\/project-category\/projetos-concluidos\/\" class=\"term term-project_category term-projetos-concluidos\">Completed Projects<\/a><\/div><header class=\"entry-header\"><h2 class=\"entry-title\"><a href=\"https:\/\/www.artemrede.pt\/en\/project\/odisseia\/\" rel=\"bookmark\">Odisseia<\/a><\/h2><\/header>\r\n\t<div class=\"entry-content\"><\/div>\r\n\r\n\t\r\n<\/article>\r\n\r\n\r\n<\/div>\r\n<\/div><\/div><\/div><hr class=\"wm-divider type-whitespace\" \/>","protected":false},"excerpt":{"rendered":"<div class=\"entry-summary\">\n<div class=\"entry-summary\">\nODISSEIA foi um projeto de forma\u00e7\u00e3o e capacita\u00e7\u00e3o art\u00edsticas promovido pela Artemrede ao abrigo do programa PARTIS Gulbenkian.\n<\/div>\n<\/div>","protected":false},"author":1,"featured_media":0,"parent":0,"menu_order":0,"comment_status":"closed","ping_status":"closed","template":"","meta":{"om_disable_all_campaigns":false,"_monsterinsights_skip_tracking":false,"_monsterinsights_sitenote_active":false,"_monsterinsights_sitenote_note":"","_monsterinsights_sitenote_category":0,"footnotes":""},"class_list":["post-1552","page","type-page","status-publish","hentry","entry"],"aioseo_notices":[],"uagb_featured_image_src":{"full":false,"thumbnail":false,"medium":false,"medium_large":false,"large":false,"1536x1536":false,"2048x2048":false,"trp-custom-language-flag":false,"icelander-thumbnail":false,"icelander-square":false,"icelander-intro":false},"uagb_author_info":{"display_name":"invisiblepgt","author_link":"https:\/\/www.artemrede.pt\/en\/author\/invisiblepgt\/"},"uagb_comment_info":0,"uagb_excerpt":"Projetos Conclu\u00eddos","_links":{"self":[{"href":"https:\/\/www.artemrede.pt\/en\/wp-json\/wp\/v2\/pages\/1552","targetHints":{"allow":["GET"]}}],"collection":[{"href":"https:\/\/www.artemrede.pt\/en\/wp-json\/wp\/v2\/pages"}],"about":[{"href":"https:\/\/www.artemrede.pt\/en\/wp-json\/wp\/v2\/types\/page"}],"author":[{"embeddable":true,"href":"https:\/\/www.artemrede.pt\/en\/wp-json\/wp\/v2\/users\/1"}],"replies":[{"embeddable":true,"href":"https:\/\/www.artemrede.pt\/en\/wp-json\/wp\/v2\/comments?post=1552"}],"version-history":[{"count":6,"href":"https:\/\/www.artemrede.pt\/en\/wp-json\/wp\/v2\/pages\/1552\/revisions"}],"predecessor-version":[{"id":1568,"href":"https:\/\/www.artemrede.pt\/en\/wp-json\/wp\/v2\/pages\/1552\/revisions\/1568"}],"wp:attachment":[{"href":"https:\/\/www.artemrede.pt\/en\/wp-json\/wp\/v2\/media?parent=1552"}],"curies":[{"name":"wp","href":"https:\/\/api.w.org\/{rel}","templated":true}]}}