{"id":1170,"date":"2020-03-01T18:12:15","date_gmt":"2020-03-01T18:12:15","guid":{"rendered":"https:\/\/www.artemrede.pt\/?page_id=1170"},"modified":"2023-12-19T11:50:24","modified_gmt":"2023-12-19T11:50:24","slug":"projetos-activos","status":"publish","type":"page","link":"https:\/\/www.artemrede.pt\/en\/home-2\/projetos-activos\/","title":{"rendered":"Active Projects"},"content":{"rendered":"<h1>Active Projects<\/h1>\n<p>The background is continuous and sustained, the immediate is in a project format. Discover the projects that help build the network.<\/p>\n<div class=\"wm-posts wm-posts-wrap clearfix wm-posts-wm_projects wm-posts-layout-default posts\"><div class=\"wm-posts-container wm-items-container with-margin\" data-columns=\"3\" data-time=\"0\" data-layout-mode=\"masonry\"><div class=\"wm-row with-margin\">\r\n<div class=\"wm-posts-item wm-posts-item-3863 wm-column width-1-3 with-margin has-thumbnail\">\r\n\r\n\t\r\n\r\n<article id=\"post-3863\" class=\"post-3863 wm_projects type-wm_projects status-publish has-post-thumbnail hentry project_category-projetos-activos entry\">\r\n\r\n\t<div class=\"entry-media\"><figure class=\"post-thumbnail\"><a href=\"https:\/\/www.artemrede.pt\/en\/project\/jam\/\"><img loading=\"lazy\" decoding=\"async\" width=\"907\" height=\"510\" src=\"https:\/\/www.artemrede.pt\/wp-content\/uploads\/2023\/11\/cropped-Screenshot-2023-11-06-at-10.35.34.png\" class=\"attachment-1536x1536 size-1536x1536 wp-post-image\" alt=\"\" srcset=\"https:\/\/www.artemrede.pt\/wp-content\/uploads\/2023\/11\/cropped-Screenshot-2023-11-06-at-10.35.34.png 907w, https:\/\/www.artemrede.pt\/wp-content\/uploads\/2023\/11\/cropped-Screenshot-2023-11-06-at-10.35.34-744x418.png 744w, https:\/\/www.artemrede.pt\/wp-content\/uploads\/2023\/11\/cropped-Screenshot-2023-11-06-at-10.35.34-480x270.png 480w, https:\/\/www.artemrede.pt\/wp-content\/uploads\/2023\/11\/cropped-Screenshot-2023-11-06-at-10.35.34-18x10.png 18w\" sizes=\"auto, (max-width: 907px) 100vw, 907px\" \/><\/a><\/figure><\/div><div class=\"wm-posts-element wm-html-element taxonomy taxonomy-project_category\"><span class=\"taxonomy-label\">Project Category: <\/span><a href=\"https:\/\/www.artemrede.pt\/en\/project-category\/projetos-activos\/\" class=\"term term-project_category term-projetos-activos\">Projetos Activos<\/a><\/div><header class=\"entry-header\"><h2 class=\"entry-title\"><a href=\"https:\/\/www.artemrede.pt\/en\/project\/jam\/\" rel=\"bookmark\">JAM! Jovens + Artes = Mudan\u00e7a<\/a><\/h2><\/header>\r\n\t<div class=\"entry-content\"><\/div>\r\n\r\n\t\r\n<\/article>\r\n\r\n\r\n<\/div>\r\n\r\n<div class=\"wm-posts-item wm-posts-item-3862 wm-column width-1-3 with-margin alt has-thumbnail\">\r\n\r\n\t\r\n\r\n<article id=\"post-3862\" class=\"post-3862 wm_projects type-wm_projects status-publish has-post-thumbnail hentry project_category-projetos-activos entry\">\r\n\r\n\t<div class=\"entry-media\"><figure class=\"post-thumbnail\"><a href=\"https:\/\/www.artemrede.pt\/en\/project\/production3-copy\/\"><img loading=\"lazy\" decoding=\"async\" width=\"641\" height=\"159\" src=\"https:\/\/www.artemrede.pt\/wp-content\/uploads\/2023\/09\/Screenshot-2023-09-14-at-10.25.27.png\" class=\"attachment-1536x1536 size-1536x1536 wp-post-image\" alt=\"\" srcset=\"https:\/\/www.artemrede.pt\/wp-content\/uploads\/2023\/09\/Screenshot-2023-09-14-at-10.25.27.png 641w, https:\/\/www.artemrede.pt\/wp-content\/uploads\/2023\/09\/Screenshot-2023-09-14-at-10.25.27-18x4.png 18w\" sizes=\"auto, (max-width: 641px) 100vw, 641px\" \/><\/a><\/figure><\/div><div class=\"wm-posts-element wm-html-element taxonomy taxonomy-project_category\"><span class=\"taxonomy-label\">Project Category: <\/span><a href=\"https:\/\/www.artemrede.pt\/en\/project-category\/projetos-activos\/\" class=\"term term-project_category term-projetos-activos\">Projetos Activos<\/a><\/div><header class=\"entry-header\"><h2 class=\"entry-title\"><a href=\"https:\/\/www.artemrede.pt\/en\/project\/production3-copy\/\" rel=\"bookmark\">PERFARE<\/a><\/h2><\/header>\r\n\t<div class=\"entry-content\"><\/div>\r\n\r\n\t\r\n<\/article>\r\n\r\n\r\n<\/div>\r\n\r\n<div class=\"wm-posts-item wm-posts-item-3771 wm-column width-1-3 with-margin last has-thumbnail\">\r\n\r\n\t\r\n\r\n<article id=\"post-3771\" class=\"post-3771 wm_projects type-wm_projects status-publish has-post-thumbnail hentry project_category-projetos-activos entry\">\r\n\r\n\t<div class=\"entry-media\"><figure class=\"post-thumbnail\"><a href=\"https:\/\/www.artemrede.pt\/en\/project\/production3\/\"><img loading=\"lazy\" decoding=\"async\" width=\"584\" height=\"504\" src=\"https:\/\/www.artemrede.pt\/wp-content\/uploads\/2023\/12\/Screenshot-2023-12-19-at-11.55.14.png\" class=\"attachment-1536x1536 size-1536x1536 wp-post-image\" alt=\"\" srcset=\"https:\/\/www.artemrede.pt\/wp-content\/uploads\/2023\/12\/Screenshot-2023-12-19-at-11.55.14.png 584w, https:\/\/www.artemrede.pt\/wp-content\/uploads\/2023\/12\/Screenshot-2023-12-19-at-11.55.14-14x12.png 14w\" sizes=\"auto, (max-width: 584px) 100vw, 584px\" \/><\/a><\/figure><\/div><div class=\"wm-posts-element wm-html-element taxonomy taxonomy-project_category\"><span class=\"taxonomy-label\">Project Category: <\/span><a href=\"https:\/\/www.artemrede.pt\/en\/project-category\/projetos-activos\/\" class=\"term term-project_category term-projetos-activos\">Projetos Activos<\/a><\/div><header class=\"entry-header\"><h2 class=\"entry-title\"><a href=\"https:\/\/www.artemrede.pt\/en\/project\/production3\/\" rel=\"bookmark\">PRODUCTION3<\/a><\/h2><\/header>\r\n\t<div class=\"entry-content\"><\/div>\r\n\r\n\t\r\n<\/article>\r\n\r\n\r\n<\/div>\r\n<\/div><div class=\"wm-row with-margin\">\r\n<div class=\"wm-posts-item wm-posts-item-1247 wm-column width-1-3 with-margin alt has-thumbnail\">\r\n\r\n\t\r\n\r\n<article id=\"post-1247\" class=\"post-1247 wm_projects type-wm_projects status-publish has-post-thumbnail hentry project_category-projetos-activos entry\">\r\n\r\n\t<div class=\"entry-media\"><figure class=\"post-thumbnail\"><a href=\"https:\/\/www.artemrede.pt\/en\/project\/visionarios\/\"><img loading=\"lazy\" decoding=\"async\" width=\"668\" height=\"447\" src=\"https:\/\/www.artemrede.pt\/wp-content\/uploads\/2017\/05\/artermrede_logo-projeto_VS_txt-e1702986734326.png\" class=\"attachment-1536x1536 size-1536x1536 wp-post-image\" alt=\"logotipo projeto visionarios\" srcset=\"https:\/\/www.artemrede.pt\/wp-content\/uploads\/2017\/05\/artermrede_logo-projeto_VS_txt-e1702986734326.png 668w, https:\/\/www.artemrede.pt\/wp-content\/uploads\/2017\/05\/artermrede_logo-projeto_VS_txt-e1702986734326-18x12.png 18w\" sizes=\"auto, (max-width: 668px) 100vw, 668px\" \/><\/a><\/figure><\/div><div class=\"wm-posts-element wm-html-element taxonomy taxonomy-project_category\"><span class=\"taxonomy-label\">Project Category: <\/span><a href=\"https:\/\/www.artemrede.pt\/en\/project-category\/projetos-activos\/\" class=\"term term-project_category term-projetos-activos\">Projetos Activos<\/a><\/div><header class=\"entry-header\"><h2 class=\"entry-title\"><a href=\"https:\/\/www.artemrede.pt\/en\/project\/visionarios\/\" rel=\"bookmark\">Vision\u00e1rios<\/a><\/h2><\/header>\r\n\t<div class=\"entry-content\"><\/div>\r\n\r\n\t\r\n<\/article>\r\n\r\n\r\n<\/div>\r\n<\/div><\/div><\/div>","protected":false},"excerpt":{"rendered":"<div class=\"entry-summary\">\n<div class=\"entry-summary\">\nIniciativa de desenvolvimento de p\u00fablicos que prop\u00f5e um novo modelo de aproxima\u00e7\u00e3o entre espectadores, artistas e institui\u00e7\u00f5es culturais.\n<\/div>\n<\/div>","protected":false},"author":1,"featured_media":0,"parent":1070,"menu_order":0,"comment_status":"closed","ping_status":"closed","template":"templates\/child-pages.php","meta":{"om_disable_all_campaigns":false,"_monsterinsights_skip_tracking":false,"_monsterinsights_sitenote_active":false,"_monsterinsights_sitenote_note":"","_monsterinsights_sitenote_category":0,"footnotes":""},"class_list":["post-1170","page","type-page","status-publish","hentry","entry"],"aioseo_notices":[],"uagb_featured_image_src":{"full":false,"thumbnail":false,"medium":false,"medium_large":false,"large":false,"1536x1536":false,"2048x2048":false,"trp-custom-language-flag":false,"icelander-thumbnail":false,"icelander-square":false,"icelander-intro":false},"uagb_author_info":{"display_name":"invisiblepgt","author_link":"https:\/\/www.artemrede.pt\/en\/author\/invisiblepgt\/"},"uagb_comment_info":0,"uagb_excerpt":"O pano de fundo \u00e9 cont\u00ednuo e sustentado, o imediato \u00e9 em formato de projeto. Descubra os projetos que ajudam a construir a rede.","_links":{"self":[{"href":"https:\/\/www.artemrede.pt\/en\/wp-json\/wp\/v2\/pages\/1170","targetHints":{"allow":["GET"]}}],"collection":[{"href":"https:\/\/www.artemrede.pt\/en\/wp-json\/wp\/v2\/pages"}],"about":[{"href":"https:\/\/www.artemrede.pt\/en\/wp-json\/wp\/v2\/types\/page"}],"author":[{"embeddable":true,"href":"https:\/\/www.artemrede.pt\/en\/wp-json\/wp\/v2\/users\/1"}],"replies":[{"embeddable":true,"href":"https:\/\/www.artemrede.pt\/en\/wp-json\/wp\/v2\/comments?post=1170"}],"version-history":[{"count":10,"href":"https:\/\/www.artemrede.pt\/en\/wp-json\/wp\/v2\/pages\/1170\/revisions"}],"predecessor-version":[{"id":3777,"href":"https:\/\/www.artemrede.pt\/en\/wp-json\/wp\/v2\/pages\/1170\/revisions\/3777"}],"up":[{"embeddable":true,"href":"https:\/\/www.artemrede.pt\/en\/wp-json\/wp\/v2\/pages\/1070"}],"wp:attachment":[{"href":"https:\/\/www.artemrede.pt\/en\/wp-json\/wp\/v2\/media?parent=1170"}],"curies":[{"name":"wp","href":"https:\/\/api.w.org\/{rel}","templated":true}]}}