{"id":110,"date":"2020-02-26T17:36:08","date_gmt":"2020-02-26T17:36:08","guid":{"rendered":"https:\/\/www.artemrede.pt\/?page_id=110"},"modified":"2020-03-30T15:19:30","modified_gmt":"2020-03-30T15:19:30","slug":"acessibilidade","status":"publish","type":"page","link":"https:\/\/www.artemrede.pt\/en\/acessibilidade\/","title":{"rendered":"Accessibility"},"content":{"rendered":"<h1>Accessibility<\/h1>\n\t<h2>O site<\/h2>\n<p>O site da ARTEMREDE foi criado para que fosse de f\u00e1cil leitura. Constru\u00eddo atrav\u00e9s do olhar do utilizador, tem uma navega\u00e7\u00e3o intuitiva, com uma linguagem pensada para chegar a todas\/os. Cada imagem tem descri\u00e7\u00e3o alternativa para pessoas invisuais.<\/p>\n<p>O site encontra-se revisto pela comAcesso, entidade certificada que trata de quest\u00f5es de acessibilidade&nbsp;<em>web<\/em>&nbsp;e digital e supera o n\u00edvel de conformidade AA, cumprindo todos os crit\u00e9rios de acessibilidade de n\u00edvel AAA aplic\u00e1veis.<\/p>","protected":false},"excerpt":{"rendered":"<div class=\"entry-summary\">\n<div class=\"entry-summary\">\nAcessibilidade O site O site da ARTEMREDE foi criado para que fosse de f\u00e1cil leitura. Constru\u00eddo atrav\u00e9s do olhar do utilizador, tem uma navega\u00e7\u00e3o intuitiva, com uma linguagem pensada para chegar a todas\/os. Cada imagem tem descri\u00e7\u00e3o alternativa para pessoas&hellip;\n<\/div>\n<div class=\"link-more\"><a href=\"https:\/\/www.artemrede.pt\/en\/acessibilidade\/\" class=\"more-link\">Continue reading<span class=\"screen-reader-text\"> &ldquo;Acessibilidade&rdquo;<\/span>&hellip;<\/a><\/div>\n<\/div>\n<div class=\"link-more\"><a href=\"https:\/\/www.artemrede.pt\/en\/acessibilidade\/\" class=\"more-link\">Continue reading<span class=\"screen-reader-text\"> &ldquo;Acessibilidade&rdquo;<\/span>&hellip;<\/a><\/div>","protected":false},"author":1,"featured_media":0,"parent":0,"menu_order":0,"comment_status":"closed","ping_status":"closed","template":"","meta":{"om_disable_all_campaigns":false,"_monsterinsights_skip_tracking":false,"_monsterinsights_sitenote_active":false,"_monsterinsights_sitenote_note":"","_monsterinsights_sitenote_category":0,"footnotes":""},"class_list":["post-110","page","type-page","status-publish","hentry","entry"],"aioseo_notices":[],"uagb_featured_image_src":{"full":false,"thumbnail":false,"medium":false,"medium_large":false,"large":false,"1536x1536":false,"2048x2048":false,"trp-custom-language-flag":false,"icelander-thumbnail":false,"icelander-square":false,"icelander-intro":false},"uagb_author_info":{"display_name":"invisiblepgt","author_link":"https:\/\/www.artemrede.pt\/en\/author\/invisiblepgt\/"},"uagb_comment_info":0,"uagb_excerpt":"Acessibilidade O site O site da ARTEMREDE foi criado para que fosse de f\u00e1cil leitura. Constru\u00eddo atrav\u00e9s do olhar do utilizador, tem uma navega\u00e7\u00e3o intuitiva, com uma linguagem pensada para chegar a todas\/os. Cada imagem tem descri\u00e7\u00e3o alternativa para pessoas&hellip; Continue reading &ldquo;Acessibilidade&rdquo;&hellip;","_links":{"self":[{"href":"https:\/\/www.artemrede.pt\/en\/wp-json\/wp\/v2\/pages\/110","targetHints":{"allow":["GET"]}}],"collection":[{"href":"https:\/\/www.artemrede.pt\/en\/wp-json\/wp\/v2\/pages"}],"about":[{"href":"https:\/\/www.artemrede.pt\/en\/wp-json\/wp\/v2\/types\/page"}],"author":[{"embeddable":true,"href":"https:\/\/www.artemrede.pt\/en\/wp-json\/wp\/v2\/users\/1"}],"replies":[{"embeddable":true,"href":"https:\/\/www.artemrede.pt\/en\/wp-json\/wp\/v2\/comments?post=110"}],"version-history":[{"count":7,"href":"https:\/\/www.artemrede.pt\/en\/wp-json\/wp\/v2\/pages\/110\/revisions"}],"predecessor-version":[{"id":1605,"href":"https:\/\/www.artemrede.pt\/en\/wp-json\/wp\/v2\/pages\/110\/revisions\/1605"}],"wp:attachment":[{"href":"https:\/\/www.artemrede.pt\/en\/wp-json\/wp\/v2\/media?parent=110"}],"curies":[{"name":"wp","href":"https:\/\/api.w.org\/{rel}","templated":true}]}}