{"id":1070,"date":"2017-03-09T15:20:56","date_gmt":"2017-03-09T15:20:56","guid":{"rendered":"http:\/\/themedemos.webmandesign.eu\/icelander\/?page_id=7"},"modified":"2026-03-24T17:43:23","modified_gmt":"2026-03-24T17:43:23","slug":"home-2","status":"publish","type":"page","link":"https:\/\/www.artemrede.pt\/en\/","title":{"rendered":"Gaya de Medeiros"},"content":{"rendered":"<div class=\"wm-posts wm-posts-wrap clearfix wm-posts-post wm-posts-layout-default posts\"><div class=\"wm-posts-container wm-items-container with-margin\" data-columns=\"3\" data-time=\"0\" data-layout-mode=\"masonry\"><div class=\"wm-row with-margin\">\r\n<div class=\"wm-posts-item wm-posts-item-4663 wm-column width-1-3 with-margin has-thumbnail\">\r\n\r\n\t\r\n\r\n<article id=\"post-4663\" class=\"post-4663 post type-post status-publish format-standard has-post-thumbnail hentry category-projetos-coop category-sem-categoria entry\">\r\n\r\n\t<div class=\"entry-media\"><figure class=\"post-thumbnail\"><a href=\"https:\/\/www.artemrede.pt\/en\/2026\/04\/14\/boba-corte-convocatoria-almada\/\"><img loading=\"lazy\" decoding=\"async\" width=\"480\" height=\"270\" src=\"https:\/\/www.artemrede.pt\/wp-content\/uploads\/2026\/02\/20210425_1710062-480x270.jpg\" class=\"attachment-thumbnail size-thumbnail wp-post-image\" alt=\"\" srcset=\"https:\/\/www.artemrede.pt\/wp-content\/uploads\/2026\/02\/20210425_1710062-480x270.jpg 480w, https:\/\/www.artemrede.pt\/wp-content\/uploads\/2026\/02\/20210425_1710062-1920x1080.jpg 1920w\" sizes=\"auto, (max-width: 480px) 100vw, 480px\" \/><\/a><\/figure><\/div><header class=\"entry-header\"><h2 class=\"entry-title\"><a href=\"https:\/\/www.artemrede.pt\/en\/2026\/04\/14\/boba-corte-convocatoria-almada\/\" rel=\"bookmark\">BOBA DA CORTE | CONVOCAT\u00d3RIA ALMADA<\/a><\/h2><\/header>\n<footer class=\"entry-meta\">\n<span class=\"entry-meta-element entry-date posted-on\">\n\t<span class=\"entry-meta-description label-published\">\n\t\tPosted on:\t<\/span>\n\t<a href=\"https:\/\/www.artemrede.pt\/en\/2026\/04\/14\/boba-corte-convocatoria-almada\/\" rel=\"bookmark\">\n\t\t<time datetime=\"2026-04-14T16:02:12+00:00\" class=\"published\" title=\"Posted on: 14 de April, 2026\">\n\t\t\t14 de April, 2026\t\t<\/time>\n\t<\/a>\n\t<span class=\"entry-meta-description label-updated\">\n\t\tLast updated on:\t<\/span>\n\t<time class=\"updated\" datetime=\"2026-04-14T16:02:12+00:00\" title=\"Last updated on: 14 de April, 2026\">\n\t\t14 de April, 2026\t<\/time>\n<\/span>\n\n<span class=\"entry-meta-element byline author vcard\">\n\t<span class=\"entry-meta-description\">\n\t\tWritten by:\t<\/span>\n\t<a href=\"https:\/\/www.artemrede.pt\/en\/author\/artred_arromba\/\" class=\"url fn n\" rel=\"author\">\n\t\tIn\u00eas Arromba\t<\/a>\n<\/span>\n<\/footer>\n\r\n\t<div class=\"entry-content\"><div class=\"entry-summary\">\n<div class=\"entry-summary\">\nA C\u00e2mara Municipal de Almada, em parceria com a Artemrede e a bailarina, atriz e encenadora brasileira Gaya de Medeiros, convida artistas do concelho de Almada ou com forte liga\u00e7\u00e3o ao territ\u00f3rio a candidatarem-se num programa de mentoria de cria\u00e7\u00e3o.\n<\/div>\n<div class=\"link-more\"><a href=\"https:\/\/www.artemrede.pt\/en\/2026\/04\/14\/boba-corte-convocatoria-almada\/\" class=\"more-link\">Continue reading<span class=\"screen-reader-text\"> &ldquo;BOBA DA CORTE | CONVOCAT\u00d3RIA ALMADA&rdquo;<\/span>&hellip;<\/a><\/div>\n<\/div>\n<div class=\"link-more\"><a href=\"https:\/\/www.artemrede.pt\/en\/2026\/04\/14\/boba-corte-convocatoria-almada\/\" class=\"more-link\">Continue reading<span class=\"screen-reader-text\"> &ldquo;BOBA DA CORTE | CONVOCAT\u00d3RIA ALMADA&rdquo;<\/span>&hellip;<\/a><\/div>\n<\/div>\r\n\r\n\t\r\n<\/article>\r\n\r\n\r\n<\/div>\r\n\r\n<div class=\"wm-posts-item wm-posts-item-4623 wm-column width-1-3 with-margin alt has-thumbnail\">\r\n\r\n\t\r\n\r\n<article id=\"post-4623\" class=\"post-4623 post type-post status-publish format-standard has-post-thumbnail hentry category-projetos-coop category-sem-categoria entry\">\r\n\r\n\t<div class=\"entry-media\"><figure class=\"post-thumbnail\"><a href=\"https:\/\/www.artemrede.pt\/en\/2026\/03\/12\/boba-corte-convocatoria-santarem\/\"><img loading=\"lazy\" decoding=\"async\" width=\"480\" height=\"270\" src=\"https:\/\/www.artemrede.pt\/wp-content\/uploads\/2026\/02\/20210425_1710062-480x270.jpg\" class=\"attachment-thumbnail size-thumbnail wp-post-image\" alt=\"\" srcset=\"https:\/\/www.artemrede.pt\/wp-content\/uploads\/2026\/02\/20210425_1710062-480x270.jpg 480w, https:\/\/www.artemrede.pt\/wp-content\/uploads\/2026\/02\/20210425_1710062-1920x1080.jpg 1920w\" sizes=\"auto, (max-width: 480px) 100vw, 480px\" \/><\/a><\/figure><\/div><header class=\"entry-header\"><h2 class=\"entry-title\"><a href=\"https:\/\/www.artemrede.pt\/en\/2026\/03\/12\/boba-corte-convocatoria-santarem\/\" rel=\"bookmark\">BOBA DA CORTE | CONVOCAT\u00d3RIA SANTAR\u00c9M<\/a><\/h2><\/header>\n<footer class=\"entry-meta\">\n<span class=\"entry-meta-element entry-date posted-on\">\n\t<span class=\"entry-meta-description label-published\">\n\t\tPosted on:\t<\/span>\n\t<a href=\"https:\/\/www.artemrede.pt\/en\/2026\/03\/12\/boba-corte-convocatoria-santarem\/\" rel=\"bookmark\">\n\t\t<time datetime=\"2026-03-12T11:28:41+00:00\" class=\"published\" title=\"Posted on: 12 de March, 2026\">\n\t\t\t12 de March, 2026\t\t<\/time>\n\t<\/a>\n\t<span class=\"entry-meta-description label-updated\">\n\t\tLast updated on:\t<\/span>\n\t<time class=\"updated\" datetime=\"2026-03-25T11:37:28+00:00\" title=\"Last updated on: 25 de March, 2026\">\n\t\t25 de March, 2026\t<\/time>\n<\/span>\n\n<span class=\"entry-meta-element byline author vcard\">\n\t<span class=\"entry-meta-description\">\n\t\tWritten by:\t<\/span>\n\t<a href=\"https:\/\/www.artemrede.pt\/en\/author\/artred_arromba\/\" class=\"url fn n\" rel=\"author\">\n\t\tIn\u00eas Arromba\t<\/a>\n<\/span>\n<\/footer>\n\r\n\t<div class=\"entry-content\"><div class=\"entry-summary\">\nO Teatro S\u00e1 da Bandeira, em parceria com a Artemrede e a bailarina, atriz e encenadora brasileira Gaya de Medeiros, convida artistas do concelho de Santar\u00e9m ou com forte liga\u00e7\u00e3o ao territ\u00f3rio a candidatarem-se num programa de mentoria de cria\u00e7\u00e3o.\n<\/div>\n<div class=\"link-more\"><a href=\"https:\/\/www.artemrede.pt\/en\/2026\/03\/12\/boba-corte-convocatoria-santarem\/\" class=\"more-link\">Continue reading<span class=\"screen-reader-text\"> &ldquo;BOBA DA CORTE | CONVOCAT\u00d3RIA SANTAR\u00c9M&rdquo;<\/span>&hellip;<\/a><\/div>\n<\/div>\r\n\r\n\t\r\n<\/article>\r\n\r\n\r\n<\/div>\r\n\r\n<div class=\"wm-posts-item wm-posts-item-4612 wm-column width-1-3 with-margin last has-thumbnail\">\r\n\r\n\t\r\n\r\n<article id=\"post-4612\" class=\"post-4612 post type-post status-publish format-standard has-post-thumbnail hentry category-projetos-coop category-sem-categoria entry\">\r\n\r\n\t<div class=\"entry-media\"><figure class=\"post-thumbnail\"><a href=\"https:\/\/www.artemrede.pt\/en\/2026\/03\/06\/boba-corte-convocatoria-palmela\/\"><img loading=\"lazy\" decoding=\"async\" width=\"480\" height=\"270\" src=\"https:\/\/www.artemrede.pt\/wp-content\/uploads\/2026\/02\/20210425_1710062-480x270.jpg\" class=\"attachment-thumbnail size-thumbnail wp-post-image\" alt=\"\" srcset=\"https:\/\/www.artemrede.pt\/wp-content\/uploads\/2026\/02\/20210425_1710062-480x270.jpg 480w, https:\/\/www.artemrede.pt\/wp-content\/uploads\/2026\/02\/20210425_1710062-1920x1080.jpg 1920w\" sizes=\"auto, (max-width: 480px) 100vw, 480px\" \/><\/a><\/figure><\/div><header class=\"entry-header\"><h2 class=\"entry-title\"><a href=\"https:\/\/www.artemrede.pt\/en\/2026\/03\/06\/boba-corte-convocatoria-palmela\/\" rel=\"bookmark\">BOBA DA CORTE | CONVOCAT\u00d3RIA PALMELA<\/a><\/h2><\/header>\n<footer class=\"entry-meta\">\n<span class=\"entry-meta-element entry-date posted-on\">\n\t<span class=\"entry-meta-description label-published\">\n\t\tPosted on:\t<\/span>\n\t<a href=\"https:\/\/www.artemrede.pt\/en\/2026\/03\/06\/boba-corte-convocatoria-palmela\/\" rel=\"bookmark\">\n\t\t<time datetime=\"2026-03-06T16:00:29+00:00\" class=\"published\" title=\"Posted on: 6 de March, 2026\">\n\t\t\t6 de March, 2026\t\t<\/time>\n\t<\/a>\n\t<span class=\"entry-meta-description label-updated\">\n\t\tLast updated on:\t<\/span>\n\t<time class=\"updated\" datetime=\"2026-03-06T16:09:54+00:00\" title=\"Last updated on: 6 de March, 2026\">\n\t\t6 de March, 2026\t<\/time>\n<\/span>\n\n<span class=\"entry-meta-element byline author vcard\">\n\t<span class=\"entry-meta-description\">\n\t\tWritten by:\t<\/span>\n\t<a href=\"https:\/\/www.artemrede.pt\/en\/author\/artred_arromba\/\" class=\"url fn n\" rel=\"author\">\n\t\tIn\u00eas Arromba\t<\/a>\n<\/span>\n<\/footer>\n\r\n\t<div class=\"entry-content\"><div class=\"entry-summary\">\nO Cine-Teatro S\u00e3o Jo\u00e3o, em parceria com a Artemrede e a bailarina, atriz e encenadora brasileira Gaya de Medeiros, convida artistas do concelho de Palmela ou com forte liga\u00e7\u00e3o ao territ\u00f3rio a candidatarem-se num programa de mentoria de cria\u00e7\u00e3o.\n<\/div>\n<div class=\"link-more\"><a href=\"https:\/\/www.artemrede.pt\/en\/2026\/03\/06\/boba-corte-convocatoria-palmela\/\" class=\"more-link\">Continue reading<span class=\"screen-reader-text\"> &ldquo;BOBA DA CORTE | CONVOCAT\u00d3RIA PALMELA&rdquo;<\/span>&hellip;<\/a><\/div>\n<\/div>\r\n\r\n\t\r\n<\/article>\r\n\r\n\r\n<\/div>\r\n<\/div><\/div><\/div>","protected":false},"excerpt":{"rendered":"<div class=\"entry-summary\">\n<p>\n<a href=\"https:\/\/www.artemrede.pt\/en\/2026\/03\/12\/boba-corte-convocatoria-santarem\/\"\" class=\"button size-large\">CONVOCAT\u00d3RIA para MENTORIA<\/a><\/p>\n<\/div>\n<div class=\"link-more\"><a href=\"https:\/\/www.artemrede.pt\/en\/2026\/03\/06\/boba-corte-convocatoria-palmela\/\" class=\"more-link\">Continue reading<span class=\"screen-reader-text\"> &ldquo;BOBA DA CORTE | CONVOCAT\u00d3RIA PALMELA&rdquo;<\/span>&hellip;<\/a><\/div>","protected":false},"author":1,"featured_media":4593,"parent":0,"menu_order":0,"comment_status":"closed","ping_status":"closed","template":"templates\/child-pages.php","meta":{"om_disable_all_campaigns":false,"_monsterinsights_skip_tracking":false,"_monsterinsights_sitenote_active":false,"_monsterinsights_sitenote_note":"","_monsterinsights_sitenote_category":0,"footnotes":""},"class_list":["post-1070","page","type-page","status-publish","has-post-thumbnail","hentry","entry"],"aioseo_notices":[],"uagb_featured_image_src":{"full":["https:\/\/www.artemrede.pt\/wp-content\/uploads\/2026\/02\/01-Oct23_1536-Open-House-Festival-scaled-e1773241221642.jpg",2556,956,false],"thumbnail":["https:\/\/www.artemrede.pt\/wp-content\/uploads\/2026\/02\/01-Oct23_1536-Open-House-Festival-scaled-e1773241221642-480x270.jpg",480,270,true],"medium":["https:\/\/www.artemrede.pt\/wp-content\/uploads\/2026\/02\/01-Oct23_1536-Open-House-Festival-scaled-e1773241221642-744x278.jpg",744,278,true],"medium_large":["https:\/\/www.artemrede.pt\/wp-content\/uploads\/2026\/02\/01-Oct23_1536-Open-House-Festival-scaled-e1773241221642-1200x449.jpg",1200,449,true],"large":["https:\/\/www.artemrede.pt\/wp-content\/uploads\/2026\/02\/01-Oct23_1536-Open-House-Festival-scaled-e1773241221642-1200x449.jpg",1200,449,true],"1536x1536":["https:\/\/www.artemrede.pt\/wp-content\/uploads\/2026\/02\/01-Oct23_1536-Open-House-Festival-scaled-e1773241221642-1536x574.jpg",1536,574,true],"2048x2048":["https:\/\/www.artemrede.pt\/wp-content\/uploads\/2026\/02\/01-Oct23_1536-Open-House-Festival-scaled-e1773241221642-2048x766.jpg",2048,766,true],"trp-custom-language-flag":["https:\/\/www.artemrede.pt\/wp-content\/uploads\/2026\/02\/01-Oct23_1536-Open-House-Festival-scaled-e1773241221642-18x7.jpg",18,7,true],"icelander-thumbnail":["https:\/\/www.artemrede.pt\/wp-content\/uploads\/2026\/02\/01-Oct23_1536-Open-House-Festival-scaled-e1773241221642-744x372.jpg",744,372,true],"icelander-square":["https:\/\/www.artemrede.pt\/wp-content\/uploads\/2026\/02\/01-Oct23_1536-Open-House-Festival-scaled-e1773241221642-448x448.jpg",448,448,true],"icelander-intro":["https:\/\/www.artemrede.pt\/wp-content\/uploads\/2026\/02\/01-Oct23_1536-Open-House-Festival-scaled-e1773241221642-1920x956.jpg",1920,956,true]},"uagb_author_info":{"display_name":"invisiblepgt","author_link":"https:\/\/www.artemrede.pt\/en\/author\/invisiblepgt\/"},"uagb_comment_info":0,"uagb_excerpt":null,"_links":{"self":[{"href":"https:\/\/www.artemrede.pt\/en\/wp-json\/wp\/v2\/pages\/1070","targetHints":{"allow":["GET"]}}],"collection":[{"href":"https:\/\/www.artemrede.pt\/en\/wp-json\/wp\/v2\/pages"}],"about":[{"href":"https:\/\/www.artemrede.pt\/en\/wp-json\/wp\/v2\/types\/page"}],"author":[{"embeddable":true,"href":"https:\/\/www.artemrede.pt\/en\/wp-json\/wp\/v2\/users\/1"}],"replies":[{"embeddable":true,"href":"https:\/\/www.artemrede.pt\/en\/wp-json\/wp\/v2\/comments?post=1070"}],"version-history":[{"count":206,"href":"https:\/\/www.artemrede.pt\/en\/wp-json\/wp\/v2\/pages\/1070\/revisions"}],"predecessor-version":[{"id":4647,"href":"https:\/\/www.artemrede.pt\/en\/wp-json\/wp\/v2\/pages\/1070\/revisions\/4647"}],"wp:featuredmedia":[{"embeddable":true,"href":"https:\/\/www.artemrede.pt\/en\/wp-json\/wp\/v2\/media\/4593"}],"wp:attachment":[{"href":"https:\/\/www.artemrede.pt\/en\/wp-json\/wp\/v2\/media?parent=1070"}],"curies":[{"name":"wp","href":"https:\/\/api.w.org\/{rel}","templated":true}]}}