{"id":107,"date":"2020-02-26T17:32:48","date_gmt":"2020-02-26T17:32:48","guid":{"rendered":"https:\/\/www.artemrede.pt\/?page_id=107"},"modified":"2020-03-30T15:17:54","modified_gmt":"2020-03-30T15:17:54","slug":"mapa-do-site","status":"publish","type":"page","link":"https:\/\/www.artemrede.pt\/en\/mapa-do-site\/","title":{"rendered":"Site map"},"content":{"rendered":"<h1>Site map<\/h1>\n\t\n<!-- Page-list plugin v.5.2 wordpress.org\/plugins\/page-list\/ -->\n<ul class=\"page-list\">\n<li class=\"page_item page-item-1888\"><a href=\"https:\/\/www.artemrede.pt\/en\/festivalmanobras\/\">4\u00baManobras<\/a><\/li>\n<li class=\"page_item page-item-2270\"><a href=\"https:\/\/www.artemrede.pt\/en\/festivalmanobras-primavera\/\">4\u00baManobras &#8211; Edi\u00e7\u00e3o Primavera<\/a><\/li>\n<li class=\"page_item page-item-3263\"><a href=\"https:\/\/www.artemrede.pt\/en\/festivalmanobras-outono-2022\/\">5\u00baManobras &#8211; Outono 2022<\/a><\/li>\n<li class=\"page_item page-item-110\"><a href=\"https:\/\/www.artemrede.pt\/en\/acessibilidade\/\">Accessibility<\/a><\/li>\n<li class=\"page_item page-item-3469\"><a href=\"https:\/\/www.artemrede.pt\/en\/stronger-peripheries-call\/\">Artemrede Procura Connector<\/a><\/li>\n<li class=\"page_item page-item-1205\"><a href=\"https:\/\/www.artemrede.pt\/en\/associados\/\">Members<\/a><\/li>\n<li class=\"page_item page-item-4585\"><a href=\"https:\/\/www.artemrede.pt\/en\/boba-corte-convocatoria\/\">BOBA DA CORTE | CONVOCAT\u00d3RIA<\/a><\/li>\n<li class=\"page_item page-item-95\"><a href=\"https:\/\/www.artemrede.pt\/en\/capacitacao\/\">Capacity Building<\/a><\/li>\n<li class=\"page_item page-item-4275\"><a href=\"https:\/\/www.artemrede.pt\/en\/cc2030\/\">CC2030<\/a><\/li>\n<li class=\"page_item page-item-4097\"><a href=\"https:\/\/www.artemrede.pt\/en\/forum-politico-2024\/\">COMPROMISSO &#8211; F\u00f3rum Pol\u00edtico da Artemrede<\/a><\/li>\n<li class=\"page_item page-item-2\"><a href=\"https:\/\/www.artemrede.pt\/en\/compromisso-cultura-2030\/\">Compromisso Cultura 2030<\/a><\/li>\n<li class=\"page_item page-item-45\"><a href=\"https:\/\/www.artemrede.pt\/en\/contacto\/\">Contact<\/a><\/li>\n<li class=\"page_item page-item-1220\"><a href=\"https:\/\/www.artemrede.pt\/en\/contacto-e-equipa\/\">Contact and Team<\/a><\/li>\n<li class=\"page_item page-item-3130\"><a href=\"https:\/\/www.artemrede.pt\/en\/coproducoes-2022\/\">Coprodu\u00e7\u00f5es 2022<\/a><\/li>\n<li class=\"page_item page-item-3513\"><a href=\"https:\/\/www.artemrede.pt\/en\/coproducoes-2023\/\">Coprodu\u00e7\u00f5es 2023<\/a><\/li>\n<li class=\"page_item page-item-3897\"><a href=\"https:\/\/www.artemrede.pt\/en\/coproducoes-2024\/\">Coprodu\u00e7\u00f5es 2024<\/a><\/li>\n<li class=\"page_item page-item-4323\"><a href=\"https:\/\/www.artemrede.pt\/en\/coproducoes-2024-copy\/\">Coprodu\u00e7\u00f5es 2025<\/a><\/li>\n<li class=\"page_item page-item-3113\"><a href=\"https:\/\/www.artemrede.pt\/en\/era-como-um-filme\/\">Era como um filme<\/a><\/li>\n<li class=\"page_item page-item-3205\"><a href=\"https:\/\/www.artemrede.pt\/en\/estagio-sp\/\">Est\u00e1gio Artemrede SP<\/a><\/li>\n<li class=\"page_item page-item-1853\"><a href=\"https:\/\/www.artemrede.pt\/en\/home\/\">Eu sou ARTEMREDE<\/a><\/li>\n<li class=\"page_item page-item-1799\"><a href=\"https:\/\/www.artemrede.pt\/en\/manobras\/\">MANOBRAS Festival<\/a><\/li>\n<li class=\"page_item page-item-2241\"><a href=\"https:\/\/www.artemrede.pt\/en\/manobras-2\/\">Festival MANOBRAS PRIMAVERA [TRABALHAR AQUI]<\/a><\/li>\n<li class=\"page_item page-item-1171\"><a href=\"https:\/\/www.artemrede.pt\/en\/formacao\/\">Forma\u00e7\u00e3o<\/a><\/li>\n<li class=\"page_item page-item-1188\"><a href=\"https:\/\/www.artemrede.pt\/en\/forum-politico\/\">Political Forum<\/a><\/li>\n<li class=\"page_item page-item-1070 page_item_has_children\"><a href=\"https:\/\/www.artemrede.pt\/en\/\">Gaya de Medeiros<\/a>\n<ul class='children'>\n\t<li class=\"page_item page-item-1142\"><a href=\"https:\/\/www.artemrede.pt\/en\/home-2\/pessoas\/\">People<\/a><\/li>\n\t<li class=\"page_item page-item-1170\"><a href=\"https:\/\/www.artemrede.pt\/en\/home-2\/projetos-activos\/\">Active Projects<\/a><\/li>\n\t<li class=\"page_item page-item-683\"><a href=\"https:\/\/www.artemrede.pt\/en\/home-2\/territorios\/\">Territories<\/a><\/li>\n<\/ul>\n<\/li>\n<li class=\"page_item page-item-1553\"><a href=\"https:\/\/www.artemrede.pt\/en\/historico-de-programacao\/\">Hist\u00f3rico de Programa\u00e7\u00e3o<\/a><\/li>\n<li class=\"page_item page-item-2841\"><a href=\"https:\/\/www.artemrede.pt\/en\/impulso-2\/\">IMPULSO &#8211; Conclus\u00f5es<\/a><\/li>\n<li class=\"page_item page-item-2397\"><a href=\"https:\/\/www.artemrede.pt\/en\/impulso\/\">IMPULSO &#8211; F\u00f3rum Pol\u00edtico da Artemrede<\/a><\/li>\n<li class=\"page_item page-item-3958\"><a href=\"https:\/\/www.artemrede.pt\/en\/jam-form\/\">JAM!<\/a><\/li>\n<li class=\"page_item page-item-107\"><a href=\"https:\/\/www.artemrede.pt\/en\/mapa-do-site\/\">Site map<\/a><\/li>\n<li class=\"page_item page-item-2711\"><a href=\"https:\/\/www.artemrede.pt\/en\/meio-no-meio-microsite\/\">MEIO no MEIO Microsite<\/a><\/li>\n<li class=\"page_item page-item-151\"><a href=\"https:\/\/www.artemrede.pt\/en\/missao-e-identidade\/\">Mission and Identity<\/a><\/li>\n<li class=\"page_item page-item-3086\"><a href=\"https:\/\/www.artemrede.pt\/en\/mundo-novo\/\">MUNDO NOVO<\/a><\/li>\n<li class=\"page_item page-item-1447\"><a href=\"https:\/\/www.artemrede.pt\/en\/newsletter-artemrede\/\">Newsletter Artemrede<\/a><\/li>\n<li class=\"page_item page-item-1838\"><a href=\"https:\/\/www.artemrede.pt\/en\/obrigado-por-subscrever-a-nossa-newsletter\/\">Obrigado por subscrever a nossa newsletter<\/a><\/li>\n<li class=\"page_item page-item-4569\"><a href=\"https:\/\/www.artemrede.pt\/en\/livro-de-si-inscricao\/\">Oficinas Livro de Si | INSCRI\u00c7\u00c3O<\/a><\/li>\n<li class=\"page_item page-item-1204\"><a href=\"https:\/\/www.artemrede.pt\/en\/orgaos-sociais\/\">Social Entities<\/a><\/li>\n<li class=\"page_item page-item-1206\"><a href=\"https:\/\/www.artemrede.pt\/en\/plano-estrategico-2\/\">Plano Estrat\u00e9gico &#8211;<\/a><\/li>\n<li class=\"page_item page-item-4280\"><a href=\"https:\/\/www.artemrede.pt\/en\/plano-estrategico-2025\/\">Plano Estrat\u00e9gico 2025-2027<\/a><\/li>\n<li class=\"page_item page-item-111\"><a href=\"https:\/\/www.artemrede.pt\/en\/politica-de-privacidade\/\">Privacy Policy<\/a><\/li>\n<li class=\"page_item page-item-1552\"><a href=\"https:\/\/www.artemrede.pt\/en\/projetos-concluidos\/\">Completed Projects<\/a><\/li>\n<li class=\"page_item page-item-2090\"><a href=\"https:\/\/www.artemrede.pt\/en\/proposta-visionarios\/\">Proposta Vision\u00e1rios<\/a><\/li>\n<li class=\"page_item page-item-2934\"><a href=\"https:\/\/www.artemrede.pt\/en\/proposta-visionarios-2\/\">Proposta Vision\u00e1rios 2021<\/a><\/li>\n<li class=\"page_item page-item-4542\"><a href=\"https:\/\/www.artemrede.pt\/en\/coproducoes-2024-copy-copy\/\">Proposta Vision\u00e1rios 2025<\/a><\/li>\n<li class=\"page_item page-item-1192\"><a href=\"https:\/\/www.artemrede.pt\/en\/publicacoes\/\">Publica\u00e7\u00f5es<\/a><\/li>\n<li class=\"page_item page-item-4442\"><a href=\"https:\/\/www.artemrede.pt\/en\/que-futuros-criamos-juntos\/\">Que Futuros Criamos Juntos?<\/a><\/li>\n<li class=\"page_item page-item-3935\"><a href=\"https:\/\/www.artemrede.pt\/en\/relatorios-e-contas\/\">Relat\u00f3rios e Contas<\/a><\/li>\n<li class=\"page_item page-item-3475\"><a href=\"https:\/\/www.artemrede.pt\/en\/stronger-peripheries-call-tarefas\/\">SP call conector Pombal-tarefas<\/a><\/li>\n<li class=\"page_item page-item-4099\"><a href=\"https:\/\/www.artemrede.pt\/en\/sul-sueste\/\">Sul Sueste<\/a><\/li>\n<li class=\"page_item page-item-1158\"><a href=\"https:\/\/www.artemrede.pt\/en\/temporada-2020-2021\/\">Season 2020\/2021<\/a><\/li>\n<li class=\"page_item page-item-2937\"><a href=\"https:\/\/www.artemrede.pt\/en\/temporada-2020-2021-2\/\">Temporada 2021\/2022<\/a><\/li>\n<li class=\"page_item page-item-3515\"><a href=\"https:\/\/www.artemrede.pt\/en\/temporada-2022-2023\/\">Temporada 2022\/2023<\/a><\/li>\n<li class=\"page_item page-item-3700\"><a href=\"https:\/\/www.artemrede.pt\/en\/temporada-2022-2023-copy\/\">Temporada 2023\/2024<\/a><\/li>\n<li class=\"page_item page-item-93\"><a href=\"https:\/\/www.artemrede.pt\/en\/territorios\/\">Territories<\/a><\/li>\n<li class=\"page_item page-item-1071 current_page_parent\"><a href=\"https:\/\/www.artemrede.pt\/en\/blog\/\">\u00daltimas em Rede<\/a><\/li>\n\n<\/ul>","protected":false},"excerpt":{"rendered":"<div class=\"entry-summary\">\n<div class=\"entry-summary\">\nSite map\n<\/div>\n<div class=\"link-more\"><a href=\"https:\/\/www.artemrede.pt\/en\/mapa-do-site\/\" class=\"more-link\">Continue reading<span class=\"screen-reader-text\"> &ldquo;Mapa do Site&rdquo;<\/span>&hellip;<\/a><\/div>\n<\/div>\n<div class=\"link-more\"><a href=\"https:\/\/www.artemrede.pt\/en\/mapa-do-site\/\" class=\"more-link\">Continue reading<span class=\"screen-reader-text\"> &ldquo;Mapa do Site&rdquo;<\/span>&hellip;<\/a><\/div>","protected":false},"author":1,"featured_media":0,"parent":0,"menu_order":0,"comment_status":"closed","ping_status":"closed","template":"","meta":{"om_disable_all_campaigns":false,"_monsterinsights_skip_tracking":false,"_monsterinsights_sitenote_active":false,"_monsterinsights_sitenote_note":"","_monsterinsights_sitenote_category":0,"footnotes":""},"class_list":["post-107","page","type-page","status-publish","hentry","entry"],"aioseo_notices":[],"uagb_featured_image_src":{"full":false,"thumbnail":false,"medium":false,"medium_large":false,"large":false,"1536x1536":false,"2048x2048":false,"trp-custom-language-flag":false,"icelander-thumbnail":false,"icelander-square":false,"icelander-intro":false},"uagb_author_info":{"display_name":"invisiblepgt","author_link":"https:\/\/www.artemrede.pt\/en\/author\/invisiblepgt\/"},"uagb_comment_info":0,"uagb_excerpt":"Mapa do Site Continue reading &ldquo;Mapa do Site&rdquo;&hellip;","_links":{"self":[{"href":"https:\/\/www.artemrede.pt\/en\/wp-json\/wp\/v2\/pages\/107","targetHints":{"allow":["GET"]}}],"collection":[{"href":"https:\/\/www.artemrede.pt\/en\/wp-json\/wp\/v2\/pages"}],"about":[{"href":"https:\/\/www.artemrede.pt\/en\/wp-json\/wp\/v2\/types\/page"}],"author":[{"embeddable":true,"href":"https:\/\/www.artemrede.pt\/en\/wp-json\/wp\/v2\/users\/1"}],"replies":[{"embeddable":true,"href":"https:\/\/www.artemrede.pt\/en\/wp-json\/wp\/v2\/comments?post=107"}],"version-history":[{"count":11,"href":"https:\/\/www.artemrede.pt\/en\/wp-json\/wp\/v2\/pages\/107\/revisions"}],"predecessor-version":[{"id":1602,"href":"https:\/\/www.artemrede.pt\/en\/wp-json\/wp\/v2\/pages\/107\/revisions\/1602"}],"wp:attachment":[{"href":"https:\/\/www.artemrede.pt\/en\/wp-json\/wp\/v2\/media?parent=107"}],"curies":[{"name":"wp","href":"https:\/\/api.w.org\/{rel}","templated":true}]}}